{"id":9719,"date":"2020-04-28T13:29:19","date_gmt":"2020-04-28T11:29:19","guid":{"rendered":"http:\/\/www.apn.ostroleka.pl\/?page_id=9719"},"modified":"2020-04-28T13:29:19","modified_gmt":"2020-04-28T11:29:19","slug":"sms","status":"publish","type":"page","link":"http:\/\/www.apn.ostroleka.pl\/?page_id=9719","title":{"rendered":"SMS"},"content":{"rendered":"<p style=\"text-align: center;\"><strong>Liceum Mistrzostwa Sportowego pod patronatem Ostro\u0142\u0119ckiej Akademii Pi\u0142ki No\u017cnej<\/strong><\/p>\n<p style=\"text-align: center;\">VI Liceum Og\u00f3lnokszta\u0142c\u0105ce w Ostro\u0142\u0119ce<br \/>\n<span style=\"font-size: 1rem;\">ul. Czwartak\u00f3w 4,\u00a0<\/span><span style=\"font-size: 1rem;\">07-401 Ostro\u0142\u0119ka<\/span><\/p>\n<p><img loading=\"lazy\" class=\"aligncenter size-large wp-image-9695\" src=\"http:\/\/www.apn.ostroleka.pl\/wp-content\/uploads\/sms_2020-800x455.png\" alt=\"\" width=\"735\" height=\"418\" srcset=\"http:\/\/www.apn.ostroleka.pl\/wp-content\/uploads\/sms_2020-800x455.png 800w, http:\/\/www.apn.ostroleka.pl\/wp-content\/uploads\/sms_2020-300x171.png 300w, http:\/\/www.apn.ostroleka.pl\/wp-content\/uploads\/sms_2020-768x437.png 768w, http:\/\/www.apn.ostroleka.pl\/wp-content\/uploads\/sms_2020.png 1600w\" sizes=\"(max-width: 735px) 100vw, 735px\" \/><\/p>\n<p style=\"text-align: justify;\">Zapraszamy do wzi\u0119cia udzia\u0142u w szkoleniu sportowym w Liceum Mistrzostwa Sportowego, dzia\u0142aj\u0105cym pod patronatem Ostro\u0142\u0119ckiej Akademii Pi\u0142ki No\u017cnej, w ramach opracowanego przez nas szkolenia i pod opiek\u0105 naszych profesjonalnych trener\u00f3w.<\/p>\n<p><strong>Z dniem 28 kwietnia rozpoczynamy wst\u0119pny nab\u00f3r ch\u0119tnych, w celu przeprowadzenia test\u00f3w sportowych do klas(y) liceum.<br \/>\n<\/strong><\/p>\n<p style=\"text-align: justify;\">Prosimy ch\u0119tnych o <span style=\"text-decoration: underline;\">pobranie i wype\u0142nienie<\/span> poni\u017cszych dokument\u00f3w oraz <span style=\"text-decoration: underline;\">odes\u0142anie ich wype\u0142nionych skan\u00f3w<\/span> na adres e-mail\u00a0<strong>apnostroleka@gmail.com\u00a0<\/strong>Prosimy tak\u017ce o za\u0142\u0105czenie profilowego zdj\u0119cia ucznia-zawodnika w dobrej jako\u015bci i wielko\u015bci pliku nieprzekraczaj\u0105cym 5 MB.<\/p>\n<p><a href=\"http:\/\/www.apn.ostroleka.pl\/wp-content\/uploads\/zgloszenie-testy-sms.pdf\"><img loading=\"lazy\" class=\"wp-image-6428 alignnone\" src=\"http:\/\/www.apn.ostroleka.pl\/wp-content\/uploads\/pdf.png\" alt=\"\" width=\"30\" height=\"30\" srcset=\"http:\/\/www.apn.ostroleka.pl\/wp-content\/uploads\/pdf.png 128w, http:\/\/www.apn.ostroleka.pl\/wp-content\/uploads\/pdf-100x100.png 100w, http:\/\/www.apn.ostroleka.pl\/wp-content\/uploads\/pdf-50x50.png 50w, http:\/\/www.apn.ostroleka.pl\/wp-content\/uploads\/pdf-25x25.png 25w\" sizes=\"(max-width: 30px) 100vw, 30px\" \/><\/a>\u00a0 <span style=\"color: #3366ff;\"><a style=\"color: #3366ff;\" href=\"http:\/\/www.apn.ostroleka.pl\/wp-content\/uploads\/zgloszenie-testy-sms.pdf\">Zg\u0142oszenie na testy do Liceum Mistrzostwa Sportowego<\/a><\/span><\/p>\n<p><a href=\"http:\/\/www.apn.ostroleka.pl\/wp-content\/uploads\/karta-informacyjna-sms.pdf\"><img loading=\"lazy\" class=\"wp-image-6428 alignnone\" src=\"http:\/\/www.apn.ostroleka.pl\/wp-content\/uploads\/pdf.png\" alt=\"\" width=\"30\" height=\"30\" srcset=\"http:\/\/www.apn.ostroleka.pl\/wp-content\/uploads\/pdf.png 128w, http:\/\/www.apn.ostroleka.pl\/wp-content\/uploads\/pdf-100x100.png 100w, http:\/\/www.apn.ostroleka.pl\/wp-content\/uploads\/pdf-50x50.png 50w, http:\/\/www.apn.ostroleka.pl\/wp-content\/uploads\/pdf-25x25.png 25w\" sizes=\"(max-width: 30px) 100vw, 30px\" \/>\u00a0<span style=\"color: #3366ff;\">Karta informacyjna o zawodniku-uczniu zg\u0142aszanym na testy<\/span><\/a><\/p>\n<hr \/>\n<p>Informacyjnie zamieszczamy r\u00f3wnie\u017c zakres test\u00f3w wed\u0142ug wskaz\u00f3wek Polskiego Zwi\u0105zku Pi\u0142ki No\u017cnej &#8211;\u00a0\u00a0<a href=\"http:\/\/www.apn.ostroleka.pl\/wp-content\/uploads\/testy-sms.pdf\"><img loading=\"lazy\" class=\" wp-image-6428 alignnone\" src=\"http:\/\/www.apn.ostroleka.pl\/wp-content\/uploads\/pdf.png\" alt=\"\" width=\"27\" height=\"27\" srcset=\"http:\/\/www.apn.ostroleka.pl\/wp-content\/uploads\/pdf.png 128w, http:\/\/www.apn.ostroleka.pl\/wp-content\/uploads\/pdf-100x100.png 100w, http:\/\/www.apn.ostroleka.pl\/wp-content\/uploads\/pdf-50x50.png 50w, http:\/\/www.apn.ostroleka.pl\/wp-content\/uploads\/pdf-25x25.png 25w\" sizes=\"(max-width: 27px) 100vw, 27px\" \/><\/a>\u00a0<span style=\"color: #99cc00;\"><a style=\"color: #99cc00;\" href=\"http:\/\/www.apn.ostroleka.pl\/wp-content\/uploads\/testy-sms.pdf\"><strong>tutaj<\/strong><\/a><\/span><\/p>\n<p style=\"text-align: justify;\"><strong>Uwaga: Nab\u00f3r na rok szkolny 2020\/2021 dotyczy ch\u0142opc\u00f3w urodzonych w 2005 roku oraz m\u0142odszych ch\u0142opc\u00f3w, kt\u00f3rzy wcze\u015bniej rozpocz\u0119li nauk\u0119 szkoln\u0105 i byli w teraz w VIII klasie.<\/strong><\/p>\n<p style=\"text-align: justify;\">Kolejne wiadomo\u015bci pojawia\u0107 si\u0119 b\u0119d\u0105 tak\u017ce na oficjalnej stronie szko\u0142y ZSZ 2, w ramach kt\u00f3rej dzia\u0142a LMS\u00a0<strong>www.zsz2.ostroleka.edu.pl<\/strong>.<\/p>\n<p style=\"text-align: center;\"><iframe loading=\"lazy\" src=\"https:\/\/www.youtube.com\/embed\/87pxDgi5dzQ?start=124\" width=\"560\" height=\"315\" frameborder=\"0\" allowfullscreen=\"allowfullscreen\"><\/iframe><\/p>\n","protected":false},"excerpt":{"rendered":"<p>Liceum Mistrzostwa Sportowego pod patronatem Ostro\u0142\u0119ckiej Akademii Pi\u0142ki No\u017cnej VI Liceum Og\u00f3lnokszta\u0142c\u0105ce w Ostro\u0142\u0119ce ul. Czwartak\u00f3w 4,\u00a007-401 Ostro\u0142\u0119ka Zapraszamy do wzi\u0119cia udzia\u0142u w szkoleniu sportowym w Liceum Mistrzostwa Sportowego, dzia\u0142aj\u0105cym &hellip; <\/p>\n","protected":false},"author":1,"featured_media":0,"parent":0,"menu_order":0,"comment_status":"closed","ping_status":"closed","template":"","meta":[],"_links":{"self":[{"href":"http:\/\/www.apn.ostroleka.pl\/index.php?rest_route=\/wp\/v2\/pages\/9719"}],"collection":[{"href":"http:\/\/www.apn.ostroleka.pl\/index.php?rest_route=\/wp\/v2\/pages"}],"about":[{"href":"http:\/\/www.apn.ostroleka.pl\/index.php?rest_route=\/wp\/v2\/types\/page"}],"author":[{"embeddable":true,"href":"http:\/\/www.apn.ostroleka.pl\/index.php?rest_route=\/wp\/v2\/users\/1"}],"replies":[{"embeddable":true,"href":"http:\/\/www.apn.ostroleka.pl\/index.php?rest_route=%2Fwp%2Fv2%2Fcomments&post=9719"}],"version-history":[{"count":1,"href":"http:\/\/www.apn.ostroleka.pl\/index.php?rest_route=\/wp\/v2\/pages\/9719\/revisions"}],"predecessor-version":[{"id":9723,"href":"http:\/\/www.apn.ostroleka.pl\/index.php?rest_route=\/wp\/v2\/pages\/9719\/revisions\/9723"}],"wp:attachment":[{"href":"http:\/\/www.apn.ostroleka.pl\/index.php?rest_route=%2Fwp%2Fv2%2Fmedia&parent=9719"}],"curies":[{"name":"wp","href":"https:\/\/api.w.org\/{rel}","templated":true}]}}