{"id":9637,"date":"2019-11-25T14:29:54","date_gmt":"2019-11-25T12:29:54","guid":{"rendered":"http:\/\/www.apn.ostroleka.pl\/?page_id=9637"},"modified":"2020-12-02T14:45:56","modified_gmt":"2020-12-02T12:45:56","slug":"apn-orlik-cup-u9","status":"publish","type":"page","link":"http:\/\/www.apn.ostroleka.pl\/?page_id=9637","title":{"rendered":"APN Orlik Cup (U9)"},"content":{"rendered":"<p><img loading=\"lazy\" class=\"aligncenter size-large wp-image-9575\" src=\"http:\/\/www.apn.ostroleka.pl\/wp-content\/uploads\/orlik-cup-2019-800x455.jpg\" alt=\"\" width=\"735\" height=\"418\" srcset=\"http:\/\/www.apn.ostroleka.pl\/wp-content\/uploads\/orlik-cup-2019.jpg 800w, http:\/\/www.apn.ostroleka.pl\/wp-content\/uploads\/orlik-cup-2019-300x171.jpg 300w, http:\/\/www.apn.ostroleka.pl\/wp-content\/uploads\/orlik-cup-2019-768x437.jpg 768w\" sizes=\"(max-width: 735px) 100vw, 735px\" \/><\/p>\n<p style=\"text-align: justify;\">Jesieni\u0105 2019 roku zainaugurowali\u015bmy trzeci cykl turniej\u00f3w, organizowanych przez Ostro\u0142\u0119ck\u0105 Akademi\u0119 Pi\u0142ki No\u017cnej. Tym razem jest to turniej dla ch\u0142opc\u00f3w o\u015bmioletnich, z grup orlika U9. Rozgrywamy go na boisku w\u0142a\u015bnie typu &#8222;orlik&#8221;. Zamys\u0142 jest taki, aby na APN Orlik Cup nasi zawodnicy, oraz ich koledzy z najbli\u017cszej okolicy, zbierali pierwsze do\u015bwiadczenia turniejowe. Kolejnym krokiem jest APN Winter Cup, na kt\u00f3rym rywalizowa\u0107 mog\u0105 ju\u017c z mocniejszymi zespo\u0142ami, a wreszcie po dw\u00f3ch latach dochodz\u0105 do APN Cup, by zagra\u0107 w turnieju og\u00f3lnopolskim.<\/p>\n<p style=\"text-align: justify;\">Poni\u017cej przypominamy poszczeg\u00f3lne edycje APN Orlik Cup.<\/p>\n<p style=\"text-align: center;\"><span style=\"text-align: center; font-size: 1rem;\">&#8212;&#8212;&#8212;&#8212;&#8212;&#8212;&#8211;<\/span><\/p>\n<p>&nbsp;<\/p>\n<table>\n<tbody>\n<tr>\n<td><span style=\"text-decoration: underline;\">Rok, miejsce<\/span><\/td>\n<td><span style=\"text-decoration: underline;\">Roczniki<\/span><\/td>\n<td><span style=\"text-decoration: underline;\">Zwyci\u0119zca<\/span><\/td>\n<td><span style=\"text-decoration: underline;\">Relacja<\/span><\/td>\n<\/tr>\n<tr>\n<td>2019, Ostro\u0142\u0119ka<\/td>\n<td>2009<\/td>\n<td><span style=\"color: #ff0000;\"><strong>APN Ostro\u0142\u0119ka<\/strong><\/span><\/td>\n<td><a href=\"http:\/\/www.apn.ostroleka.pl\/?p=9584\"><strong>LINK<\/strong><\/a><\/td>\n<\/tr>\n<tr>\n<td>2020, Ostro\u0142\u0119ka<\/td>\n<td>2010<\/td>\n<td><span style=\"color: #ff0000;\"><strong>APN Ostro\u0142\u0119ka<\/strong><\/span><\/td>\n<td><a href=\"http:\/\/www.apn.ostroleka.pl\/?p=9841\"><strong>LINK<\/strong><\/a><\/td>\n<\/tr>\n<\/tbody>\n<\/table>\n","protected":false},"excerpt":{"rendered":"<p>Jesieni\u0105 2019 roku zainaugurowali\u015bmy trzeci cykl turniej\u00f3w, organizowanych przez Ostro\u0142\u0119ck\u0105 Akademi\u0119 Pi\u0142ki No\u017cnej. Tym razem jest to turniej dla ch\u0142opc\u00f3w o\u015bmioletnich, z grup orlika U9. Rozgrywamy go na boisku w\u0142a\u015bnie &hellip; <\/p>\n","protected":false},"author":1,"featured_media":0,"parent":0,"menu_order":0,"comment_status":"closed","ping_status":"closed","template":"","meta":[],"_links":{"self":[{"href":"http:\/\/www.apn.ostroleka.pl\/index.php?rest_route=\/wp\/v2\/pages\/9637"}],"collection":[{"href":"http:\/\/www.apn.ostroleka.pl\/index.php?rest_route=\/wp\/v2\/pages"}],"about":[{"href":"http:\/\/www.apn.ostroleka.pl\/index.php?rest_route=\/wp\/v2\/types\/page"}],"author":[{"embeddable":true,"href":"http:\/\/www.apn.ostroleka.pl\/index.php?rest_route=\/wp\/v2\/users\/1"}],"replies":[{"embeddable":true,"href":"http:\/\/www.apn.ostroleka.pl\/index.php?rest_route=%2Fwp%2Fv2%2Fcomments&post=9637"}],"version-history":[{"count":2,"href":"http:\/\/www.apn.ostroleka.pl\/index.php?rest_route=\/wp\/v2\/pages\/9637\/revisions"}],"predecessor-version":[{"id":9860,"href":"http:\/\/www.apn.ostroleka.pl\/index.php?rest_route=\/wp\/v2\/pages\/9637\/revisions\/9860"}],"wp:attachment":[{"href":"http:\/\/www.apn.ostroleka.pl\/index.php?rest_route=%2Fwp%2Fv2%2Fmedia&parent=9637"}],"curies":[{"name":"wp","href":"https:\/\/api.w.org\/{rel}","templated":true}]}}