{"id":9635,"date":"2019-11-25T14:25:36","date_gmt":"2019-11-25T12:25:36","guid":{"rendered":"http:\/\/www.apn.ostroleka.pl\/?page_id=9635"},"modified":"2019-11-25T14:25:36","modified_gmt":"2019-11-25T12:25:36","slug":"apn-winter-cup-u10","status":"publish","type":"page","link":"http:\/\/www.apn.ostroleka.pl\/?page_id=9635","title":{"rendered":"APN Winter Cup (U10)"},"content":{"rendered":"<p><img loading=\"lazy\" class=\"aligncenter size-large wp-image-9628\" src=\"http:\/\/www.apn.ostroleka.pl\/wp-content\/uploads\/apnwinter19_01-800x450.jpg\" alt=\"\" width=\"735\" height=\"413\" srcset=\"http:\/\/www.apn.ostroleka.pl\/wp-content\/uploads\/apnwinter19_01-800x450.jpg 800w, http:\/\/www.apn.ostroleka.pl\/wp-content\/uploads\/apnwinter19_01-300x169.jpg 300w, http:\/\/www.apn.ostroleka.pl\/wp-content\/uploads\/apnwinter19_01-768x432.jpg 768w, http:\/\/www.apn.ostroleka.pl\/wp-content\/uploads\/apnwinter19_01.jpg 960w\" sizes=\"(max-width: 735px) 100vw, 735px\" \/><\/p>\n<p style=\"text-align: justify;\">Turniej APN Winter Cup jest organizowany pod koniec listopada, od 2018 roku. W za\u0142o\u017ceniu jest to halowy turniej dla dziewi\u0119ciolatk\u00f3w.<\/p>\n<p style=\"text-align: justify;\">Poni\u017cej przypominamy poszczeg\u00f3lne edycje APN Winter Cup.<\/p>\n<p style=\"text-align: center;\"><span style=\"text-align: center; font-size: 1rem;\">&#8212;&#8212;&#8212;&#8212;&#8212;&#8212;&#8211;<\/span><\/p>\n<p>&nbsp;<\/p>\n<table>\n<tbody>\n<tr>\n<td><span style=\"text-decoration: underline;\">Rok, miejsce<\/span><\/td>\n<td><span style=\"text-decoration: underline;\">Roczniki<\/span><\/td>\n<td><span style=\"text-decoration: underline;\">Zwyci\u0119zca<\/span><\/td>\n<td><span style=\"text-decoration: underline;\">Relacja<\/span><\/td>\n<\/tr>\n<tr>\n<td>2018, Ostro\u0142\u0119ka<\/td>\n<td>2009<\/td>\n<td>Talent Bia\u0142ystok<\/td>\n<td><a href=\"http:\/\/www.apn.ostroleka.pl\/?p=9416\"><strong>LINK<\/strong><\/a><\/td>\n<\/tr>\n<tr>\n<td>2019, Ostro\u0142\u0119ka<\/td>\n<td>2010<\/td>\n<td>Korona Ostro\u0142\u0119ka<\/td>\n<td><strong><a href=\"http:\/\/www.apn.ostroleka.pl\/?p=9623\">LINK<\/a><\/strong><\/td>\n<\/tr>\n<\/tbody>\n<\/table>\n","protected":false},"excerpt":{"rendered":"<p>Turniej APN Winter Cup jest organizowany pod koniec listopada, od 2018 roku. W za\u0142o\u017ceniu jest to halowy turniej dla dziewi\u0119ciolatk\u00f3w. Poni\u017cej przypominamy poszczeg\u00f3lne edycje APN Winter Cup. &#8212;&#8212;&#8212;&#8212;&#8212;&#8212;&#8211; &nbsp; Rok, &hellip; <\/p>\n","protected":false},"author":1,"featured_media":0,"parent":0,"menu_order":0,"comment_status":"closed","ping_status":"closed","template":"","meta":[],"_links":{"self":[{"href":"http:\/\/www.apn.ostroleka.pl\/index.php?rest_route=\/wp\/v2\/pages\/9635"}],"collection":[{"href":"http:\/\/www.apn.ostroleka.pl\/index.php?rest_route=\/wp\/v2\/pages"}],"about":[{"href":"http:\/\/www.apn.ostroleka.pl\/index.php?rest_route=\/wp\/v2\/types\/page"}],"author":[{"embeddable":true,"href":"http:\/\/www.apn.ostroleka.pl\/index.php?rest_route=\/wp\/v2\/users\/1"}],"replies":[{"embeddable":true,"href":"http:\/\/www.apn.ostroleka.pl\/index.php?rest_route=%2Fwp%2Fv2%2Fcomments&post=9635"}],"version-history":[{"count":1,"href":"http:\/\/www.apn.ostroleka.pl\/index.php?rest_route=\/wp\/v2\/pages\/9635\/revisions"}],"predecessor-version":[{"id":9636,"href":"http:\/\/www.apn.ostroleka.pl\/index.php?rest_route=\/wp\/v2\/pages\/9635\/revisions\/9636"}],"wp:attachment":[{"href":"http:\/\/www.apn.ostroleka.pl\/index.php?rest_route=%2Fwp%2Fv2%2Fmedia&parent=9635"}],"curies":[{"name":"wp","href":"https:\/\/api.w.org\/{rel}","templated":true}]}}