{"id":6801,"date":"2016-09-12T12:58:55","date_gmt":"2016-09-12T10:58:55","guid":{"rendered":"http:\/\/www.apn.ostroleka.pl\/?page_id=6801"},"modified":"2017-07-21T12:07:18","modified_gmt":"2017-07-21T10:07:18","slug":"liga-orlikow-201617-u-11","status":"publish","type":"page","link":"http:\/\/www.apn.ostroleka.pl\/?page_id=6801","title":{"rendered":"Liga Orlik\u00f3w U-11 (2016\/17)"},"content":{"rendered":"<p><img loading=\"lazy\" class=\"aligncenter size-large wp-image-6752\" src=\"http:\/\/www.apn.ostroleka.pl\/wp-content\/uploads\/IMG_0305-800x600.jpg\" alt=\"img_0305\" width=\"800\" height=\"600\" srcset=\"http:\/\/www.apn.ostroleka.pl\/wp-content\/uploads\/IMG_0305.jpg 800w, http:\/\/www.apn.ostroleka.pl\/wp-content\/uploads\/IMG_0305-300x225.jpg 300w, http:\/\/www.apn.ostroleka.pl\/wp-content\/uploads\/IMG_0305-768x576.jpg 768w, http:\/\/www.apn.ostroleka.pl\/wp-content\/uploads\/IMG_0305-100x75.jpg 100w, http:\/\/www.apn.ostroleka.pl\/wp-content\/uploads\/IMG_0305-50x38.jpg 50w, http:\/\/www.apn.ostroleka.pl\/wp-content\/uploads\/IMG_0305-25x19.jpg 25w\" sizes=\"(max-width: 800px) 100vw, 800px\" \/><\/p>\n<p style=\"text-align: center;\"><strong>Liga Okr\u0119gowa Orlik\u00f3w E1 (U-11) &#8211; sezon 2016\/17<\/strong><\/p>\n<p style=\"text-align: justify;\"><strong>Zawodnicy, kt\u00f3rzy zagrali w lidze:<\/strong><\/p>\n<ol>\n<li style=\"text-align: justify;\">Blat Kacper &#8211; 9 mecz\u00f3w<\/li>\n<li style=\"text-align: justify;\">Borowiecki Dominik &#8211; 11 mecz\u00f3w, 35 bramek (!)<\/li>\n<li style=\"text-align: justify;\">Ci\u0119\u017car Borys &#8211; 8 mecz\u00f3w, 16 bramek (!)<\/li>\n<li style=\"text-align: justify;\">Dymarczyk Wojciech &#8211; 9 mecz\u00f3w, 11 bramek<\/li>\n<li style=\"text-align: justify;\">Godlewski Maciej &#8211; 2 mecze<\/li>\n<li style=\"text-align: justify;\">Go\u0142aszewski Bartosz &#8211; 11 mecz\u00f3w, 31 bramek (!)<\/li>\n<li style=\"text-align: justify;\">Jastrz\u0119bski Franciszek &#8211; 5 mecz\u00f3w, 6 bramek<\/li>\n<li style=\"text-align: justify;\">Mierzejewski Alex &#8211; 5 mecz\u00f3w (bramkarz)<\/li>\n<li style=\"text-align: justify;\">Olszewski Igor &#8211; 11 mecz\u00f3w, 14 bramek<\/li>\n<li style=\"text-align: justify;\">Piersa Marcel &#8211; 1 mecz<\/li>\n<li style=\"text-align: justify;\">Popielarz Szymon &#8211; 2 mecze, 3 bramki<\/li>\n<li style=\"text-align: justify;\">Radzi\u0144ski Olaf &#8211; 10 mecz\u00f3w, 4 bramki<\/li>\n<li style=\"text-align: justify;\">Sikorski Jakub &#8211; 9 mecz\u00f3w, 12 bramek<\/li>\n<li style=\"text-align: justify;\">Skorupski Dawid &#8211; 1 mecz, 1 bramka<\/li>\n<li style=\"text-align: justify;\">Stachacz Oliwier &#8211; 7 mecz\u00f3w, 3 bramki<\/li>\n<li style=\"text-align: justify;\">Stolarczyk Karol &#8211; 10 mecz\u00f3w (bramkarz)<\/li>\n<li style=\"text-align: justify;\">Stolarczyk Szymon &#8211; 2 mecze<\/li>\n<li style=\"text-align: justify;\">Szymczyk Miko\u0142aj &#8211; 3 mezce<\/li>\n<li style=\"text-align: justify;\">Tadrzak Tymon &#8211; 8 mecz\u00f3w, 2 bramki<\/li>\n<li style=\"text-align: justify;\">Trzci\u0144ski Jakub &#8211; 6 mecz\u00f3w, 12 bramek (!)<\/li>\n<li style=\"text-align: justify;\">Zawalich Jakub &#8211; 7 mecz\u00f3w, 7 bramek<\/li>\n<li style=\"text-align: justify;\">\u017bebrowski Piotr &#8211; 2 mecze<\/li>\n<\/ol>\n<p style=\"text-align: justify;\"><strong>Trener:\u00a0<\/strong><a href=\"http:\/\/www.apn.ostroleka.pl\/?wpcm_staff=kamil-nowak\">Kamil Nowak<\/a>.<br \/>\n<strong>Asystent trenera:<\/strong> <a href=\"http:\/\/www.apn.ostroleka.pl\/?wpcm_staff=arkadiusz-roman\">Arkadiusz Roman<\/a>.<\/p>\n<hr \/>\n<p style=\"text-align: justify;\"><strong>Wyniki:<\/strong><\/p>\n<p style=\"text-align: justify;\">D KS W\u0105sewo 33-0 &#8211; <a href=\"http:\/\/www.apn.ostroleka.pl\/?p=6751\">relacja<\/a><br \/>\nW Korona Ostro\u0142\u0119ka 8-3\u00a0&#8211; <a href=\"http:\/\/www.apn.ostroleka.pl\/?p=6910\">relacja<\/a><br \/>\nD \u015awit Baranowo 13-1\u00a0&#8211; <a href=\"http:\/\/www.apn.ostroleka.pl\/?p=7023\">relacja<\/a><br \/>\nW Rzekunianka Rzeku\u0144 6-1\u00a0&#8211; <a href=\"http:\/\/www.apn.ostroleka.pl\/?p=7108\">relacja<\/a><br \/>\nD Kurpik Kadzid\u0142o 3-0 (walkower)<br \/>\nD Orze\u0142 Sypniewo 3-0 (walkower)<br \/>\nW LUKS Czerwin 13-3\u00a0&#8211; <a href=\"http:\/\/www.apn.ostroleka.pl\/?p=7277\">relacja<\/a><br \/>\nW KS W\u0105sewo 21-3\u00a0&#8211; <a href=\"http:\/\/www.apn.ostroleka.pl\/?p=7914\">relacja<\/a><br \/>\nD Korona Ostro\u0142\u0119ka 13-1\u00a0&#8211; <a href=\"http:\/\/www.apn.ostroleka.pl\/?p=7969\">relacja<\/a>\u00a0<a href=\"http:\/\/www.apn.ostroleka.pl\/?p=7934\">druga<\/a><br \/>\nW \u015awit Baranowo 8-0\u00a0&#8211; <a href=\"http:\/\/www.apn.ostroleka.pl\/?p=8000\">relacja<\/a><br \/>\nD Rzekunianka Rzeku\u0144 2-3\u00a0&#8211; <a href=\"http:\/\/www.apn.ostroleka.pl\/?p=8000\">relacja<\/a><br \/>\nW Kurpik Kadzid\u0142o 19-2\u00a0&#8211; <a href=\"http:\/\/www.apn.ostroleka.pl\/?p=8059\">relacja<\/a><br \/>\nW Orze\u0142 Sypniewo 3-0 (walkower) (<a href=\"http:\/\/www.apn.ostroleka.pl\/?p=8090\">o walkowerze<\/a>)<br \/>\nD LUKS Czerwin 22-6\u00a0&#8211; <a href=\"http:\/\/www.apn.ostroleka.pl\/?p=8150\">relacja<\/a><\/p>\n<p style=\"text-align: justify;\">P.S. Orze\u0142 Sypniewo odda\u0142 walkowerem obydwa mecze z APN-em.<\/p>\n<hr \/>\n<table>\n<tbody>\n<tr>\n<td>Lp.<\/td>\n<td>Dru\u017cyna<\/td>\n<td>Mecze<\/td>\n<td>Bramki<\/td>\n<td>Punkty<\/td>\n<\/tr>\n<tr>\n<td>1.<\/td>\n<td>APN Ostro\u0142\u0119ka<\/td>\n<td>13-0-1<\/td>\n<td>167-22<\/td>\n<td>39<\/td>\n<\/tr>\n<tr>\n<td>2.<\/td>\n<td>\u015awit Baranowo<\/td>\n<td>8-0-6<\/td>\n<td>50-52<\/td>\n<td>24<\/td>\n<\/tr>\n<tr>\n<td>3.<\/td>\n<td>Orze\u0142 Sypniewo<\/td>\n<td>8-0-6<\/td>\n<td>89-51<\/td>\n<td>24<\/td>\n<\/tr>\n<tr>\n<td>4.<\/td>\n<td>Rzekunianka Rzeku\u0144<\/td>\n<td>8-0-6<\/td>\n<td>68-48<\/td>\n<td>24<\/td>\n<\/tr>\n<tr>\n<td>5.<\/td>\n<td>Korona Ostro\u0142\u0119ka<\/td>\n<td>7-1-6<\/td>\n<td>64-65<\/td>\n<td>22<\/td>\n<\/tr>\n<tr>\n<td>6.<\/td>\n<td>LUKS Czerwin<\/td>\n<td>7-0-7<\/td>\n<td>88-92<\/td>\n<td>21<\/td>\n<\/tr>\n<tr>\n<td>7.<\/td>\n<td>KS W\u0105sewo<\/td>\n<td>4-0-10<\/td>\n<td>26-127<\/td>\n<td>12<\/td>\n<\/tr>\n<tr>\n<td>8.<\/td>\n<td>Kurpik Kadzid\u0142o<\/td>\n<td>0-1-13<\/td>\n<td>31-126<\/td>\n<td>1<\/td>\n<\/tr>\n<\/tbody>\n<\/table>\n<p>Kr\u00f3l strzelc\u00f3w ligi:\u00a0Dominik Borowiecki, APN Ostro\u0142\u0119ka, 35 bramek.<\/p>\n<p>100. bramka dla APN-u &#8211; Jakub Trzci\u0144ski, ostatni gol w meczu z W\u0105sewem 10.04.2017.<br \/>\n150. bramka dla APN-u &#8211; Bartosz Go\u0142aszewski, pi\u0105ty gol w meczu z Czerwinem 27.05.2017.<\/p>\n<hr \/>\n<p style=\"text-align: center;\"><a href=\"http:\/\/www.apn.ostroleka.pl\/?page_id=4791\">Archiwum<\/a><\/p>\n","protected":false},"excerpt":{"rendered":"<p>Liga Okr\u0119gowa Orlik\u00f3w E1 (U-11) &#8211; sezon 2016\/17 Zawodnicy, kt\u00f3rzy zagrali w lidze: Blat Kacper &#8211; 9 mecz\u00f3w Borowiecki Dominik &#8211; 11 mecz\u00f3w, 35 bramek (!) Ci\u0119\u017car Borys &#8211; 8 &hellip; <\/p>\n","protected":false},"author":1,"featured_media":0,"parent":5806,"menu_order":0,"comment_status":"closed","ping_status":"closed","template":"","meta":[],"_links":{"self":[{"href":"http:\/\/www.apn.ostroleka.pl\/index.php?rest_route=\/wp\/v2\/pages\/6801"}],"collection":[{"href":"http:\/\/www.apn.ostroleka.pl\/index.php?rest_route=\/wp\/v2\/pages"}],"about":[{"href":"http:\/\/www.apn.ostroleka.pl\/index.php?rest_route=\/wp\/v2\/types\/page"}],"author":[{"embeddable":true,"href":"http:\/\/www.apn.ostroleka.pl\/index.php?rest_route=\/wp\/v2\/users\/1"}],"replies":[{"embeddable":true,"href":"http:\/\/www.apn.ostroleka.pl\/index.php?rest_route=%2Fwp%2Fv2%2Fcomments&post=6801"}],"version-history":[{"count":9,"href":"http:\/\/www.apn.ostroleka.pl\/index.php?rest_route=\/wp\/v2\/pages\/6801\/revisions"}],"predecessor-version":[{"id":8264,"href":"http:\/\/www.apn.ostroleka.pl\/index.php?rest_route=\/wp\/v2\/pages\/6801\/revisions\/8264"}],"up":[{"embeddable":true,"href":"http:\/\/www.apn.ostroleka.pl\/index.php?rest_route=\/wp\/v2\/pages\/5806"}],"wp:attachment":[{"href":"http:\/\/www.apn.ostroleka.pl\/index.php?rest_route=%2Fwp%2Fv2%2Fmedia&parent=6801"}],"curies":[{"name":"wp","href":"https:\/\/api.w.org\/{rel}","templated":true}]}}