{"id":6799,"date":"2016-09-12T12:54:56","date_gmt":"2016-09-12T10:54:56","guid":{"rendered":"http:\/\/www.apn.ostroleka.pl\/?page_id=6799"},"modified":"2017-07-21T11:41:15","modified_gmt":"2017-07-21T09:41:15","slug":"liga-mlodzikow-201617-u-12","status":"publish","type":"page","link":"http:\/\/www.apn.ostroleka.pl\/?page_id=6799","title":{"rendered":"Liga M\u0142odzik\u00f3w 2016\/17 (U-12)"},"content":{"rendered":"<p style=\"text-align: center;\"><img loading=\"lazy\" class=\"aligncenter size-large wp-image-6748\" src=\"http:\/\/www.apn.ostroleka.pl\/wp-content\/uploads\/IMG_0300-800x600.jpg\" alt=\"img_0300\" width=\"800\" height=\"600\" srcset=\"http:\/\/www.apn.ostroleka.pl\/wp-content\/uploads\/IMG_0300-800x600.jpg 800w, http:\/\/www.apn.ostroleka.pl\/wp-content\/uploads\/IMG_0300-300x225.jpg 300w, http:\/\/www.apn.ostroleka.pl\/wp-content\/uploads\/IMG_0300-768x576.jpg 768w, http:\/\/www.apn.ostroleka.pl\/wp-content\/uploads\/IMG_0300-100x75.jpg 100w, http:\/\/www.apn.ostroleka.pl\/wp-content\/uploads\/IMG_0300-50x38.jpg 50w, http:\/\/www.apn.ostroleka.pl\/wp-content\/uploads\/IMG_0300-25x19.jpg 25w, http:\/\/www.apn.ostroleka.pl\/wp-content\/uploads\/IMG_0300.jpg 1024w\" sizes=\"(max-width: 800px) 100vw, 800px\" \/><\/p>\n<p style=\"text-align: center;\"><strong>Liga Okr\u0119gowa M\u0142odzik\u00f3w D2 (U-12) &#8211; sezon 2016\/17<\/strong><\/p>\n<p><strong>Zawodnicy, kt\u00f3rzy zagrali w lidze:<\/strong><\/p>\n<ol>\n<li>B\u0105k Kacper &#8211; 6 mecz\u00f3w, 4 bramki<\/li>\n<li>Bie\u0144kowski Jakub &#8211; 7 mecz\u00f3w<\/li>\n<li>Borkowski Aleksander &#8211; 11 mecz\u00f3w, 20 bramek (!)<\/li>\n<li>Borowiecki Dominik &#8211; 7 mecz\u00f3w, 5 bramek<\/li>\n<li>Brzostek Dominik &#8211; 3 mecze<\/li>\n<li>Ciecierski Kacper &#8211; 11 mecz\u00f3w, 10 bramek<\/li>\n<li>Ci\u0119\u017car Borys &#8211; 7 mecz\u00f3w, 2 bramki<\/li>\n<li>Dawid Damian &#8211; 4 mecze<\/li>\n<li>D\u0119bski Kacper &#8211; 11 mecz\u00f3w (bramkarz)<\/li>\n<li>Doma\u0144ski Jakub &#8211; 7 mecz\u00f3w, 10 bramek<\/li>\n<li>Go\u0142aszewski Bartosz &#8211; 6 mecz\u00f3w, 1 bramka<\/li>\n<li>Hymkowski Adam &#8211; 3 mecze, 2 bramki<\/li>\n<li>Krasiewicz Bart\u0142omiej &#8211; 8 mecz\u00f3w, 7 bramek<\/li>\n<li>\u0141ozi\u0144ski Iwo &#8211; 2 mecze (bramkarz)<\/li>\n<li>Macioch Wiktor &#8211; 5 mecz\u00f3w<\/li>\n<li>Olbry\u015b Filip &#8211; 10 mecz\u00f3w (bramkarz)<\/li>\n<li>Olszewski Igor &#8211; 5 mecz\u00f3w, 3 bramki<\/li>\n<li>Pietrzyk Filip &#8211; 1 mecz<\/li>\n<li>Roman Krystian &#8211; 10 mecz\u00f3w, 10 bramek<\/li>\n<li>Sawicki Dawid &#8211; 9 mecz\u00f3w<\/li>\n<li>Skorupski Kamil &#8211; 7 mecz\u00f3w, 2 bramki<\/li>\n<li>Skowronek Mi\u0142osz &#8211; 10 mecz\u00f3w, 6 bramek<\/li>\n<li>Stachacz Oliwier &#8211; 4 mecze, 2 bramki<\/li>\n<li>Strzelczyk Maciej &#8211; 3 mecze, 1 bramka<\/li>\n<li>\u015aniadach Antoni &#8211; 12 mecz\u00f3w, 1 bramka<\/li>\n<li>Trzci\u0144ski Jakub &#8211; 3 mecze, 1 bramka<\/li>\n<li>Trzci\u0144ski Marcin &#8211; 6 mecz\u00f3w, 3 bramki<\/li>\n<li>Zi\u0119ba Adam &#8211; 5 mecz\u00f3w, 6 bramek<\/li>\n<\/ol>\n<p><strong>Trener:<\/strong> <a href=\"http:\/\/www.apn.ostroleka.pl\/?wpcm_staff=pawel-zalewski\">Pawe\u0142 Zalewski<\/a>.<br \/>\n<strong>Asystent trenera:<\/strong> <a href=\"http:\/\/www.apn.ostroleka.pl\/?wpcm_staff=michal-sniadach\">Micha\u0142 \u015aniadach<\/a>.<\/p>\n<hr \/>\n<p><strong>Wyniki:<\/strong><\/p>\n<p>W Ostrovia Ostr\u00f3w Maz. 3-0\u00a0&#8211; <a href=\"http:\/\/www.apn.ostroleka.pl\/?p=6747\">relacja<\/a> <a href=\"http:\/\/www.apn.ostroleka.pl\/?p=7061\">druga<\/a><br \/>\nW AP Ostr\u00f3w 7-1\u00a0&#8211; <a href=\"http:\/\/www.apn.ostroleka.pl\/?p=6882\">relacja<\/a> <a href=\"http:\/\/www.apn.ostroleka.pl\/?p=7061\">druga<\/a><br \/>\nD KS W\u0105sewo 15-0\u00a0&#8211; <a href=\"http:\/\/www.apn.ostroleka.pl\/?p=7029\">relacja<\/a>\u00a0<a href=\"http:\/\/www.apn.ostroleka.pl\/?p=7061\">druga<\/a><br \/>\nW KS CK Troszyn 13-0\u00a0&#8211; <a href=\"http:\/\/www.apn.ostroleka.pl\/?p=7119\">relacja<\/a><br \/>\nD Z\u0142ota Ostro\u0142eka 12-1\u00a0&#8211; <a href=\"http:\/\/www.apn.ostroleka.pl\/?p=7149\">relacja<\/a><br \/>\nW UKS Narew Ostro\u0142\u0119ka 3-0\u00a0&#8211; <a href=\"http:\/\/www.apn.ostroleka.pl\/?p=7270\">relacja<\/a><br \/>\nD T\u0119cza \u0141yse 3-0 (walkower)<br \/>\nD AP Ostr\u00f3w Maz. 8-0 &#8211; <a href=\"http:\/\/www.apn.ostroleka.pl\/?p=7959\">relacja<\/a>\u00a0<a href=\"http:\/\/www.apn.ostroleka.pl\/?p=7934\">druga<\/a><br \/>\nD Ostrovia Ostr\u00f3w Maz. 9-1\u00a0&#8211; <a href=\"http:\/\/www.apn.ostroleka.pl\/?p=8065\">relacja<\/a>\u00a0<a href=\"http:\/\/www.apn.ostroleka.pl\/?p=7991\">druga<\/a><br \/>\nD KS CK Troszyn 5-0\u00a0&#8211; <a href=\"http:\/\/www.apn.ostroleka.pl\/?p=8065\">relacja<\/a><br \/>\nW Z\u0142ota Ostro\u0142\u0119ka 7-0\u00a0&#8211; <a href=\"http:\/\/www.apn.ostroleka.pl\/?p=8065\">relacja<\/a><br \/>\nD UKS Narew Ostro\u0142\u0119ka 10-0\u00a0&#8211; <a href=\"http:\/\/www.apn.ostroleka.pl\/?p=8092\">relacja<\/a><br \/>\nW T\u0119cza \u0141yse 7-2\u00a0&#8211; <a href=\"http:\/\/www.apn.ostroleka.pl\/?p=8243\">relacja<\/a><\/p>\n<hr \/>\n<p><strong>Tabela ko\u0144cowa:<\/strong><\/p>\n<table>\n<tbody>\n<tr>\n<td>Lp.<\/td>\n<td>Dru\u017cyna<\/td>\n<td>Mecze<\/td>\n<td>Bramki<\/td>\n<td>Punkty<\/td>\n<\/tr>\n<tr>\n<td>1.<\/td>\n<td>APN Ostro\u0142\u0119ka<\/td>\n<td>14-0-0<\/td>\n<td>105-5<\/td>\n<td>42<\/td>\n<\/tr>\n<tr>\n<td>2.<\/td>\n<td>Z\u0142ota Ostro\u0142\u0119ka<\/td>\n<td>10-1-3<\/td>\n<td>47-27<\/td>\n<td>31<\/td>\n<\/tr>\n<tr>\n<td>3.<\/td>\n<td>Ostrovia Ostr\u00f3w Maz.<\/td>\n<td>8-0-6<\/td>\n<td>29-25<\/td>\n<td>24<\/td>\n<\/tr>\n<tr>\n<td>4.<\/td>\n<td>AP Ostr\u00f3w Maz.<\/td>\n<td>7-1-6<\/td>\n<td>24-31<\/td>\n<td>22<\/td>\n<\/tr>\n<tr>\n<td>5.<\/td>\n<td>T\u0119cza \u0141yse<\/td>\n<td>6-1-7<\/td>\n<td>31-33<\/td>\n<td>19<\/td>\n<\/tr>\n<tr>\n<td>6.<\/td>\n<td>KS CK Troszyn<\/td>\n<td>4-3-7<\/td>\n<td>20-33<\/td>\n<td>15<\/td>\n<\/tr>\n<tr>\n<td>7.<\/td>\n<td>UKS Narew Ostro\u0142\u0119ka<\/td>\n<td>4-0-10<\/td>\n<td>22-55<\/td>\n<td>12<\/td>\n<\/tr>\n<tr>\n<td>8.<\/td>\n<td>KS W\u0105sewo<\/td>\n<td>0-0-14<\/td>\n<td>5-74<\/td>\n<td>0<\/td>\n<\/tr>\n<\/tbody>\n<\/table>\n<p>P.S. Strzelec setnej bramki &#8211; Kuba Doma\u0144ski, na 2-0 z T\u0119cz\u0105.<\/p>\n<hr \/>\n<p style=\"text-align: center;\"><a href=\"http:\/\/www.apn.ostroleka.pl\/?page_id=4791\">Archiwum<\/a><\/p>\n","protected":false},"excerpt":{"rendered":"<p>Liga Okr\u0119gowa M\u0142odzik\u00f3w D2 (U-12) &#8211; sezon 2016\/17 Zawodnicy, kt\u00f3rzy zagrali w lidze: B\u0105k Kacper &#8211; 6 mecz\u00f3w, 4 bramki Bie\u0144kowski Jakub &#8211; 7 mecz\u00f3w Borkowski Aleksander &#8211; 11 mecz\u00f3w, &hellip; <\/p>\n","protected":false},"author":1,"featured_media":0,"parent":5806,"menu_order":0,"comment_status":"closed","ping_status":"closed","template":"","meta":[],"_links":{"self":[{"href":"http:\/\/www.apn.ostroleka.pl\/index.php?rest_route=\/wp\/v2\/pages\/6799"}],"collection":[{"href":"http:\/\/www.apn.ostroleka.pl\/index.php?rest_route=\/wp\/v2\/pages"}],"about":[{"href":"http:\/\/www.apn.ostroleka.pl\/index.php?rest_route=\/wp\/v2\/types\/page"}],"author":[{"embeddable":true,"href":"http:\/\/www.apn.ostroleka.pl\/index.php?rest_route=\/wp\/v2\/users\/1"}],"replies":[{"embeddable":true,"href":"http:\/\/www.apn.ostroleka.pl\/index.php?rest_route=%2Fwp%2Fv2%2Fcomments&post=6799"}],"version-history":[{"count":7,"href":"http:\/\/www.apn.ostroleka.pl\/index.php?rest_route=\/wp\/v2\/pages\/6799\/revisions"}],"predecessor-version":[{"id":8263,"href":"http:\/\/www.apn.ostroleka.pl\/index.php?rest_route=\/wp\/v2\/pages\/6799\/revisions\/8263"}],"up":[{"embeddable":true,"href":"http:\/\/www.apn.ostroleka.pl\/index.php?rest_route=\/wp\/v2\/pages\/5806"}],"wp:attachment":[{"href":"http:\/\/www.apn.ostroleka.pl\/index.php?rest_route=%2Fwp%2Fv2%2Fmedia&parent=6799"}],"curies":[{"name":"wp","href":"https:\/\/api.w.org\/{rel}","templated":true}]}}