{"id":6797,"date":"2016-09-12T12:50:03","date_gmt":"2016-09-12T10:50:03","guid":{"rendered":"http:\/\/www.apn.ostroleka.pl\/?page_id=6797"},"modified":"2017-07-21T11:24:31","modified_gmt":"2017-07-21T09:24:31","slug":"liga-mlodzikow-201617-u-13","status":"publish","type":"page","link":"http:\/\/www.apn.ostroleka.pl\/?page_id=6797","title":{"rendered":"Liga M\u0142odzik\u00f3w 2016\/17 (U-13)"},"content":{"rendered":"<p style=\"text-align: center;\"><strong>Liga Okr\u0119gowa M\u0142odzik\u00f3w D1 (U-13) &#8211; sezon 2016\/17<\/strong><\/p>\n<p style=\"text-align: center;\"><img loading=\"lazy\" class=\"aligncenter size-large wp-image-8101\" src=\"http:\/\/www.apn.ostroleka.pl\/wp-content\/uploads\/2004_w17_awans_0002_grupowe-800x450.jpg\" alt=\"\" width=\"800\" height=\"450\" srcset=\"http:\/\/www.apn.ostroleka.pl\/wp-content\/uploads\/2004_w17_awans_0002_grupowe-800x450.jpg 800w, http:\/\/www.apn.ostroleka.pl\/wp-content\/uploads\/2004_w17_awans_0002_grupowe-300x169.jpg 300w, http:\/\/www.apn.ostroleka.pl\/wp-content\/uploads\/2004_w17_awans_0002_grupowe-768x432.jpg 768w, http:\/\/www.apn.ostroleka.pl\/wp-content\/uploads\/2004_w17_awans_0002_grupowe-100x56.jpg 100w, http:\/\/www.apn.ostroleka.pl\/wp-content\/uploads\/2004_w17_awans_0002_grupowe-50x28.jpg 50w, http:\/\/www.apn.ostroleka.pl\/wp-content\/uploads\/2004_w17_awans_0002_grupowe-25x14.jpg 25w, http:\/\/www.apn.ostroleka.pl\/wp-content\/uploads\/2004_w17_awans_0002_grupowe.jpg 1300w\" sizes=\"(max-width: 800px) 100vw, 800px\" \/><\/p>\n<p><strong>Zawodnicy, kt\u00f3rzy zagrali w lidze (i bara\u017cach):<\/strong><\/p>\n<ol>\n<li>Banach Miko\u0142aj &#8211; 11 mecz\u00f3w, 3 bramki<\/li>\n<li>Banul Adam &#8211; 4 mecze, 1 bramka<\/li>\n<li>Borkowski Aleksander &#8211; 6 mecz\u00f3w, 8 bramek<\/li>\n<li>Ciecierski Kacper &#8211; 6 \u00a0mecz\u00f3w, 8 bramek<\/li>\n<li>Doma\u0144ski Jakub &#8211; 5 mecz\u00f3w, 2 bramki<\/li>\n<li>Dr\u0119\u017cek Konrad &#8211; 7 mecz\u00f3w, 14 bramek<\/li>\n<li>Dzierzgowski Mateusz &#8211; 10 mecz\u00f3w, 3 bramki<\/li>\n<li>Goc\u0142owski Micha\u0142 &#8211; 10 mecz\u00f3w<\/li>\n<li>Grabarek Aleks &#8211; 5 mecz\u00f3w, 1 bramka<\/li>\n<li>Jask\u00f3lski Marcel &#8211; 5 mecz\u00f3w<\/li>\n<li>Klec Damian &#8211; 9 mecz\u00f3w, 5 bramek<\/li>\n<li>Krasiewicz Bart\u0142omiej &#8211; 10 mecz\u00f3w, 2 bramki<\/li>\n<li>Krupa Jakub &#8211; 6 mecz\u00f3w, 3 bramki<\/li>\n<li>Kube\u0142 Maciej &#8211; 11 mecz\u00f3w, 2 bramki<\/li>\n<li>Laskowski Jacek &#8211; 11 mecz\u00f3w (bramkarz)<\/li>\n<li>Lewandowski Franciszek &#8211; 3 mecze, 2 bramki<\/li>\n<li>Majba\u0144ski Mateusz &#8211; 5 mecz\u00f3w, 3 bramki<\/li>\n<li>Marciniak Krystian &#8211; 6 mecz\u00f3w, 1 bramka (bramkarz)<\/li>\n<li>Olbry\u015b Filip &#8211; 6 mecz\u00f3w<\/li>\n<li>Pi\u00f3rkowski Kacper &#8211; 4 mecze, 13 bramek (!)<\/li>\n<li>Sawicki Dawid &#8211; 2 mecze<\/li>\n<li>Skowronek Mi\u0142osz &#8211; 2 mecze<\/li>\n<li>Szczepanek Szymon &#8211; 10 mecz\u00f3w, 5 bramek<\/li>\n<li>Szczube\u0142ek Szymon &#8211; 3 mecze, 1 bramka<\/li>\n<li>Waszczak Jakub<\/li>\n<li>Zalewski Mi\u0142osz &#8211; 2 mecze<\/li>\n<li>Zi\u0119ba Adam &#8211; 11 mecz\u00f3w, 7 bramek<\/li>\n<\/ol>\n<p><strong>Trener:\u00a0<\/strong><a href=\"http:\/\/www.apn.ostroleka.pl\/?wpcm_staff=mariusz-sadlowski\">Mariusz Sad\u0142owski.<\/a><br \/>\n<strong>Asystent trenera:<\/strong> <a href=\"http:\/\/www.apn.ostroleka.pl\/?wpcm_staff=piotr-wiski\">Piotr Wiski<\/a>.<\/p>\n<hr \/>\n<p><strong>Wyniki:<\/strong><\/p>\n<p>D Iskra Krasne 7-0 &#8211; <a href=\"http:\/\/www.apn.ostroleka.pl\/?p=6891\">relacja<\/a><br \/>\nW \u015awit Baranowo 8-0\u00a0&#8211; <a href=\"http:\/\/www.apn.ostroleka.pl\/?p=7067\">relacja<\/a><br \/>\nW Korona Ostro\u0142\u0119ka 11-0\u00a0&#8211; <a href=\"http:\/\/www.apn.ostroleka.pl\/?p=7096\">relacja<\/a><br \/>\nD Kurpik Kadzid\u0142o 6-0\u00a0&#8211; <a href=\"http:\/\/www.apn.ostroleka.pl\/?p=7154\">relacja<\/a><br \/>\nD M\u0142ode Or\u0142y II Pu\u0142tusk 7-0\u00a0&#8211; <a href=\"http:\/\/www.apn.ostroleka.pl\/?p=7194\">relacja<\/a><br \/>\nD Iskra Krasne 10-0\u00a0&#8211; <a href=\"http:\/\/www.apn.ostroleka.pl\/?p=7991\">relacja<\/a>\u00a0<a href=\"http:\/\/www.apn.ostroleka.pl\/?p=7942\">druga<\/a><br \/>\nD \u015awit Baranowo 3-0 \/walkower\/<br \/>\nW Kurpik Kadzid\u0142o 9-0\u00a0&#8211; <a href=\"http:\/\/www.apn.ostroleka.pl\/?p=8016\">relacja<\/a><br \/>\nW M\u0142ode Or\u0142y II Pu\u0142tusk 6-2\u00a0&#8211; <a href=\"http:\/\/www.apn.ostroleka.pl\/?p=8039\">relacja<\/a><br \/>\nD Korona Ostro\u0142\u0119ka 12-0\u00a0&#8211; <a href=\"http:\/\/www.apn.ostroleka.pl\/?p=8095\">relacja<\/a><\/p>\n<p><span style=\"text-decoration: underline;\">Bara\u017ce:<br \/>\n<\/span>W PAF P\u0142o\u0144sk 3-0\u00a0&#8211; <a href=\"http:\/\/www.apn.ostroleka.pl\/?p=8167\">relacja<\/a><br \/>\nD PAF P\u0142o\u0144sk 8-0\u00a0&#8211; <a href=\"http:\/\/www.apn.ostroleka.pl\/?p=8169\">relacja<\/a><\/p>\n<hr \/>\n<p><strong>Tabela ko\u0144cowa:<\/strong><\/p>\n<table>\n<tbody>\n<tr>\n<td>Lp.<\/td>\n<td>Dru\u017cyna<\/td>\n<td>Mecze<\/td>\n<td>Bramki<\/td>\n<td>Punkty<\/td>\n<\/tr>\n<tr>\n<td>1.<\/td>\n<td>APN Ostro\u0142\u0119ka<\/td>\n<td>10-0-0<\/td>\n<td>79-2<\/td>\n<td>30<\/td>\n<\/tr>\n<tr>\n<td>2.<\/td>\n<td>M\u0142ode Or\u0142y Nadnarwianki Pu\u0142tusk II<\/td>\n<td>8-0-2<\/td>\n<td>33-26<\/td>\n<td>24<\/td>\n<\/tr>\n<tr>\n<td>3.<\/td>\n<td>Korona Ostro\u0142\u0119ka<\/td>\n<td>4-1-5<\/td>\n<td>19-42<\/td>\n<td>13<\/td>\n<\/tr>\n<tr>\n<td>4.<\/td>\n<td>Kurpik Kadzid\u0142o<\/td>\n<td>3-2-5<\/td>\n<td>18-32<\/td>\n<td>11<\/td>\n<\/tr>\n<tr>\n<td>5.<\/td>\n<td>Iskra Krasne<\/td>\n<td>2-0-8<\/td>\n<td>13-28<\/td>\n<td>6<\/td>\n<\/tr>\n<tr>\n<td>6.<\/td>\n<td>\u015awit Baranowo<\/td>\n<td>1-1-8<\/td>\n<td>6-28<\/td>\n<td>4<\/td>\n<\/tr>\n<\/tbody>\n<\/table>\n<hr \/>\n<p style=\"text-align: center;\"><a href=\"http:\/\/www.apn.ostroleka.pl\/?page_id=4791\">Archiwum<\/a><\/p>\n","protected":false},"excerpt":{"rendered":"<p>Liga Okr\u0119gowa M\u0142odzik\u00f3w D1 (U-13) &#8211; sezon 2016\/17 Zawodnicy, kt\u00f3rzy zagrali w lidze (i bara\u017cach): Banach Miko\u0142aj &#8211; 11 mecz\u00f3w, 3 bramki Banul Adam &#8211; 4 mecze, 1 bramka Borkowski &hellip; <\/p>\n","protected":false},"author":1,"featured_media":0,"parent":5806,"menu_order":0,"comment_status":"closed","ping_status":"closed","template":"","meta":[],"_links":{"self":[{"href":"http:\/\/www.apn.ostroleka.pl\/index.php?rest_route=\/wp\/v2\/pages\/6797"}],"collection":[{"href":"http:\/\/www.apn.ostroleka.pl\/index.php?rest_route=\/wp\/v2\/pages"}],"about":[{"href":"http:\/\/www.apn.ostroleka.pl\/index.php?rest_route=\/wp\/v2\/types\/page"}],"author":[{"embeddable":true,"href":"http:\/\/www.apn.ostroleka.pl\/index.php?rest_route=\/wp\/v2\/users\/1"}],"replies":[{"embeddable":true,"href":"http:\/\/www.apn.ostroleka.pl\/index.php?rest_route=%2Fwp%2Fv2%2Fcomments&post=6797"}],"version-history":[{"count":5,"href":"http:\/\/www.apn.ostroleka.pl\/index.php?rest_route=\/wp\/v2\/pages\/6797\/revisions"}],"predecessor-version":[{"id":8262,"href":"http:\/\/www.apn.ostroleka.pl\/index.php?rest_route=\/wp\/v2\/pages\/6797\/revisions\/8262"}],"up":[{"embeddable":true,"href":"http:\/\/www.apn.ostroleka.pl\/index.php?rest_route=\/wp\/v2\/pages\/5806"}],"wp:attachment":[{"href":"http:\/\/www.apn.ostroleka.pl\/index.php?rest_route=%2Fwp%2Fv2%2Fmedia&parent=6797"}],"curies":[{"name":"wp","href":"https:\/\/api.w.org\/{rel}","templated":true}]}}