{"id":6195,"date":"2016-06-21T10:32:27","date_gmt":"2016-06-21T08:32:27","guid":{"rendered":"http:\/\/www.apn.ostroleka.pl\/?page_id=6195"},"modified":"2020-10-26T20:24:42","modified_gmt":"2020-10-26T18:24:42","slug":"reprezentanci","status":"publish","type":"page","link":"http:\/\/www.apn.ostroleka.pl\/?page_id=6195","title":{"rendered":"Reprezentanci"},"content":{"rendered":"<p style=\"text-align: justify;\">Poni\u017cej przedstawiamy list\u0119 zawodnik\u00f3w APN Ostro\u0142\u0119ka powo\u0142anych w poszczeg\u00f3lnych latach do reprezentacji Ciechanowsko-Ostro\u0142\u0119ckiego Okr\u0119gowego Zwi\u0105zku Pi\u0142ki No\u017cnej oraz do reprezentacji Mazowieckiego Zwi\u0105zku Pi\u0142ki No\u017cnej (Reprezentacji Mazowsza). Mamy nadziej\u0119, \u017ce kiedy\u015b\u00a0b\u0119dzie okazja, by doda\u0107 list\u0119 &#8222;powo\u0142ani do reprezentacji Polski&#8221;.<\/p>\n<p style=\"text-align: justify;\">Pierwszym zawodnikiem powo\u0142anym do reprezentacji Mazowsza z APN Ostro\u0142\u0119ka by\u0142 Rados\u0142aw Zy\u015bk w 2014 roku. Niestety powo\u0142ania do reprezentacji okr\u0119gu zacz\u0119li\u015bmy notowa\u0107 dopiero od 2015 roku &#8211; w poprzednich latach by\u0142y, ale nie zachowa\u0142y si\u0119 nasze notatki. Ilo\u015b\u0107 powo\u0142a\u0144 i tak robi wra\u017cenie \ud83d\ude42<\/p>\n<p style=\"text-align: justify;\">W 2019 roku dosz\u0142o do przemian w strukturach regionalnych zwi\u0105zk\u00f3w pi\u0142karskich w Polsce. Zlikwidowano okr\u0119gowe zwi\u0105zki, tworz\u0105c jedynie delegatury terytorialne. Z tego powodu nie powo\u0142ywano kadr COOZPN, ale kadr\u0119 &#8222;Regionu Ciechan\u00f3w&#8221;.<\/p>\n<h2>Mazowiecki Zwi\u0105zek Pi\u0142ki No\u017cnej<\/h2>\n<p><img loading=\"lazy\" class=\"size-full wp-image-6199 alignright\" src=\"http:\/\/www.apn.ostroleka.pl\/wp-content\/uploads\/logo-mzpn.png\" alt=\"logo-mzpn\" width=\"92\" height=\"84\" srcset=\"http:\/\/www.apn.ostroleka.pl\/wp-content\/uploads\/logo-mzpn.png 92w, http:\/\/www.apn.ostroleka.pl\/wp-content\/uploads\/logo-mzpn-50x46.png 50w, http:\/\/www.apn.ostroleka.pl\/wp-content\/uploads\/logo-mzpn-25x23.png 25w\" sizes=\"(max-width: 92px) 100vw, 92px\" \/><\/p>\n<p><strong>2014 rok:<\/strong><\/p>\n<ul>\n<li><a href=\"http:\/\/www.apn.ostroleka.pl\/?wpcm_player=radoslaw-zysk\">Rados\u0142aw Zy\u015bk<\/a> (rocznik 2003)<\/li>\n<\/ul>\n<p>\u0141\u0105cznie: 1 zawodnik.<\/p>\n<p><strong>2015 rok:<\/strong><\/p>\n<ul>\n<li><a href=\"http:\/\/www.apn.ostroleka.pl\/?wpcm_player=radoslaw-zysk\">Rados\u0142aw Zy\u015bk<\/a> (rocznik 2003)<\/li>\n<\/ul>\n<p>\u0141\u0105cznie: 1 zawodnik.<\/p>\n<p><strong>2016 rok:<\/strong><\/p>\n<ul>\n<li><a href=\"http:\/\/www.apn.ostroleka.pl\/?wpcm_player=kacper-piorkowski\">Kacper Pi\u00f3rkowski<\/a> (rocznik 2004)<\/li>\n<\/ul>\n<p>\u0141\u0105cznie: 1 zawodnik.<\/p>\n<p><strong>2017 rok:<\/strong><\/p>\n<ul>\n<li><a href=\"http:\/\/www.apn.ostroleka.pl\/?wpcm_player=kacper-piorkowski\">Kacper Pi\u00f3rkowski<\/a> (rocznik 2004)<\/li>\n<li><a href=\"http:\/\/www.apn.ostroleka.pl\/?p=8558\">Adam Zi\u0119ba<\/a> (rocznik 2005)<\/li>\n<\/ul>\n<p>\u0141\u0105cznie:\u00a02 zawodnik\u00f3w.<\/p>\n<p><strong>2018 rok:<\/strong><\/p>\n<ul>\n<li><a href=\"http:\/\/www.apn.ostroleka.pl\/?wpcm_player=kacper-piorkowski\">Kacper Pi\u00f3rkowski<\/a> (rocznik 2004)<\/li>\n<li><a href=\"http:\/\/www.apn.ostroleka.pl\/?p=9293\">Dominik Borowiecki<\/a> (rocznik 2006)<\/li>\n<\/ul>\n<p>\u0141\u0105cznie:\u00a02 zawodnik\u00f3w.<\/p>\n<p><strong>2019 rok:<\/strong><\/p>\n<ul>\n<li>Filip Olbry\u015b (rocznik 2005)<\/li>\n<li><a href=\"http:\/\/www.apn.ostroleka.pl\/?p=9486\">Dominik Borowiecki<\/a>\u00a0(rocznik 2006)<\/li>\n<li><a href=\"http:\/\/www.apn.ostroleka.pl\/?p=9486\">Borys Ci\u0119\u017car<\/a>\u00a0(rocznik 2006)<\/li>\n<li><a href=\"http:\/\/www.apn.ostroleka.pl\/?p=9486\">Bartosz Go\u0142aszewski<\/a> (rocznik 2006)<\/li>\n<li>Alex Mierzejewski (rocznik 2007; konsultacja kadry)<\/li>\n<li>Adam Dovgosheya\u00a0(rocznik 2007; konsultacja kadry)<\/li>\n<li>Jakub Walewski\u00a0(rocznik 2007; konsultacja kadry)<\/li>\n<li>Franciszek Zar\u0119ba\u00a0(rocznik 2007; konsultacja kadry)<\/li>\n<li>Wiktor Laskowski\u00a0(rocznik 2007; konsultacja kadry)<\/li>\n<li>Piotr Go\u0142aszewski (rocznik 2008)<\/li>\n<li>Dawid Malanowski (rocznik 2008)<\/li>\n<li>Igor Gumkowski (rocznik 2009; konsultacja)<\/li>\n<li>Aleksander Baku\u0142a (rocznik 2010, konsultacja)<\/li>\n<li>Adam Krajewski (rocznik 2010, konsultacja)<\/li>\n<li>Miko\u0142aj Lendzioszek (rocznik 2010, konsultacja)<\/li>\n<li>Maciej Wilczek (rocznik 2010, konsultacja)<\/li>\n<li>Jakub Za\u0142\u0119ski (rocznik 2010, konsultacja)<\/li>\n<\/ul>\n<p>\u0141\u0105cznie: 17 zawodnik\u00f3w, w tym 11 konsultacje kadry po reformie zwi\u0105zku.<\/p>\n<p><strong>2020 rok:<\/strong><\/p>\n<ul>\n<li>Aleksander Ochenkowski (rocznik 2009, konsultacja)<\/li>\n<li>Emilian Pawlak (rocznik 2009, konsultacja)<\/li>\n<li>Tomasz \u015awier\u017cewski (rocznik 2009, konsultacja)<\/li>\n<li>Marcin Zalewski (rocznik 2009, konsultacja)<\/li>\n<\/ul>\n<hr \/>\n<h2>Ciechanowsko-Ostro\u0142\u0119cki Okr\u0119gowy Zwi\u0105zek Pi\u0142ki No\u017cnej\u00a0 (2013-18)\/ Region Ciechan\u00f3w (2019-)<\/h2>\n<p><img loading=\"lazy\" class=\"size-large wp-image-6200 alignright\" src=\"http:\/\/www.apn.ostroleka.pl\/wp-content\/uploads\/coozpn-1.jpg\" alt=\"coozpn\" width=\"155\" height=\"150\" srcset=\"http:\/\/www.apn.ostroleka.pl\/wp-content\/uploads\/coozpn-1.jpg 155w, http:\/\/www.apn.ostroleka.pl\/wp-content\/uploads\/coozpn-1-100x97.jpg 100w, http:\/\/www.apn.ostroleka.pl\/wp-content\/uploads\/coozpn-1-50x48.jpg 50w, http:\/\/www.apn.ostroleka.pl\/wp-content\/uploads\/coozpn-1-25x25.jpg 25w\" sizes=\"(max-width: 155px) 100vw, 155px\" \/><\/p>\n<p><strong>2013 rok:<\/strong><\/p>\n<p><em>Uwaga! Tylko zawodnicy, kt\u00f3rych wyst\u0119py w kadrze w tym roku pami\u0119tamy.<\/em><\/p>\n<ul>\n<li>Patryk Bielewicz (rocznik 2003),<\/li>\n<li>Olek Jarguz (2003)<\/li>\n<li>Rados\u0142aw Zy\u015bk (2003).<\/li>\n<\/ul>\n<p>&nbsp;<\/p>\n<p><strong>2014 rok:<\/strong><\/p>\n<p><em>Uwaga! Tylko zawodnicy, kt\u00f3rych wyst\u0119py w kadrze w tym roku pami\u0119tamy.<\/em><\/p>\n<ul>\n<li>Patryk Bielewicz (rocznik 2003),<\/li>\n<li>Rados\u0142aw Zy\u015bk (2003).<\/li>\n<\/ul>\n<p>&nbsp;<\/p>\n<p><strong>2015 rok:<\/strong><\/p>\n<ul>\n<li><a href=\"http:\/\/www.apn.ostroleka.pl\/?wpcm_player=radoslaw-zysk\">Rados\u0142aw Zy\u015bk<\/a> (rocznik 2003),<\/li>\n<li><a href=\"http:\/\/www.apn.ostroleka.pl\/?wpcm_player=drezek-konrad\">Konrad Dr\u0119\u017cek<\/a> (2004),\u00a0<a href=\"http:\/\/www.apn.ostroleka.pl\/?wpcm_player=adrian-labuda\">Adrian \u0141abuda<\/a> (2004),\u00a0<a href=\"http:\/\/www.apn.ostroleka.pl\/?wpcm_player=mateusz-majbanski\">Mateusz Majba\u0144ski<\/a> (2004),\u00a0<a href=\"http:\/\/www.apn.ostroleka.pl\/?wpcm_player=kacper-piekarski\">Kacper Piekarski<\/a> (2004),\u00a0<a href=\"http:\/\/www.apn.ostroleka.pl\/?wpcm_player=kacper-piorkowski\">Kacper Pi\u00f3rkowski<\/a> (2004),<\/li>\n<li><a href=\"http:\/\/www.apn.ostroleka.pl\/?wpcm_player=kacper-ciecierski\">Kacper Ciecierski<\/a> (2005),\u00a0<a href=\"http:\/\/www.apn.ostroleka.pl\/?wpcm_player=bartlomiej-krasiewicz\">Bart\u0142omiej Krasiewicz<\/a> (2005),\u00a0<a href=\"http:\/\/www.apn.ostroleka.pl\/?wpcm_player=adam-zieba\">Adam Zi\u0119ba<\/a> (2005),<\/li>\n<li><a href=\"http:\/\/www.apn.ostroleka.pl\/?wpcm_player=dominik-borowiecki\">Dominik Borowiecki<\/a> (2006),\u00a0<a href=\"http:\/\/www.apn.ostroleka.pl\/?wpcm_player=bartosz-golaszewski\">Bartosz Go\u0142aszewski<\/a> (2006),\u00a0<a href=\"http:\/\/www.apn.ostroleka.pl\/?wpcm_player=igor-olszewski\">Igor Olszewski<\/a> (2006),\u00a0<a href=\"http:\/\/www.apn.ostroleka.pl\/?wpcm_player=jakub-trzcinski\">Jakub Trzci\u0144ski<\/a> (2006),\u00a0<a href=\"http:\/\/www.apn.ostroleka.pl\/?wpcm_player=franciszek-jastrzebski\">Franciszek Jastrz\u0119bski<\/a> (2006).<\/li>\n<\/ul>\n<p>\u0141\u0105cznie: 14 zawodnik\u00f3w (2003 &#8211; 1, 2004 &#8211; 5, 2005 &#8211; 3, 2006 &#8211; 5).<\/p>\n<p><strong>2016 rok:<\/strong><\/p>\n<ul>\n<li><a href=\"http:\/\/www.apn.ostroleka.pl\/?wpcm_player=radoslaw-zysk\">Rados\u0142aw Zy\u015bk<\/a> (2003),<\/li>\n<li><a href=\"http:\/\/www.apn.ostroleka.pl\/?wpcm_player=krystian-marciniak\">Krystian Marciniak<\/a> (2004),\u00a0<a href=\"http:\/\/www.apn.ostroleka.pl\/?wpcm_player=mateusz-majbanski\">Mateusz Majba\u0144ski<\/a> (2004),\u00a0<a href=\"http:\/\/www.apn.ostroleka.pl\/?wpcm_player=kacper-piekarski\">Kacper Piekarski<\/a> (2004),\u00a0<a href=\"http:\/\/www.apn.ostroleka.pl\/?wpcm_player=kacper-piorkowski\">Kacper Pi\u00f3rkowski<\/a> (2004),\u00a0<a href=\"http:\/\/www.apn.ostroleka.pl\/?wpcm_player=drezek-konrad\">Konrad Dr\u0119\u017cek<\/a> (2004),<\/li>\n<li><a href=\"http:\/\/www.apn.ostroleka.pl\/?wpcm_player=kacper-ciecierski\">Kacper Ciecierski<\/a> (2005),\u00a0<a href=\"http:\/\/www.apn.ostroleka.pl\/?wpcm_player=bartlomiej-krasiewicz\">Bart\u0142omiej Krasiewicz<\/a> (2005),\u00a0<a href=\"http:\/\/www.apn.ostroleka.pl\/?wpcm_player=filip-olbrys\">Filip Olbry\u015b<\/a> (2005),\u00a0<a href=\"http:\/\/www.apn.ostroleka.pl\/?wpcm_player=adam-zieba\">Adam Zi\u0119ba<\/a> (2005),\u00a0<a href=\"http:\/\/www.apn.ostroleka.pl\/?wpcm_player=aleksander-borkowski\">Aleksander Borkowski<\/a> (2005)<\/li>\n<li><a href=\"http:\/\/www.apn.ostroleka.pl\/?wpcm_player=dominik-borowiecki\">Dominik Borowiecki<\/a> (2006),\u00a0<a href=\"http:\/\/www.apn.ostroleka.pl\/?wpcm_player=jakub-trzcinski\">Jakub Trzci\u0144ski<\/a> (2006),\u00a0<a href=\"http:\/\/www.apn.ostroleka.pl\/?wpcm_player=igor-olszewski\">Igor Olszewski<\/a> (2006),\u00a0<a href=\"http:\/\/www.apn.ostroleka.pl\/?wpcm_player=bartosz-golaszewski\">Bartosz Go\u0142aszewski<\/a> (2006),\u00a0<a href=\"http:\/\/www.apn.ostroleka.pl\/?wpcm_player=karol-stolarczyk\">Karol Stolarczyk<\/a> (2006),\u00a0<a href=\"http:\/\/www.apn.ostroleka.pl\/?wpcm_player=borys-ciezar\">Borys Ci\u0119\u017car<\/a> (2006),<\/li>\n<li>Karol D\u0119bek (2007),\u00a0<a href=\"http:\/\/www.apn.ostroleka.pl\/?wpcm_player=adam-dovgosheya\">Adam Dovgosheya<\/a> (2007),\u00a0Bartosz Gr\u0105dzki (2007),\u00a0Wiktor Laskowski (2007),\u00a0<a href=\"http:\/\/www.apn.ostroleka.pl\/?wpcm_player=alex-mierzejewski\">Alex Mierzejewski<\/a> (2007),\u00a0Adam\u00a0Stolarczyk (2007),\u00a0<a href=\"http:\/\/www.apn.ostroleka.pl\/?wpcm_player=franciszek-zareba\">Franciszek Zar\u0119ba<\/a> (2007).<\/li>\n<\/ul>\n<p>\u0141\u0105cznie: 24 zawodnik\u00f3w (2003 &#8211; 1, 2004 &#8211; 5, 2005 &#8211; 5, 2006 &#8211; 6, 2007 &#8211; 7).<\/p>\n<p><strong>2017 rok:<\/strong><\/p>\n<ul>\n<li><a href=\"http:\/\/www.apn.ostroleka.pl\/?wpcm_player=krystian-marciniak\">Krystian Marciniak<\/a>\u00a0(2004),\u00a0<a href=\"http:\/\/www.apn.ostroleka.pl\/?wpcm_player=mateusz-majbanski\">Mateusz Majba\u0144ski<\/a>\u00a0(2004),\u00a0<a href=\"http:\/\/www.apn.ostroleka.pl\/?wpcm_player=kacper-piorkowski\">Kacper Pi\u00f3rkowski<\/a>\u00a0(2004),\u00a0<a href=\"http:\/\/www.apn.ostroleka.pl\/?wpcm_player=6519\">Szymon Szczepanek<\/a>\u00a0(2004),\u00a0<a href=\"http:\/\/www.apn.ostroleka.pl\/?wpcm_player=drezek-konrad\">Konrad Dr\u0119\u017cek<\/a>\u00a0(2004),<\/li>\n<li><a href=\"http:\/\/www.apn.ostroleka.pl\/?wpcm_player=filip-olbrys\">Filip Olbry\u015b<\/a>\u00a0(2005),\u00a0<a href=\"http:\/\/www.apn.ostroleka.pl\/?wpcm_player=kacper-ciecierski\">Kacper Ciecierski<\/a>\u00a0(2005),\u00a0<a href=\"http:\/\/www.apn.ostroleka.pl\/?wpcm_player=bartlomiej-krasiewicz\">Bart\u0142omiej Krasiewicz<\/a>\u00a0(2005),<\/li>\n<li><a href=\"http:\/\/www.apn.ostroleka.pl\/?wpcm_player=dominik-borowiecki\">Dominik Borowiecki<\/a> (2006),\u00a0<a href=\"http:\/\/www.apn.ostroleka.pl\/?wpcm_player=jakub-trzcinski\">Jakub Trzci\u0144ski<\/a> (2006),\u00a0<a href=\"http:\/\/www.apn.ostroleka.pl\/?wpcm_player=igor-olszewski\">Igor Olszewski<\/a> (2006),\u00a0<a href=\"http:\/\/www.apn.ostroleka.pl\/?wpcm_player=bartosz-golaszewski\">Bartosz Go\u0142aszewski<\/a> (2006),\u00a0<a href=\"http:\/\/www.apn.ostroleka.pl\/?wpcm_player=karol-stolarczyk\">Karol Stolarczyk<\/a> (2006),\u00a0<a href=\"http:\/\/www.apn.ostroleka.pl\/?wpcm_player=borys-ciezar\">Borys Ci\u0119\u017car<\/a> (2006),<\/li>\n<li>Karol D\u0119bek (2007),\u00a0Adam Dovgosheya (2007),\u00a0Bartosz Gr\u0105dzki (2007),\u00a0Wiktor Laskowski (2007),\u00a0Alex Mierzejewski (2007),\u00a0Dawid Skorupski (2007),\u00a0Franciszek Zar\u0119ba (2007),\u00a0Kacper \u017bebrowski (2007),<\/li>\n<li>Piotr Go\u0142aszewski (2008),\u00a0Adrian Jasik (2008),\u00a0Eryk Krawczak (2008),\u00a0Krystian Pop\u0142awski (2008)\u00a0Mateusz Roman (2008),\u00a0Krystian Tyszka (2008).<\/li>\n<\/ul>\n<p>\u0141\u0105cznie:\u00a028\u00a0zawodnik\u00f3w (2004 &#8211; 5, 2005 &#8211; 3, 2006 &#8211; 6, 2007 &#8211; 8, 2008\u00a0&#8211; 6).<\/p>\n<p><strong>2018 rok:<\/strong><\/p>\n<ul>\n<li>Filip Olbry\u015b (2005),\u00a0Kacper Ciecierski (2005),<\/li>\n<li>Dominik Borowiecki (2006),\u00a0Borys Ci\u0119\u017car (2006), Bartosz Go\u0142aszewski (2006),\u00a0Igor Olszewski (2006),\u00a0Olaf Radzi\u0144ski (2006),\u00a0Karol Stolarczyk (2006), Jakub Trzci\u0144ski (2006),<\/li>\n<li>Karol D\u0119bek (2007), Adam Dovgosheya (2007),\u00a0Bartosz Gr\u0105dzki (2007),\u00a0Wiktor Laskowski (2007), Alex Mierzejewski (2007), Dawid Skorupski (2007), Hubert Szmigiel (2007), Jakub Walewski (2007), Franciszek Zar\u0119ba (2007),<\/li>\n<li>Eryk Krawczak (2008),\u00a0Piotr Go\u0142aszewski (2008),\u00a0Adrian Jasik (2008),\u00a0Dawid Malanowski (2008), Krystian Pop\u0142awski (2008),\u00a0Mateusz Roman (2008),<\/li>\n<li>Igor Gumkowski (2009), Pawe\u0142 Marciniak (2009), Aleksander Ochenkowski (2009), Emil Pawlak (2009), Szymon Wojdyna (2009), Marcin Zalewski (2009).<\/li>\n<\/ul>\n<p>\u0141\u0105cznie:\u00a030 zawodnik\u00f3w (2005 &#8211; 2, 2006 &#8211; 7, 2007 &#8211; 9, 2008 &#8211; 6, 2009 &#8211; 6).<\/p>\n<p><img loading=\"lazy\" class=\"aligncenter size-full wp-image-9543\" src=\"http:\/\/www.apn.ostroleka.pl\/wp-content\/uploads\/podsumowanie-coozpn.png\" alt=\"\" width=\"605\" height=\"159\" srcset=\"http:\/\/www.apn.ostroleka.pl\/wp-content\/uploads\/podsumowanie-coozpn.png 605w, http:\/\/www.apn.ostroleka.pl\/wp-content\/uploads\/podsumowanie-coozpn-300x79.png 300w\" sizes=\"(max-width: 605px) 100vw, 605px\" \/><\/p>\n<p style=\"text-align: center;\"><em>BK = brak kadry COOZPN w tym roczniku w tym roku<\/em><\/p>\n<p><strong>2019 rok:<\/strong><\/p>\n<ul>\n<li>Fabian Kurpiewski, Emilian Pawlak, Aleksander Ochenkowski (2009)<\/li>\n<li>Aleksander Baku\u0142a, Adam Krajewski, Miko\u0142aj Lendzioszek, Maciej Wilczek, Jakub Za\u0142\u0119ski (2010)<\/li>\n<\/ul>\n<hr \/>\n<h2>Wychowankowie<\/h2>\n<p style=\"text-align: justify;\">Reprezentuj\u0105 nas &#8222;na zewn\u0105trz&#8221; tak\u017ce wychowankowie, kt\u00f3rzy zmienili klub. Poni\u017cej prezentowa\u0107 b\u0119dziemy sylwetki tych, kt\u00f3rzy\u00a0s\u0105 na\u00a0najlepszej drodze do du\u017cej pi\u0142karskiej kariery:<\/p>\n<ul>\n<li><a href=\"http:\/\/www.apn.ostroleka.pl\/?p=6511\">Rados\u0142aw Zy\u015bk\u00a0<\/a>&#8211; Jagiellonia Bia\u0142ystok (CLJ), reprezentacja Mazowieckiego ZPN, reprezentacja Podlaskiego ZPN, reprezentacja Polski U-17 (konsultacje);<\/li>\n<li><a href=\"http:\/\/www.apn.ostroleka.pl\/?p=8289\">Olaf Bartkiewicz<\/a> &#8211; Polonia Warszawa, reprezentacja Mazowieckiego ZPN;<\/li>\n<li><a href=\"http:\/\/www.apn.ostroleka.pl\/?p=9257\">Kacper Pi\u00f3rkowski<\/a> &#8211; Escola Varsovia Warszawa (CLJ), reprezentacja Mazowieckiego ZPN;<\/li>\n<li><a href=\"http:\/\/www.apn.ostroleka.pl\/?p=9257\">Mateusz Majba\u0144ski<\/a> &#8211; Polonia Waszawa;<\/li>\n<li><a href=\"http:\/\/www.apn.ostroleka.pl\/?p=9688\">Mi\u0142osz Skowronek<\/a> &#8211; Jagiellonia Bia\u0142ystok, reprezentacja Polski U-15 (konsultacje);<\/li>\n<li><a href=\"http:\/\/www.narew.ostroleka.pl\/?p=15528\">Kevin Karwowski<\/a> &#8211; Narew Ostro\u0142\u0119ka;<\/li>\n<li><a href=\"http:\/\/www.narew.ostroleka.pl\/archiwa\/16544\">Kacper Stepnowski<\/a> &#8211; Narew Ostro\u0142\u0119ka;<\/li>\n<li><a href=\"http:\/\/www.narew.ostroleka.pl\/archiwa\/16544\">Kacper Nied\u017awiecki<\/a> &#8211; Narew Ostro\u0142\u0119ka;<\/li>\n<li><a href=\"http:\/\/www.narew.ostroleka.pl\/archiwa\/16544\">Jan Bia\u0142obrzeski<\/a> &#8211; Narew Ostro\u0142\u0119ka;<\/li>\n<li><a href=\"http:\/\/www.apn.ostroleka.pl\/?p=9538\">Filip Olbry\u015b<\/a> &#8211; Zag\u0142\u0119bie Sosnowiec;<\/li>\n<li>Maciej Kube\u0142, Bartosz Bie\u0144kowski, Konrad Dr\u0119\u017cek &#8211; Narew Ostro\u0142\u0119ka<\/li>\n<li><a href=\"http:\/\/www.apn.ostroleka.pl\/?p=9766\">Kuba Trzci\u0144ski<\/a> &#8211; Jagiellonia Bia\u0142ystok;<\/li>\n<li><a href=\"http:\/\/www.apn.ostroleka.pl\/?p=9778\">Borys Ci\u0119\u017car<\/a> &#8211; Polonia Warszawa.<\/li>\n<\/ul>\n<hr \/>\n<h2>Trenerzy reprezentacji<\/h2>\n<p style=\"text-align: justify;\">Tak\u017ce nasi trenerzy mog\u0105 zosta\u0107 wyr\u00f3\u017cnieni, mo\u017cliwo\u015bci\u0105 prowadzenia kt\u00f3rej\u015b z reprezentacji m\u0142odzie\u017cowych Ciechanowsko-Ostro\u0142\u0119ckiego Okr\u0119gowego Zwi\u0105zku Pi\u0142ki No\u017cnej (szanse na prowadzenie reprezentacji Mazowsza s\u0105 niewielkie). Pierwszym naszym trenerem kadry COOZPN zosta\u0142 Marcin Roman, szkol\u0105cy w\u00f3wczas rocznik 2003 w APN.<\/p>\n<ul>\n<li><a href=\"http:\/\/www.apn.ostroleka.pl\/?p=7091\">Marcin Roman <\/a>(trener rocznika 2007 COOZPN, od sierpnia 2016 do sierpnia 2019)<\/li>\n<\/ul>\n","protected":false},"excerpt":{"rendered":"<p>Poni\u017cej przedstawiamy list\u0119 zawodnik\u00f3w APN Ostro\u0142\u0119ka powo\u0142anych w poszczeg\u00f3lnych latach do reprezentacji Ciechanowsko-Ostro\u0142\u0119ckiego Okr\u0119gowego Zwi\u0105zku Pi\u0142ki No\u017cnej oraz do reprezentacji Mazowieckiego Zwi\u0105zku Pi\u0142ki No\u017cnej (Reprezentacji Mazowsza). Mamy nadziej\u0119, \u017ce kiedy\u015b\u00a0b\u0119dzie &hellip; <\/p>\n","protected":false},"author":1,"featured_media":0,"parent":4434,"menu_order":0,"comment_status":"closed","ping_status":"closed","template":"","meta":[],"_links":{"self":[{"href":"http:\/\/www.apn.ostroleka.pl\/index.php?rest_route=\/wp\/v2\/pages\/6195"}],"collection":[{"href":"http:\/\/www.apn.ostroleka.pl\/index.php?rest_route=\/wp\/v2\/pages"}],"about":[{"href":"http:\/\/www.apn.ostroleka.pl\/index.php?rest_route=\/wp\/v2\/types\/page"}],"author":[{"embeddable":true,"href":"http:\/\/www.apn.ostroleka.pl\/index.php?rest_route=\/wp\/v2\/users\/1"}],"replies":[{"embeddable":true,"href":"http:\/\/www.apn.ostroleka.pl\/index.php?rest_route=%2Fwp%2Fv2%2Fcomments&post=6195"}],"version-history":[{"count":41,"href":"http:\/\/www.apn.ostroleka.pl\/index.php?rest_route=\/wp\/v2\/pages\/6195\/revisions"}],"predecessor-version":[{"id":9854,"href":"http:\/\/www.apn.ostroleka.pl\/index.php?rest_route=\/wp\/v2\/pages\/6195\/revisions\/9854"}],"up":[{"embeddable":true,"href":"http:\/\/www.apn.ostroleka.pl\/index.php?rest_route=\/wp\/v2\/pages\/4434"}],"wp:attachment":[{"href":"http:\/\/www.apn.ostroleka.pl\/index.php?rest_route=%2Fwp%2Fv2%2Fmedia&parent=6195"}],"curies":[{"name":"wp","href":"https:\/\/api.w.org\/{rel}","templated":true}]}}