{"id":60,"date":"2011-07-22T15:03:30","date_gmt":"2011-07-22T13:03:30","guid":{"rendered":"http:\/\/apnostro.webd.pl\/?page_id=60"},"modified":"2017-09-06T11:37:25","modified_gmt":"2017-09-06T09:37:25","slug":"sponsorzy","status":"publish","type":"page","link":"http:\/\/www.apn.ostroleka.pl\/?page_id=60","title":{"rendered":"Partnerzy"},"content":{"rendered":"<p style=\"text-align: center;\"><img loading=\"lazy\" class=\"aligncenter size-full wp-image-7658\" src=\"http:\/\/www.apn.ostroleka.pl\/wp-content\/uploads\/azcolor-gora.png\" alt=\"\" width=\"490\" height=\"120\" srcset=\"http:\/\/www.apn.ostroleka.pl\/wp-content\/uploads\/azcolor-gora.png 490w, http:\/\/www.apn.ostroleka.pl\/wp-content\/uploads\/azcolor-gora-300x73.png 300w, http:\/\/www.apn.ostroleka.pl\/wp-content\/uploads\/azcolor-gora-100x24.png 100w, http:\/\/www.apn.ostroleka.pl\/wp-content\/uploads\/azcolor-gora-50x12.png 50w, http:\/\/www.apn.ostroleka.pl\/wp-content\/uploads\/azcolor-gora-25x6.png 25w\" sizes=\"(max-width: 490px) 100vw, 490px\" \/><\/p>\n<p style=\"text-align: justify;\">Sponsorem g\u0142\u00f3wnym Ostro\u0142\u0119ckiej Akademii Pi\u0142ki No\u017cnej jest Drukarnia A-Z Color. Dzi\u0119kujemy jej dyrekcji, oraz wszystkim sponsorom za dotychczasow\u0105 wsp\u00f3\u0142prac\u0119!<strong>\u00a0<\/strong><span style=\"text-decoration: underline;\"><strong><br \/>\n<\/strong><\/span><\/p>\n<p style=\"text-align: justify;\">Ca\u0142y czas szukamy innych sponsor\u00f3w. Je\u015bli jeste\u015bcie Pa\u0144stwo zainteresowani wspieraniem\u00a0APN Ostro\u0142\u0119ka, prosimy o kontakt. Dane kontaktowe znajduj\u0105 si\u0119\u00a0po boku strony.<\/p>\n<p style=\"text-align: justify;\">Ponadto podajemy nasz numer konta. B\u0119dziemy wdzi\u0119czni za wszelk\u0105 pomoc. Dzi\u0119kujemy z g\u00f3ry! \ud83d\ude42<\/p>\n<p style=\"text-align: justify;\">Ostro\u0142\u0119cka Akademia Pi\u0142ki No\u017cnej,<br \/>\nul. Frezjowa 8 07-410 Ostro\u0142\u0119ka<br \/>\nAlior Bank S.A. O\/Ostro\u0142\u0119ka<br \/>\n44-2490-0005-0000-4500-1570-2334<\/p>\n<p style=\"text-align: justify;\"><strong>Pozostali partnerzy\u00a0APN Ostro\u0142\u0119ka:<\/strong><\/p>\n<p><a href=\"http:\/\/www.elsam.com.pl\" target=\"_blank\" rel=\"noopener\"><img loading=\"lazy\" src=\"http:\/\/www.apn.ostroleka.pl\/wp-content\/uploads\/dol01.png\" alt=\"\" width=\"100\" height=\"100\" \/><\/a>\u00a0<a href=\"http:\/\/www.benzol.com.pl\" target=\"_blank\" rel=\"noopener\"><img loading=\"lazy\" src=\"http:\/\/www.apn.ostroleka.pl\/wp-content\/uploads\/dol02.png\" alt=\"\" width=\"100\" height=\"100\" \/><\/a>\u00a0<a href=\"http:\/\/www.lus-ar.com.pl\" target=\"_blank\" rel=\"noopener\"><img loading=\"lazy\" src=\"http:\/\/www.apn.ostroleka.pl\/wp-content\/uploads\/dol03.png\" alt=\"\" width=\"100\" height=\"100\" \/><\/a>\u00a0<a href=\"http:\/\/capitalservice.pl\/placowka\/ostroleka-ul-kopernika-74\/\" target=\"_blank\" rel=\"noopener\"><img loading=\"lazy\" src=\"http:\/\/www.apn.ostroleka.pl\/wp-content\/uploads\/dol04.png\" alt=\"\" width=\"100\" height=\"100\" \/><\/a><\/p>\n<p><img loading=\"lazy\" src=\"http:\/\/www.apn.ostroleka.pl\/wp-content\/uploads\/dol05.png\" alt=\"\" width=\"100\" height=\"100\" \/><a href=\"http:\/\/www.opoltrans.com.pl\/oddzialy.html\" target=\"_blank\" rel=\"noopener\"><img loading=\"lazy\" class=\"wp-image-5107 size-full\" src=\"http:\/\/www.apn.ostroleka.pl\/wp-content\/uploads\/logo-opoltrans.png\" alt=\"logo-opoltrans\" width=\"100\" height=\"100\" \/><\/a><a href=\"http:\/\/www.kreisel.pl\" target=\"_blank\" rel=\"noopener\"><img loading=\"lazy\" class=\"wp-image-5593\" src=\"http:\/\/www.apn.ostroleka.pl\/wp-content\/uploads\/kreisel.png\" alt=\"kreisel\" width=\"100\" height=\"100\" \/><\/a><a href=\"http:\/\/www.piekarniakurpiowska.pl\"><img loading=\"lazy\" class=\"alignnone wp-image-5968\" src=\"http:\/\/www.apn.ostroleka.pl\/wp-content\/uploads\/serafin.png\" alt=\"serafin\" width=\"100\" height=\"100\" srcset=\"http:\/\/www.apn.ostroleka.pl\/wp-content\/uploads\/serafin.png 180w, http:\/\/www.apn.ostroleka.pl\/wp-content\/uploads\/serafin-200x200.png 200w, http:\/\/www.apn.ostroleka.pl\/wp-content\/uploads\/serafin-100x100.png 100w, http:\/\/www.apn.ostroleka.pl\/wp-content\/uploads\/serafin-50x50.png 50w, http:\/\/www.apn.ostroleka.pl\/wp-content\/uploads\/serafin-25x25.png 25w, http:\/\/www.apn.ostroleka.pl\/wp-content\/uploads\/serafin-160x160.png 160w, http:\/\/www.apn.ostroleka.pl\/wp-content\/uploads\/serafin-40x40.png 40w, http:\/\/www.apn.ostroleka.pl\/wp-content\/uploads\/serafin-38x38.png 38w\" sizes=\"(max-width: 100px) 100vw, 100px\" \/><\/a><\/p>\n<p><a href=\"http:\/\/www.eeic.pl\"><img loading=\"lazy\" class=\"alignnone wp-image-7481\" src=\"http:\/\/www.apn.ostroleka.pl\/wp-content\/uploads\/eko-energetyka.png\" alt=\"eko-energetyka\" width=\"100\" height=\"100\" srcset=\"http:\/\/www.apn.ostroleka.pl\/wp-content\/uploads\/eko-energetyka.png 150w, http:\/\/www.apn.ostroleka.pl\/wp-content\/uploads\/eko-energetyka-100x100.png 100w, http:\/\/www.apn.ostroleka.pl\/wp-content\/uploads\/eko-energetyka-50x50.png 50w, http:\/\/www.apn.ostroleka.pl\/wp-content\/uploads\/eko-energetyka-25x25.png 25w\" sizes=\"(max-width: 100px) 100vw, 100px\" \/><\/a><\/p>\n<p>&nbsp;<\/p>\n<p><strong>Partnerem Technicznym APN Ostro\u0142\u0119ka jest VITASPORT<\/strong><\/p>\n<p><a href=\"http:\/\/www.vitasport.pl\" target=\"_blank\" rel=\"noopener\"><img loading=\"lazy\" class=\"aligncenter\" src=\"http:\/\/www.apn.ostroleka.pl\/wp-content\/uploads\/dol06.png\" alt=\"\" width=\"100\" height=\"100\" \/><\/a><\/p>\n<p>&nbsp;<\/p>\n<p>Partnerem Medialnym APN Ostro\u0142\u0119ka jest Tygodnik Ostro\u0142\u0119cki.<\/p>\n<p><a href=\"http:\/\/www.to.com.pl\" target=\"_blank\" rel=\"noopener\"><img loading=\"lazy\" class=\"aligncenter size-full wp-image-5566\" src=\"http:\/\/www.apn.ostroleka.pl\/wp-content\/uploads\/tygodnik.png\" alt=\"tygodnik\" width=\"182\" height=\"182\" \/><\/a><\/p>\n","protected":false},"excerpt":{"rendered":"<p>Sponsorem g\u0142\u00f3wnym Ostro\u0142\u0119ckiej Akademii Pi\u0142ki No\u017cnej jest Drukarnia A-Z Color. Dzi\u0119kujemy jej dyrekcji, oraz wszystkim sponsorom za dotychczasow\u0105 wsp\u00f3\u0142prac\u0119!\u00a0 Ca\u0142y czas szukamy innych sponsor\u00f3w. Je\u015bli jeste\u015bcie Pa\u0144stwo zainteresowani wspieraniem\u00a0APN Ostro\u0142\u0119ka, &hellip; <\/p>\n","protected":false},"author":1,"featured_media":0,"parent":0,"menu_order":0,"comment_status":"closed","ping_status":"open","template":"","meta":[],"_links":{"self":[{"href":"http:\/\/www.apn.ostroleka.pl\/index.php?rest_route=\/wp\/v2\/pages\/60"}],"collection":[{"href":"http:\/\/www.apn.ostroleka.pl\/index.php?rest_route=\/wp\/v2\/pages"}],"about":[{"href":"http:\/\/www.apn.ostroleka.pl\/index.php?rest_route=\/wp\/v2\/types\/page"}],"author":[{"embeddable":true,"href":"http:\/\/www.apn.ostroleka.pl\/index.php?rest_route=\/wp\/v2\/users\/1"}],"replies":[{"embeddable":true,"href":"http:\/\/www.apn.ostroleka.pl\/index.php?rest_route=%2Fwp%2Fv2%2Fcomments&post=60"}],"version-history":[{"count":17,"href":"http:\/\/www.apn.ostroleka.pl\/index.php?rest_route=\/wp\/v2\/pages\/60\/revisions"}],"predecessor-version":[{"id":8461,"href":"http:\/\/www.apn.ostroleka.pl\/index.php?rest_route=\/wp\/v2\/pages\/60\/revisions\/8461"}],"wp:attachment":[{"href":"http:\/\/www.apn.ostroleka.pl\/index.php?rest_route=%2Fwp%2Fv2%2Fmedia&parent=60"}],"curies":[{"name":"wp","href":"https:\/\/api.w.org\/{rel}","templated":true}]}}