{"id":577,"date":"2012-05-16T17:45:26","date_gmt":"2012-05-16T15:45:26","guid":{"rendered":"http:\/\/www.apn.ostroleka.pl\/?page_id=577"},"modified":"2015-08-04T11:49:50","modified_gmt":"2015-08-04T09:49:50","slug":"dekalog-rodzica","status":"publish","type":"page","link":"http:\/\/www.apn.ostroleka.pl\/?page_id=577","title":{"rendered":"Dla Rodzic\u00f3w"},"content":{"rendered":"<ul>\n<li><a href=\"http:\/\/www.apn.ostroleka.pl\/?page_id=4271\">Dekalog Rodzica<\/a><\/li>\n<li><a href=\"http:\/\/www.upyou.pl\/rodzic-trener-nauczyciel\/\" target=\"_blank\">&#8222;Rodzic, trener, nauczyciel&#8221;<\/a>\u00a0&#8211; darmowa ksi\u0105\u017cka<\/li>\n<li><a href=\"http:\/\/www.junior.sport.pl\/junior\/1,143113,17169452,Aktywny_rodzic___aktywne_dziecko.html\" target=\"_blank\">Artyku\u0142 do przeczytania<\/a>, a potem czas si\u0119 porusza\u0107 \ud83d\ude42<\/li>\n<li><a href=\"http:\/\/www.junior.sport.pl\/junior\/1,143113,17586131,Charakter_mistrza_wypracowuje_sie_kazdego_dnia__Rola.html\" target=\"_blank\">Charakter mistrza wypracowuje si\u0119 ka\u017cdego dnia<\/a>\u00a0&#8211; artyku\u0142<\/li>\n<\/ul>\n","protected":false},"excerpt":{"rendered":"<p>Dekalog Rodzica &#8222;Rodzic, trener, nauczyciel&#8221;\u00a0&#8211; darmowa ksi\u0105\u017cka Artyku\u0142 do przeczytania, a potem czas si\u0119 porusza\u0107 \ud83d\ude42 Charakter mistrza wypracowuje si\u0119 ka\u017cdego dnia\u00a0&#8211; artyku\u0142<\/p>\n","protected":false},"author":1,"featured_media":0,"parent":575,"menu_order":0,"comment_status":"closed","ping_status":"open","template":"","meta":[],"_links":{"self":[{"href":"http:\/\/www.apn.ostroleka.pl\/index.php?rest_route=\/wp\/v2\/pages\/577"}],"collection":[{"href":"http:\/\/www.apn.ostroleka.pl\/index.php?rest_route=\/wp\/v2\/pages"}],"about":[{"href":"http:\/\/www.apn.ostroleka.pl\/index.php?rest_route=\/wp\/v2\/types\/page"}],"author":[{"embeddable":true,"href":"http:\/\/www.apn.ostroleka.pl\/index.php?rest_route=\/wp\/v2\/users\/1"}],"replies":[{"embeddable":true,"href":"http:\/\/www.apn.ostroleka.pl\/index.php?rest_route=%2Fwp%2Fv2%2Fcomments&post=577"}],"version-history":[{"count":6,"href":"http:\/\/www.apn.ostroleka.pl\/index.php?rest_route=\/wp\/v2\/pages\/577\/revisions"}],"predecessor-version":[{"id":4317,"href":"http:\/\/www.apn.ostroleka.pl\/index.php?rest_route=\/wp\/v2\/pages\/577\/revisions\/4317"}],"up":[{"embeddable":true,"href":"http:\/\/www.apn.ostroleka.pl\/index.php?rest_route=\/wp\/v2\/pages\/575"}],"wp:attachment":[{"href":"http:\/\/www.apn.ostroleka.pl\/index.php?rest_route=%2Fwp%2Fv2%2Fmedia&parent=577"}],"curies":[{"name":"wp","href":"https:\/\/api.w.org\/{rel}","templated":true}]}}