{"id":5233,"date":"2016-02-18T16:30:09","date_gmt":"2016-02-18T14:30:09","guid":{"rendered":"http:\/\/www.apn.ostroleka.pl\/?page_id=5233"},"modified":"2016-04-17T10:48:26","modified_gmt":"2016-04-17T08:48:26","slug":"5233-2","status":"publish","type":"page","link":"http:\/\/www.apn.ostroleka.pl\/?page_id=5233","title":{"rendered":"Sukcesy grupy 2008"},"content":{"rendered":"<p style=\"text-align: center;\"><img loading=\"lazy\" class=\"aligncenter size-full wp-image-5230\" src=\"http:\/\/www.apn.ostroleka.pl\/wp-content\/uploads\/2008-wigry-12.jpg\" alt=\"2008-wigry-12\" width=\"800\" height=\"531\" srcset=\"http:\/\/www.apn.ostroleka.pl\/wp-content\/uploads\/2008-wigry-12.jpg 800w, http:\/\/www.apn.ostroleka.pl\/wp-content\/uploads\/2008-wigry-12-300x199.jpg 300w\" sizes=\"(max-width: 800px) 100vw, 800px\" \/><br \/>\nAPN Ostro\u0142\u0119ka, rocznik 2008 (cz\u0119\u015b\u0107 grupy), wraz z trenerami Paw\u0142em Zalewskim i Micha\u0142em \u015aniadachem<\/p>\n<table>\n<tbody>\n<tr>\n<td><strong>Puchar<\/strong><\/td>\n<td><strong>Opis<\/strong><\/td>\n<td><strong>Indywidualnie<\/strong><\/td>\n<\/tr>\n<tr>\n<td><img loading=\"lazy\" class=\"aligncenter size-thumbnail wp-image-5229\" src=\"http:\/\/www.apn.ostroleka.pl\/wp-content\/uploads\/2008-wigry-09-200x200.jpg\" alt=\"2008-wigry-09\" width=\"200\" height=\"200\" \/><\/td>\n<td><span style=\"text-decoration: underline;\">6. miejsce<\/span><br \/>\nWigry Cup<br \/>\nRelacja: <strong><a href=\"http:\/\/www.apn.ostroleka.pl\/?p=5227\">tutaj<\/a><\/strong><br \/>\nSuwa\u0142ki,\u00a030.01.2016<\/td>\n<td>Najlepszy zawodnik<br \/>\nnaszej dru\u017cyny:<br \/>\nKrystian Tyszka<\/td>\n<\/tr>\n<tr>\n<td>&#8211;<\/td>\n<td><span style=\"text-decoration: underline;\">6. miejsce<\/span><br \/>\nTurniej M\u0142odych Or\u0142\u00f3w<br \/>\nRelacja: <b><a href=\"http:\/\/www.apn.ostroleka.pl\/?p=5371\">tutaj<\/a><\/b><br \/>\nPu\u0142tusk, 12.03.2016<\/td>\n<td>Najlepszy bramkarz:<br \/>\nRajan Frankowski<\/td>\n<\/tr>\n<\/tbody>\n<\/table>\n<p style=\"text-align: center;\"><a href=\"http:\/\/www.apn.ostroleka.pl\/?page_id=4432\">Powr\u00f3t<\/a><\/p>\n","protected":false},"excerpt":{"rendered":"<p>APN Ostro\u0142\u0119ka, rocznik 2008 (cz\u0119\u015b\u0107 grupy), wraz z trenerami Paw\u0142em Zalewskim i Micha\u0142em \u015aniadachem Puchar Opis Indywidualnie 6. miejsce Wigry Cup Relacja: tutaj Suwa\u0142ki,\u00a030.01.2016 Najlepszy zawodnik naszej dru\u017cyny: Krystian Tyszka &hellip; <\/p>\n","protected":false},"author":1,"featured_media":0,"parent":4432,"menu_order":0,"comment_status":"closed","ping_status":"closed","template":"","meta":[],"_links":{"self":[{"href":"http:\/\/www.apn.ostroleka.pl\/index.php?rest_route=\/wp\/v2\/pages\/5233"}],"collection":[{"href":"http:\/\/www.apn.ostroleka.pl\/index.php?rest_route=\/wp\/v2\/pages"}],"about":[{"href":"http:\/\/www.apn.ostroleka.pl\/index.php?rest_route=\/wp\/v2\/types\/page"}],"author":[{"embeddable":true,"href":"http:\/\/www.apn.ostroleka.pl\/index.php?rest_route=\/wp\/v2\/users\/1"}],"replies":[{"embeddable":true,"href":"http:\/\/www.apn.ostroleka.pl\/index.php?rest_route=%2Fwp%2Fv2%2Fcomments&post=5233"}],"version-history":[{"count":6,"href":"http:\/\/www.apn.ostroleka.pl\/index.php?rest_route=\/wp\/v2\/pages\/5233\/revisions"}],"predecessor-version":[{"id":5485,"href":"http:\/\/www.apn.ostroleka.pl\/index.php?rest_route=\/wp\/v2\/pages\/5233\/revisions\/5485"}],"up":[{"embeddable":true,"href":"http:\/\/www.apn.ostroleka.pl\/index.php?rest_route=\/wp\/v2\/pages\/4432"}],"wp:attachment":[{"href":"http:\/\/www.apn.ostroleka.pl\/index.php?rest_route=%2Fwp%2Fv2%2Fmedia&parent=5233"}],"curies":[{"name":"wp","href":"https:\/\/api.w.org\/{rel}","templated":true}]}}