{"id":4970,"date":"2015-11-18T12:59:12","date_gmt":"2015-11-18T10:59:12","guid":{"rendered":"http:\/\/www.apn.ostroleka.pl\/?page_id=4970"},"modified":"2016-03-14T16:29:35","modified_gmt":"2016-03-14T14:29:35","slug":"sukcesy-grupy-200506","status":"publish","type":"page","link":"http:\/\/www.apn.ostroleka.pl\/?page_id=4970","title":{"rendered":"Sukcesy grupy 2006"},"content":{"rendered":"<p style=\"text-align: center;\"><img loading=\"lazy\" class=\"aligncenter size-full wp-image-4980\" src=\"http:\/\/www.apn.ostroleka.pl\/wp-content\/uploads\/200506.jpg\" alt=\"APN 2005-06\" width=\"640\" height=\"426\" srcset=\"http:\/\/www.apn.ostroleka.pl\/wp-content\/uploads\/200506.jpg 640w, http:\/\/www.apn.ostroleka.pl\/wp-content\/uploads\/200506-300x200.jpg 300w\" sizes=\"(max-width: 640px) 100vw, 640px\" \/>APN Ostro\u0142\u0119ka &#8211;\u00a0grupa 2005\/06, wraz z trenerem Tomaszem Nied\u017awieckim.<br \/>\nNieobecny trener Kamil Nowak.<\/p>\n<table>\n<tbody>\n<tr>\n<td><strong>Puchar<\/strong><\/td>\n<td><strong>Opis<\/strong><\/td>\n<td><strong>Indywidualnie<\/strong><\/td>\n<\/tr>\n<tr>\n<td>4. miejsce<\/td>\n<td><span style=\"text-decoration: underline;\">4. miejsce<\/span><br \/>\n\u0141och\u00f3w<br \/>\nRelacja: <a href=\"http:\/\/www.apn.ostroleka.pl\/?p=970\">tutaj<\/a><br \/>\n\u0141och\u00f3w 14.03.2013<\/td>\n<td>&#8211;<\/td>\n<\/tr>\n<tr>\n<td><img loading=\"lazy\" class=\"alignnone\" src=\"http:\/\/www.apn.ostroleka.pl\/wp-content\/uploads\/sukc-16.jpg\" alt=\"\" width=\"250\" height=\"166\" \/><\/td>\n<td>Goran Cup<br \/>\nRelacja: <strong><a href=\"http:\/\/www.apn.ostroleka.pl\/?p=1052\">tutaj<\/a><\/strong><br \/>\nWarszawa, 12.05.2013<\/td>\n<td>Kr\u00f3l strzelc\u00f3w:<br \/>\nAdam Zi\u0119ba<br \/>\n(8 bramek)<\/td>\n<\/tr>\n<tr>\n<td><span style=\"text-decoration: underline;\"><strong>1. miejsce<\/strong><\/span><\/td>\n<td><span style=\"text-decoration: underline;\">1. miejsce<\/span><br \/>\nTurniej w Grodzisku<br \/>\nRelacja: <strong><a href=\"http:\/\/www.apn.ostroleka.pl\/?p=1264\">tutaj<\/a><\/strong><br \/>\nGrodzisk\u00a0Maz., 01.09.2013<\/td>\n<td>MVP: Adam Zi\u0119ba<\/td>\n<\/tr>\n<tr>\n<td><span style=\"text-decoration: underline;\">3. miejsce<\/span><\/td>\n<td><span style=\"text-decoration: underline;\">3. miejsce<\/span><br \/>\nB\u0142yskawica Cup<br \/>\nRelacja: <strong><a href=\"http:\/\/www.apn.ostroleka.pl\/?p=1422\">tutaj<\/a><\/strong><br \/>\nWarszawa, 07.12.2013<\/td>\n<td>MVP: Adam Zi\u0119ba<br \/>\nKr\u00f3l strzelc\u00f3w:<br \/>\nAdam Zi\u0119ba (5 bramek)<\/td>\n<\/tr>\n<tr>\n<td><img loading=\"lazy\" class=\"alignnone\" src=\"http:\/\/www.apn.ostroleka.pl\/wp-content\/uploads\/sukc-24.jpg\" alt=\"\" width=\"250\" height=\"166\" \/><\/td>\n<td>OIS Cup<br \/>\nRelacja: <strong><a href=\"http:\/\/www.apn.ostroleka.pl\/?p=1605\">tutaj<br \/>\n<\/a><\/strong>Dzier\u017cenin, 25.01.2014<\/td>\n<td>&#8211;<\/td>\n<\/tr>\n<tr>\n<td><img loading=\"lazy\" class=\"alignnone\" src=\"http:\/\/www.apn.ostroleka.pl\/wp-content\/uploads\/sukc-35.jpg\" alt=\"\" width=\"250\" height=\"166\" \/><\/td>\n<td>Olecko Football Festival<br \/>\nRelacja: <strong><a href=\"http:\/\/www.apn.ostroleka.pl\/?p=1845\">tutaj<\/a><\/strong><br \/>\nOlecko, 15-16.03.2014<\/td>\n<td>&#8211;<\/td>\n<\/tr>\n<tr>\n<td><span style=\"text-decoration: underline;\"><strong>1. miejsce<\/strong><\/span><\/td>\n<td><span style=\"text-decoration: underline;\">1. miejsce<\/span><br \/>\nTurniej w Ostr\u00f3dzie<br \/>\nRelacja: <strong><a href=\"http:\/\/www.apn.ostroleka.pl\/?p=2196\">tutaj<\/a><\/strong><br \/>\nOstr\u00f3da, 24-25.05.2014<\/td>\n<td>&#8211;<\/td>\n<\/tr>\n<tr>\n<td><span style=\"text-decoration: underline;\"><strong>1. miejsce<\/strong><\/span><\/td>\n<td><span style=\"text-decoration: underline;\">1. miejsce<\/span><br \/>\nMini Liga Europy<br \/>\nRelacja: <strong><a href=\"http:\/\/www.apn.ostroleka.pl\/?p=2656\">tutaj<\/a><\/strong><br \/>\nSiedlce, 20-21.09.2014<\/td>\n<td>&#8211;<\/td>\n<\/tr>\n<tr>\n<td><span style=\"text-decoration: underline;\">2. miejsce<\/span><\/td>\n<td><span style=\"text-decoration: underline;\">2. miejsce<\/span><br \/>\nTurniej halowy w Kadzidle<br \/>\nRelacja: <strong><a href=\"http:\/\/www.apn.ostroleka.pl\/?p=2742\">tutaj<\/a><\/strong><br \/>\nKadzid\u0142o, 11.10.2014<\/td>\n<td>&#8211;<\/td>\n<\/tr>\n<tr>\n<td><span style=\"text-decoration: underline;\"><strong>1. miejsce<\/strong><\/span><\/td>\n<td><span style=\"text-decoration: underline;\">1. miejsce<\/span><br \/>\nTurniej halowy w \u0141ochowie<br \/>\nRelacja: <strong><a href=\"http:\/\/www.apn.ostroleka.pl\/?p=2911\">tutaj<\/a><\/strong><br \/>\n\u0141och\u00f3w, 29.11.2014<\/td>\n<td>MVP: Adam Zi\u0119ba<\/td>\n<\/tr>\n<tr>\n<td>4. miejsce<\/td>\n<td><span style=\"text-decoration: underline;\">4. miejsce<\/span><br \/>\nTurniej Ostrovii Ostr\u00f3w Maz.<br \/>\nRelacja: <strong><a href=\"http:\/\/www.apn.ostroleka.pl\/?p=3253\">tutaj<\/a><\/strong><br \/>\nOstr\u00f3w Maz., 24.01.2015<\/td>\n<td>&#8211;<\/td>\n<\/tr>\n<tr>\n<td><span style=\"text-decoration: underline;\"><strong>1. miejsce<\/strong><\/span><\/td>\n<td><span style=\"text-decoration: underline;\">1. miejsce<\/span><br \/>\nTurniej w Ostrowi Maz.<br \/>\nRelacja: <strong><a href=\"http:\/\/www.apn.ostroleka.pl\/?p=3293\">tutaj<\/a><\/strong><br \/>\nOstr\u00f3w Maz., 31.01.2015<\/td>\n<td>&#8211;<\/td>\n<\/tr>\n<tr>\n<td><span style=\"text-decoration: underline;\">2. miejsce<\/span><\/td>\n<td><span style=\"text-decoration: underline;\">2. miejsce<\/span><br \/>\nOlecko Winter Cup<br \/>\nRelacja: <strong><a href=\"http:\/\/www.apn.ostroleka.pl\/?p=3405\">tutaj<\/a><\/strong><br \/>\nOlecko, 21-22.02.2015<\/td>\n<td>MVP: Konrad Ciecierski<\/td>\n<\/tr>\n<tr>\n<td>miejsca 5-8<\/td>\n<td>Delta Cup CXXII<br \/>\nRelacja: <strong><a href=\"http:\/\/www.apn.ostroleka.pl\/?p=5008\">tutaj<\/a><\/strong><br \/>\nWarszawa,\u00a021.11.2015<\/td>\n<td>&#8211;<\/td>\n<\/tr>\n<tr>\n<td>6. miejsce<\/td>\n<td>Olecko Winter Festival<br \/>\nRelacja: <strong><a href=\"http:\/\/www.apn.ostroleka.pl\/?p=5129\">tutaj<\/a><\/strong><br \/>\nOlecko, 12-13.12.2015<\/td>\n<td>&#8211;<\/td>\n<\/tr>\n<tr>\n<td>4. miejsce<\/td>\n<td>Turniej w Ostrowi Maz.<br \/>\nRelacja: <strong><a href=\"http:\/\/www.apn.ostroleka.pl\/?p=5163\">tutaj<\/a><\/strong><br \/>\nOstr\u00f3w Maz., 09.01.2016<\/td>\n<td>Kr\u00f3l strzelc\u00f3w:<br \/>\nDominik Brzostek<br \/>\n(4 bramki)<\/td>\n<\/tr>\n<tr>\n<td><span style=\"text-decoration: underline;\"><strong>1. miejsce<\/strong><\/span><\/td>\n<td>Puchar APN Olimp Ciechan\u00f3w<br \/>\nRelacja: <strong><a href=\"http:\/\/www.apn.ostroleka.pl\/?p=5254\">tutaj<\/a><\/strong><br \/>\nCiechan\u00f3w, 27.02.2016<\/td>\n<td>Kr\u00f3l strzelc\u00f3w:<br \/>\nDominik\u00a0Borowiecki<br \/>\n(7\u00a0bramek)<br \/>\nNajlepszy bramkarz:<br \/>\nKarol Stolarczyk<\/td>\n<\/tr>\n<tr>\n<td><span style=\"text-decoration: underline;\">2. miejsce<\/span><\/td>\n<td>Turniej im. A. Malarza<br \/>\nRelacja: <strong><a href=\"http:\/\/www.apn.ostroleka.pl\/?p=5329\">tutaj<\/a><\/strong><br \/>\nPu\u0142tusk,\u00a012.03.2016<\/td>\n<td>Najlepszy bramkarz:<br \/>\nKarol Stolarczyk<\/td>\n<\/tr>\n<\/tbody>\n<\/table>\n<p style=\"text-align: center;\"><a href=\"http:\/\/www.apn.ostroleka.pl\/?page_id=4432\">Powr\u00f3t<\/a><\/p>\n","protected":false},"excerpt":{"rendered":"<p>APN Ostro\u0142\u0119ka &#8211;\u00a0grupa 2005\/06, wraz z trenerem Tomaszem Nied\u017awieckim. Nieobecny trener Kamil Nowak. Puchar Opis Indywidualnie 4. miejsce 4. miejsce \u0141och\u00f3w Relacja: tutaj \u0141och\u00f3w 14.03.2013 &#8211; Goran Cup Relacja: tutaj &hellip; <\/p>\n","protected":false},"author":1,"featured_media":0,"parent":4432,"menu_order":0,"comment_status":"closed","ping_status":"closed","template":"","meta":[],"_links":{"self":[{"href":"http:\/\/www.apn.ostroleka.pl\/index.php?rest_route=\/wp\/v2\/pages\/4970"}],"collection":[{"href":"http:\/\/www.apn.ostroleka.pl\/index.php?rest_route=\/wp\/v2\/pages"}],"about":[{"href":"http:\/\/www.apn.ostroleka.pl\/index.php?rest_route=\/wp\/v2\/types\/page"}],"author":[{"embeddable":true,"href":"http:\/\/www.apn.ostroleka.pl\/index.php?rest_route=\/wp\/v2\/users\/1"}],"replies":[{"embeddable":true,"href":"http:\/\/www.apn.ostroleka.pl\/index.php?rest_route=%2Fwp%2Fv2%2Fcomments&post=4970"}],"version-history":[{"count":11,"href":"http:\/\/www.apn.ostroleka.pl\/index.php?rest_route=\/wp\/v2\/pages\/4970\/revisions"}],"predecessor-version":[{"id":5336,"href":"http:\/\/www.apn.ostroleka.pl\/index.php?rest_route=\/wp\/v2\/pages\/4970\/revisions\/5336"}],"up":[{"embeddable":true,"href":"http:\/\/www.apn.ostroleka.pl\/index.php?rest_route=\/wp\/v2\/pages\/4432"}],"wp:attachment":[{"href":"http:\/\/www.apn.ostroleka.pl\/index.php?rest_route=%2Fwp%2Fv2%2Fmedia&parent=4970"}],"curies":[{"name":"wp","href":"https:\/\/api.w.org\/{rel}","templated":true}]}}