{"id":4968,"date":"2015-11-18T12:58:49","date_gmt":"2015-11-18T10:58:49","guid":{"rendered":"http:\/\/www.apn.ostroleka.pl\/?page_id=4968"},"modified":"2016-03-08T23:13:27","modified_gmt":"2016-03-08T21:13:27","slug":"sukcesy-grupy-200405","status":"publish","type":"page","link":"http:\/\/www.apn.ostroleka.pl\/?page_id=4968","title":{"rendered":"Sukcesy grupy 2005"},"content":{"rendered":"<p><img loading=\"lazy\" class=\"aligncenter size-large wp-image-4894\" src=\"http:\/\/www.apn.ostroleka.pl\/wp-content\/uploads\/2004-liga-800x450.jpg\" alt=\"2004-liga\" width=\"620\" height=\"349\" srcset=\"http:\/\/www.apn.ostroleka.pl\/wp-content\/uploads\/2004-liga-800x450.jpg 800w, http:\/\/www.apn.ostroleka.pl\/wp-content\/uploads\/2004-liga-300x169.jpg 300w, http:\/\/www.apn.ostroleka.pl\/wp-content\/uploads\/2004-liga.jpg 1386w\" sizes=\"(max-width: 620px) 100vw, 620px\" \/><\/p>\n<table>\n<tbody>\n<tr>\n<td><strong>Puchar<\/strong><\/td>\n<td><strong>Opis<\/strong><\/td>\n<td><strong>Indywidualnie<\/strong><\/td>\n<\/tr>\n<tr>\n<td><img loading=\"lazy\" class=\"alignnone\" src=\"http:\/\/www.apn.ostroleka.pl\/wp-content\/uploads\/sukc-20.jpg\" alt=\"\" width=\"250\" height=\"166\" \/><\/td>\n<td>Turniej Poloneza Warszawa<br \/>\nRelacja: <strong><a href=\"http:\/\/www.apn.ostroleka.pl\/?p=351\">tutaj<\/a><\/strong><br \/>\nWarszawa, 17.12.2011<\/td>\n<td>Najlepszy bramkarz:<br \/>\nJacek Laskowski<\/td>\n<\/tr>\n<tr>\n<td><img loading=\"lazy\" class=\"alignnone\" src=\"http:\/\/www.apn.ostroleka.pl\/wp-content\/uploads\/sukc-31.jpg\" alt=\"\" width=\"250\" height=\"166\" \/><\/td>\n<td>Turniej w Z\u0105bkach<br \/>\nRelacja: <strong><a href=\"http:\/\/www.apn.ostroleka.pl\/?p=427\">tutaj<\/a><\/strong><br \/>\nZ\u0105bki, 04.02.2012<\/td>\n<td>&#8211;<\/td>\n<\/tr>\n<tr>\n<td><img loading=\"lazy\" class=\"alignnone\" src=\"http:\/\/www.apn.ostroleka.pl\/wp-content\/uploads\/sukc-01.jpg\" alt=\"\" width=\"250\" height=\"166\" \/><\/td>\n<td>Turniej Miko\u0142ajkowy<br \/>\nRelacja: <strong><a href=\"http:\/\/www.nowaostroleka.pl\/wiadomosci\/5338,druzyna-apn-wygrala-turniej-w-jezioranach\">tutaj<\/a>\u00a0<\/strong>(zewn\u0119trzna)<br \/>\nJeziorany, 09.12.2012<\/td>\n<td>Kr\u00f3l strzelc\u00f3w:<br \/>\nKrystian Tyszka (5 bramek)<br \/>\nNajlepszy z naszych:<br \/>\nMateusz Majba\u0144ski<\/td>\n<\/tr>\n<tr>\n<td>&#8211;<\/td>\n<td><span style=\"text-decoration: underline;\">6. miejsce<\/span><br \/>\nTurniej w Mi\u0144sku Maz.<br \/>\nRelacja: <strong><a href=\"http:\/\/www.apn.ostroleka.pl\/?p=883\">tutaj<\/a><\/strong><br \/>\nMi\u0144sk Maz.,\u00a0\u00a013.01.2013<\/td>\n<td>&#8211;<\/td>\n<\/tr>\n<tr>\n<td>&#8211;<\/td>\n<td><span style=\"text-decoration: underline;\">1. miejsce<\/span><br \/>\nTurniej w Rzekuniu<br \/>\nRelacja: <strong><a href=\"http:\/\/www.apn.ostroleka.pl\/?p=920\">tutaj<\/a><\/strong><br \/>\nRzeku\u0144, 27.01.2013<\/td>\n<td>&#8211;<\/td>\n<\/tr>\n<tr>\n<td><img loading=\"lazy\" class=\"alignnone\" src=\"http:\/\/www.apn.ostroleka.pl\/wp-content\/uploads\/sukc-22.jpg\" alt=\"\" width=\"250\" height=\"166\" \/><\/td>\n<td>Milan Sport Cup<br \/>\nRelacja: <strong><a href=\"http:\/\/www.apn.ostroleka.pl\/wp-content\/uploads\/sukc-03.jpg\">tutaj<\/a><\/strong><br \/>\nMilan\u00f3wek, 24.02.2013<\/td>\n<td>&#8211;<\/td>\n<\/tr>\n<tr>\n<td><img loading=\"lazy\" class=\"alignnone\" src=\"http:\/\/www.apn.ostroleka.pl\/wp-content\/uploads\/sukc-03.jpg\" alt=\"\" width=\"250\" height=\"166\" \/><\/td>\n<td>Delta Cup<br \/>\nRelacja: <strong><a href=\"http:\/\/www.apn.ostroleka.pl\/?p=976\">tutaj<\/a><\/strong><br \/>\nWarszawa, 17.03.2013<\/td>\n<td>MVP: Mateusz Majba\u0144ski<\/td>\n<\/tr>\n<tr>\n<td><img loading=\"lazy\" class=\"alignnone\" src=\"http:\/\/www.apn.ostroleka.pl\/wp-content\/uploads\/sukc-04.jpg\" alt=\"\" width=\"250\" height=\"166\" \/><\/td>\n<td>Camp Mazury Cup<br \/>\nRelacja: <strong><a href=\"http:\/\/www.apn.ostroleka.pl\/?p=1216\">tutaj<\/a><\/strong><br \/>\nLidzbark Welski, 23.06.2013<\/td>\n<td>&#8211;<\/td>\n<\/tr>\n<tr>\n<td><img loading=\"lazy\" class=\"alignnone\" src=\"http:\/\/www.apn.ostroleka.pl\/wp-content\/uploads\/sukc-12.jpg\" alt=\"\" width=\"250\" height=\"166\" \/><\/td>\n<td>Turniej w Dzia\u0142dowie<br \/>\nRelacja: <strong><a href=\"http:\/\/www.apn.ostroleka.pl\/?p=1292\">tutaj<\/a><\/strong><br \/>\nDzia\u0142dowo, 21.09.2013<\/td>\n<td>Najlepszy bramkarz:<br \/>\nKrystian Marciniak<br \/>\nNajlepszy z naszych:<br \/>\nMateusz Majba\u0144ski<\/td>\n<\/tr>\n<tr>\n<td>&#8211;<\/td>\n<td><span style=\"text-decoration: underline;\">4. miejsce<\/span><br \/>\nWeso\u0142a\u00a0Indoor Cup<br \/>\nRelacja: <strong><a href=\"http:\/\/www.apn.ostroleka.pl\/?p=1402\">tutaj<\/a><\/strong><br \/>\nWeso\u0142a, 01.12.2013<\/td>\n<td>Najlepszy z naszych:<br \/>\nKonrad Dr\u0119\u017cek<\/td>\n<\/tr>\n<tr>\n<td><img loading=\"lazy\" class=\"alignnone\" src=\"http:\/\/www.apn.ostroleka.pl\/wp-content\/uploads\/sukc-28.jpg\" alt=\"\" width=\"250\" height=\"166\" \/><\/td>\n<td>Rypin Cup<br \/>\nRelacja: <strong><a href=\"http:\/\/www.apn.ostroleka.pl\/?p=1548\">tutaj<\/a><\/strong><br \/>\nRypin, 21.12.2013<\/td>\n<td>&#8211;<\/td>\n<\/tr>\n<tr>\n<td><img loading=\"lazy\" class=\"alignnone\" src=\"http:\/\/www.apn.ostroleka.pl\/wp-content\/uploads\/sukc-30.jpg\" alt=\"\" width=\"250\" height=\"166\" \/><\/td>\n<td>R-GOL Cup<br \/>\nRelacja: <strong><a href=\"http:\/\/www.wama-sport.pl\/dyscypliny\/pika-nona\/noworoczny-turniej-dzieci-2004-r-gol-cup-2014-maddox-idzie-w-slady-taty\">tutaj<\/a>\u00a0<\/strong>(zewn\u0119trzna)<br \/>\nOlsztyn, 06.01.2014<\/td>\n<td>Najlepszy z naszych:<br \/>\nMateusz Majba\u0144ski<\/td>\n<\/tr>\n<tr>\n<td>&#8211;<\/td>\n<td><span style=\"text-decoration: underline;\">2. miejsce<\/span><br \/>\nPszcz\u00f3\u0142ka Cup<br \/>\nRelacja: <strong><a href=\"http:\/\/www.apn.ostroleka.pl\/?p=1760\">tutaj<\/a><\/strong><br \/>\nKnyszyn, 22.02.2014<\/td>\n<td>MVP: Konrad Dr\u0119\u017cek<\/td>\n<\/tr>\n<tr>\n<td><img loading=\"lazy\" class=\"alignnone\" src=\"http:\/\/www.apn.ostroleka.pl\/wp-content\/uploads\/sukc-29.jpg\" alt=\"\" width=\"250\" height=\"166\" \/><\/td>\n<td>APN CUP 2014<br \/>\nRelacja: <strong><a href=\"http:\/\/www.apn.ostroleka.pl\/?p=2349\">tutaj<\/a><\/strong><br \/>\nBaranowo, 28.06.2014<\/td>\n<td>&#8211;<\/td>\n<\/tr>\n<tr>\n<td><img loading=\"lazy\" class=\"alignnone\" src=\"http:\/\/www.apn.ostroleka.pl\/wp-content\/uploads\/sukc-08.jpg\" alt=\"\" width=\"250\" height=\"166\" \/><\/td>\n<td>Relacja: <strong><a href=\"http:\/\/www.apn.ostroleka.pl\/?p=3247\">tutaj<\/a><\/strong><br \/>\nOlsztyn, 16.01.2015<\/td>\n<td>Najlepszy bramkarz: Jacek Laskowski<br \/>\nWybrani do najlepszej dru\u017cyny:<br \/>\nJacek Laskowski, Mateusz Majba\u0144ski<\/td>\n<\/tr>\n<tr>\n<td><img loading=\"lazy\" class=\"alignnone\" src=\"http:\/\/www.apn.ostroleka.pl\/wp-content\/uploads\/sukc-13.jpg\" alt=\"\" width=\"250\" height=\"166\" \/><\/td>\n<td>Turniej UKP Ostr\u00f3w Maz.<br \/>\nRelacja: <strong><a href=\"http:\/\/www.apostrowmazowiecka.pl\/turniej-o-puchar-prezesa-uks-ap.html\">tutaj<\/a>\u00a0<\/strong>(zewn\u0119trzna)<br \/>\nOstr\u00f3w Maz., 21.02.2015<br \/>\n\/b\u0142\u0119dny\u00a0rok na zdj\u0119ciu\/<\/td>\n<td>&#8211;<\/td>\n<\/tr>\n<tr>\n<td><img loading=\"lazy\" class=\"alignnone\" src=\"http:\/\/www.apn.ostroleka.pl\/wp-content\/uploads\/sukc-27.jpg\" alt=\"\" width=\"250\" height=\"166\" \/><\/td>\n<td>Turniej Znicza Pruszk\u00f3w<br \/>\nRelacja: <strong><a href=\"http:\/\/www.apn.ostroleka.pl\/?p=3374\">tutaj<\/a><\/strong><br \/>\nPruszk\u00f3w, 22.02.2015<\/td>\n<td>&#8211;<\/td>\n<\/tr>\n<tr>\n<td><strong><span style=\"text-decoration: underline;\">1. miejsce<\/span><\/strong><\/td>\n<td><span style=\"text-decoration: underline;\">1. miejsce<\/span><br \/>\nDukla Praha Cup<br \/>\nRelacja: <strong><a href=\"http:\/\/www.apn.ostroleka.pl\/?p=3986\">tutaj<\/a><\/strong><br \/>\nPraga (Czechy),<br \/>\n06-07.06.2015<\/td>\n<td>&#8211;<\/td>\n<\/tr>\n<tr>\n<td><span style=\"text-decoration: underline;\">3. miejsce<\/span><\/td>\n<td>APN CUP 2015<br \/>\nRelacja: <strong><a href=\"http:\/\/www.apn.ostroleka.pl\/?p=4100\">tutaj<\/a><\/strong><br \/>\nOstro\u0142\u0119ka, 20.06.2015<\/td>\n<td>MVP: Adam Zi\u0119ba<\/td>\n<\/tr>\n<tr>\n<td><span style=\"text-decoration: underline;\">5. miejsce<\/span><\/td>\n<td>AP Stomil Cup<br \/>\nRelacja: <strong><a href=\"http:\/\/www.apn.ostroleka.pl\/?p=5195\">tutaj<\/a><\/strong><br \/>\nOlsztyn,\u00a010.01.2016<\/td>\n<td>Kr\u00f3l strzelc\u00f3w:<br \/>\nAdam Zi\u0119ba (8 bramek)<\/td>\n<\/tr>\n<\/tbody>\n<\/table>\n<p style=\"text-align: center;\"><a href=\"http:\/\/www.apn.ostroleka.pl\/?page_id=4432\">Powr\u00f3t<\/a><\/p>\n","protected":false},"excerpt":{"rendered":"<p>Puchar Opis Indywidualnie Turniej Poloneza Warszawa Relacja: tutaj Warszawa, 17.12.2011 Najlepszy bramkarz: Jacek Laskowski Turniej w Z\u0105bkach Relacja: tutaj Z\u0105bki, 04.02.2012 &#8211; Turniej Miko\u0142ajkowy Relacja: tutaj\u00a0(zewn\u0119trzna) Jeziorany, 09.12.2012 Kr\u00f3l strzelc\u00f3w: &hellip; <\/p>\n","protected":false},"author":1,"featured_media":0,"parent":4432,"menu_order":0,"comment_status":"closed","ping_status":"closed","template":"","meta":[],"_links":{"self":[{"href":"http:\/\/www.apn.ostroleka.pl\/index.php?rest_route=\/wp\/v2\/pages\/4968"}],"collection":[{"href":"http:\/\/www.apn.ostroleka.pl\/index.php?rest_route=\/wp\/v2\/pages"}],"about":[{"href":"http:\/\/www.apn.ostroleka.pl\/index.php?rest_route=\/wp\/v2\/types\/page"}],"author":[{"embeddable":true,"href":"http:\/\/www.apn.ostroleka.pl\/index.php?rest_route=\/wp\/v2\/users\/1"}],"replies":[{"embeddable":true,"href":"http:\/\/www.apn.ostroleka.pl\/index.php?rest_route=%2Fwp%2Fv2%2Fcomments&post=4968"}],"version-history":[{"count":10,"href":"http:\/\/www.apn.ostroleka.pl\/index.php?rest_route=\/wp\/v2\/pages\/4968\/revisions"}],"predecessor-version":[{"id":5267,"href":"http:\/\/www.apn.ostroleka.pl\/index.php?rest_route=\/wp\/v2\/pages\/4968\/revisions\/5267"}],"up":[{"embeddable":true,"href":"http:\/\/www.apn.ostroleka.pl\/index.php?rest_route=\/wp\/v2\/pages\/4432"}],"wp:attachment":[{"href":"http:\/\/www.apn.ostroleka.pl\/index.php?rest_route=%2Fwp%2Fv2%2Fmedia&parent=4968"}],"curies":[{"name":"wp","href":"https:\/\/api.w.org\/{rel}","templated":true}]}}