{"id":4966,"date":"2015-11-18T12:58:26","date_gmt":"2015-11-18T10:58:26","guid":{"rendered":"http:\/\/www.apn.ostroleka.pl\/?page_id=4966"},"modified":"2015-12-14T15:49:25","modified_gmt":"2015-12-14T13:49:25","slug":"sukcesy-grupy-200304","status":"publish","type":"page","link":"http:\/\/www.apn.ostroleka.pl\/?page_id=4966","title":{"rendered":"Sukcesy grupy 2003\/04"},"content":{"rendered":"<p style=\"text-align: center;\"><img loading=\"lazy\" class=\"aligncenter size-full wp-image-4987\" src=\"http:\/\/www.apn.ostroleka.pl\/wp-content\/uploads\/2003-04.jpg\" alt=\"2003-04\" width=\"640\" height=\"360\" srcset=\"http:\/\/www.apn.ostroleka.pl\/wp-content\/uploads\/2003-04.jpg 640w, http:\/\/www.apn.ostroleka.pl\/wp-content\/uploads\/2003-04-300x169.jpg 300w\" sizes=\"(max-width: 640px) 100vw, 640px\" \/>APN Ostro\u0142\u0119ka &#8211; grupa 2003\/04.\u00a0Po prawej trener Marcin Roman, po lewej trener bramkarzy Piotr Wiski.<br \/>\nNieobecny na zdj\u0119ciu trener Piotr Strze\u017cysz.<\/p>\n<table>\n<tbody>\n<tr>\n<td><strong>Puchar<\/strong><\/td>\n<td><strong>Opis<\/strong><\/td>\n<td><strong>Indywidualnie<\/strong><\/td>\n<\/tr>\n<tr>\n<td><img loading=\"lazy\" class=\"alignnone\" src=\"http:\/\/www.apn.ostroleka.pl\/wp-content\/uploads\/sukc-34.jpg\" alt=\"\" width=\"250\" height=\"166\" \/><\/td>\n<td>APN CUP 2011<br \/>\nRelacja: <strong><a href=\"http:\/\/www.apn.ostroleka.pl\/?p=42\">tutaj<br \/>\n<\/a><\/strong>Ostro\u0142\u0119ka, 28.05.2011<\/td>\n<td>&#8211;<\/td>\n<\/tr>\n<tr>\n<td>&#8211;<\/td>\n<td><span style=\"text-decoration: underline;\">5. miejsce<\/span><br \/>\nTurniej w Piastowie<br \/>\nRelacja: <strong><a href=\"http:\/\/www.apn.ostroleka.pl\/?p=317\">tutaj<br \/>\n<\/a><\/strong>Piast\u00f3w, 20.11.2011<\/td>\n<td>&#8211;<\/td>\n<\/tr>\n<tr>\n<td><img loading=\"lazy\" class=\"alignnone\" src=\"http:\/\/www.apn.ostroleka.pl\/wp-content\/uploads\/sukc-09.jpg\" alt=\"\" width=\"250\" height=\"166\" \/><\/td>\n<td>Marcovia Cup<br \/>\nRelacja: <strong><a href=\"http:\/\/www.apn.ostroleka.pl\/?p=342\">tutaj<\/a><\/strong><br \/>\nMarki, 10.12.2011<\/td>\n<td>MVP: Micha\u0142 Sendrowski<\/td>\n<\/tr>\n<tr>\n<td><img loading=\"lazy\" class=\"alignnone\" src=\"http:\/\/www.apn.ostroleka.pl\/wp-content\/uploads\/sukc-10.jpg\" alt=\"\" width=\"250\" height=\"166\" \/><\/td>\n<td>Legionowo Cup<br \/>\nRelacja: <strong><a href=\"http:\/\/www.apn.ostroleka.pl\/?p=935\">tutaj<\/a><br \/>\n<\/strong>Z\u0105bki, 19.02.2012<\/td>\n<td>Kr\u00f3l strzelc\u00f3w:<br \/>\nRados\u0142aw Zy\u015bk<br \/>\n(8 bramek)<\/td>\n<\/tr>\n<tr>\n<td>&#8211;<\/td>\n<td><span style=\"text-decoration: underline;\">5. miejsce<\/span><br \/>\nTurniej w W\u0119growie<br \/>\nRelacja: <strong><a href=\"http:\/\/www.apn.ostroleka.pl\/?p=492\">tutaj<\/a><\/strong><br \/>\nW\u0119gr\u00f3w, 03.03.2012<\/td>\n<td>Kr\u00f3l strzelc\u00f3w:<br \/>\nRados\u0142aw Zy\u015bk<br \/>\n(6 bramek)<\/td>\n<\/tr>\n<tr>\n<td><img loading=\"lazy\" class=\"alignnone\" src=\"http:\/\/www.apn.ostroleka.pl\/wp-content\/uploads\/sukc-15.jpg\" alt=\"\" width=\"250\" height=\"166\" \/><\/td>\n<td>Mini Euro<br \/>\nRelacja: <strong><a href=\"http:\/\/www.apn.ostroleka.pl\/?p=632\">tutaj<\/a><\/strong><br \/>\nZ\u0105bki, 02.06.2012<\/td>\n<td>Kr\u00f3l strzelc\u00f3w:<br \/>\nRados\u0142aw Zy\u015bk<br \/>\n(4 bramki)<\/td>\n<\/tr>\n<tr>\n<td><img loading=\"lazy\" class=\"alignnone\" src=\"http:\/\/www.apn.ostroleka.pl\/wp-content\/uploads\/sukc-02b.jpg\" alt=\"\" width=\"250\" height=\"166\" \/><\/td>\n<td>APN CUP 2012<br \/>\nRelacja: <strong><a href=\"http:\/\/www.apn.ostroleka.pl\/?p=655\">tutaj<\/a><\/strong><br \/>\nOstro\u0142\u0119ka, 17.06.2012<\/td>\n<td>Najlepszy bramkarz:<br \/>\nJacek Laskowski<\/td>\n<\/tr>\n<tr>\n<td><img loading=\"lazy\" class=\"alignnone\" src=\"http:\/\/www.apn.ostroleka.pl\/wp-content\/uploads\/sukc-11.jpg\" alt=\"\" width=\"250\" height=\"166\" \/><\/td>\n<td>Narew Cup 2012<br \/>\nRelacja: niedost\u0119pna<br \/>\nOstro\u0142\u0119ka, 2012<\/td>\n<td>&#8211;<\/td>\n<\/tr>\n<tr>\n<td><img loading=\"lazy\" class=\"alignnone\" src=\"http:\/\/www.apn.ostroleka.pl\/wp-content\/uploads\/sukc-17.jpg\" alt=\"\" width=\"250\" height=\"166\" \/><\/td>\n<td>Legionowo Cup<br \/>\nRelacja: <strong><a href=\"http:\/\/www.apn.ostroleka.pl\/?p=935\">tutaj<\/a><\/strong><br \/>\nLegionowo, 17.02.2013<\/td>\n<td>Kr\u00f3l strzelc\u00f3w:<br \/>\nRados\u0142aw Zy\u015bk<br \/>\n(8 bramek)<\/td>\n<\/tr>\n<tr>\n<td>&#8211;<\/td>\n<td><span style=\"text-decoration: underline;\">4. miejsce<\/span><br \/>\nJunak Cup<br \/>\nRelacja: <strong><a href=\"http:\/\/www.apn.ostroleka.pl\/?p=1009\">tutaj<\/a><\/strong><br \/>\nMarki, 17.03.2013<\/td>\n<td>&#8211;<\/td>\n<\/tr>\n<tr>\n<td><img loading=\"lazy\" class=\"alignnone\" src=\"http:\/\/www.apn.ostroleka.pl\/wp-content\/uploads\/sukc-21.jpg\" alt=\"\" width=\"250\" height=\"166\" \/><\/td>\n<td>APN CUP 2013<br \/>\nRelacja: <strong><a href=\"http:\/\/www.apn.ostroleka.pl\/?p=1183\">tutaj<\/a><\/strong><br \/>\nOstro\u0142\u0119ka, 23.06.2013<\/td>\n<td>Najlepszy bramkarz:<br \/>\nKrystian Marciniak<\/td>\n<\/tr>\n<tr>\n<td>&#8211;<\/td>\n<td><span style=\"text-decoration: underline;\">4. miejsce<\/span><br \/>\n&#8222;Miko\u0142ajki Cup&#8221;<br \/>\nRelacja: <strong><a href=\"http:\/\/www.apn.ostroleka.pl\/?p=1451\">tutaj<\/a><\/strong><br \/>\nCiechan\u00f3w, 07.12.2013<\/td>\n<td>&#8211;<\/td>\n<\/tr>\n<tr>\n<td><img loading=\"lazy\" class=\"alignnone\" src=\"http:\/\/www.apn.ostroleka.pl\/wp-content\/uploads\/sukc-05.jpg\" alt=\"\" width=\"250\" height=\"166\" \/><\/td>\n<td>MKS Przasnysz Cup<br \/>\nRelacja: <strong><a href=\"http:\/\/www.apn.ostroleka.pl\/?p=1562\">tutaj<\/a><\/strong><br \/>\nPrzasnysz: 11.01.2014<br \/>\n\/APN II &#8211; 7. miejsce\/<\/td>\n<td>Kr\u00f3l strzelc\u00f3w:<br \/>\nKacper Pi\u00f3rkowski<br \/>\n(6 bramek)<\/td>\n<\/tr>\n<tr>\n<td><img loading=\"lazy\" class=\"alignnone\" src=\"http:\/\/www.apn.ostroleka.pl\/wp-content\/uploads\/sukc-25.jpg\" alt=\"\" width=\"250\" height=\"166\" \/><\/td>\n<td>Spring Football Festival<br \/>\nRelacja: <strong><a href=\"http:\/\/www.apn.ostroleka.pl\/?p=2157\">tutaj<\/a><\/strong><br \/>\nOlecko, 17.05.2014<\/td>\n<td>Kr\u00f3l strzelc\u00f3w:<br \/>\nRados\u0142aw Zy\u015bk<br \/>\n(17 bramek)<\/td>\n<\/tr>\n<tr>\n<td><img loading=\"lazy\" class=\"alignnone\" src=\"http:\/\/www.apn.ostroleka.pl\/wp-content\/uploads\/sukc-23b.jpg\" alt=\"\" width=\"250\" height=\"166\" \/><\/td>\n<td>Teutonia Berlin Cup<br \/>\nRelacja: <strong><a href=\"http:\/\/www.apn.ostroleka.pl\/?p=2230\">tutaj<\/a><\/strong><br \/>\nBerlin (Niemcy),<br \/>\n06-07.06.2014<\/td>\n<td>&#8211;<\/td>\n<\/tr>\n<tr>\n<td><img loading=\"lazy\" class=\"alignnone\" src=\"http:\/\/www.apn.ostroleka.pl\/wp-content\/uploads\/sukc-32.jpg\" alt=\"\" width=\"250\" height=\"166\" \/><\/td>\n<td>&#8222;Wschodz\u0105cy Bia\u0142ystok&#8221;<br \/>\nRelacja: <strong><a href=\"http:\/\/www.apn.ostroleka.pl\/?p=2477\">tutaj<\/a><\/strong><br \/>\nBia\u0142ystok, 24.08.2014<\/td>\n<td>&#8211;<\/td>\n<\/tr>\n<tr>\n<td><img loading=\"lazy\" class=\"alignnone\" src=\"http:\/\/www.apn.ostroleka.pl\/wp-content\/uploads\/sukc-06.jpg\" alt=\"\" width=\"250\" height=\"166\" \/><\/td>\n<td>Weso\u0142a Cup 2014<br \/>\nRelacja: <strong><a href=\"http:\/\/www.apn.ostroleka.pl\/?p=2974\">tutaj<\/a><\/strong><br \/>\nWeso\u0142a k. Warszawy,<br \/>\n06.12.2014<\/td>\n<td>Kr\u00f3l strzelc\u00f3w:<br \/>\nRados\u0142aw Zy\u015bk (7 bramek).<br \/>\nWybrany do najlepszej\u00a0dru\u017cyny:<br \/>\nMateusz Majba\u0144ski<\/td>\n<\/tr>\n<tr>\n<td><img loading=\"lazy\" class=\"alignnone\" src=\"http:\/\/www.apn.ostroleka.pl\/wp-content\/uploads\/sukc-07.jpg\" alt=\"\" width=\"250\" height=\"166\" \/><\/td>\n<td>Turniej Praski<br \/>\nRelacja: <strong><a href=\"http:\/\/www.apn.ostroleka.pl\/?p=3273\">tutaj<\/a><\/strong><br \/>\nWarszawa, 31.01.2015<\/td>\n<td>MVP: Rados\u0142aw Zy\u015bk<\/td>\n<\/tr>\n<tr>\n<td>6. miejsce<\/td>\n<td>21. Turniej im. A. Harabasza<br \/>\nRelacja: <strong><a href=\"http:\/\/www.apn.ostroleka.pl\/?p=5058\">tutaj<\/a><\/strong><br \/>\nOstro\u0142\u0119ka, 28-09.11.2015<\/td>\n<td>Kr\u00f3l strzelc\u00f3w:<br \/>\nRados\u0142aw Zy\u015bk<br \/>\n(19 bramek)<\/td>\n<\/tr>\n<tr>\n<td><img loading=\"lazy\" class=\"aligncenter size-full wp-image-5113\" src=\"http:\/\/www.apn.ostroleka.pl\/wp-content\/uploads\/01-2015-jaga.jpg\" alt=\"01-2015-jaga\" width=\"250\" height=\"166\" \/><\/td>\n<td><span style=\"text-decoration: underline;\"><strong>1. miejsce<\/strong><\/span><br \/>\nJaga Cup 2015<br \/>\nRelacja: <strong><a href=\"http:\/\/www.apn.ostroleka.pl\/?p=5091\">tutaj<\/a><\/strong><br \/>\nBia\u0142ystok,\u00a005.12.2015<\/td>\n<td>Kr\u00f3l strzelc\u00f3w:<br \/>\nKacper Pi\u00f3rkowski<br \/>\n(6 bramek)<\/td>\n<\/tr>\n<\/tbody>\n<\/table>\n<p style=\"text-align: center;\"><a href=\"http:\/\/www.apn.ostroleka.pl\/?page_id=4432\">Powr\u00f3t<\/a><\/p>\n","protected":false},"excerpt":{"rendered":"<p>APN Ostro\u0142\u0119ka &#8211; grupa 2003\/04.\u00a0Po prawej trener Marcin Roman, po lewej trener bramkarzy Piotr Wiski. Nieobecny na zdj\u0119ciu trener Piotr Strze\u017cysz. Puchar Opis Indywidualnie APN CUP 2011 Relacja: tutaj Ostro\u0142\u0119ka, &hellip; <\/p>\n","protected":false},"author":1,"featured_media":0,"parent":4432,"menu_order":0,"comment_status":"closed","ping_status":"closed","template":"","meta":[],"_links":{"self":[{"href":"http:\/\/www.apn.ostroleka.pl\/index.php?rest_route=\/wp\/v2\/pages\/4966"}],"collection":[{"href":"http:\/\/www.apn.ostroleka.pl\/index.php?rest_route=\/wp\/v2\/pages"}],"about":[{"href":"http:\/\/www.apn.ostroleka.pl\/index.php?rest_route=\/wp\/v2\/types\/page"}],"author":[{"embeddable":true,"href":"http:\/\/www.apn.ostroleka.pl\/index.php?rest_route=\/wp\/v2\/users\/1"}],"replies":[{"embeddable":true,"href":"http:\/\/www.apn.ostroleka.pl\/index.php?rest_route=%2Fwp%2Fv2%2Fcomments&post=4966"}],"version-history":[{"count":7,"href":"http:\/\/www.apn.ostroleka.pl\/index.php?rest_route=\/wp\/v2\/pages\/4966\/revisions"}],"predecessor-version":[{"id":5115,"href":"http:\/\/www.apn.ostroleka.pl\/index.php?rest_route=\/wp\/v2\/pages\/4966\/revisions\/5115"}],"up":[{"embeddable":true,"href":"http:\/\/www.apn.ostroleka.pl\/index.php?rest_route=\/wp\/v2\/pages\/4432"}],"wp:attachment":[{"href":"http:\/\/www.apn.ostroleka.pl\/index.php?rest_route=%2Fwp%2Fv2%2Fmedia&parent=4966"}],"curies":[{"name":"wp","href":"https:\/\/api.w.org\/{rel}","templated":true}]}}