{"id":4791,"date":"2015-10-06T13:10:20","date_gmt":"2015-10-06T11:10:20","guid":{"rendered":"http:\/\/www.apn.ostroleka.pl\/?page_id=4791"},"modified":"2017-07-21T11:06:24","modified_gmt":"2017-07-21T09:06:24","slug":"archiwum","status":"publish","type":"page","link":"http:\/\/www.apn.ostroleka.pl\/?page_id=4791","title":{"rendered":"Archiwum"},"content":{"rendered":"<p style=\"text-align: justify;\">Zapraszamy do przejrzenia Archiwum wyst\u0119p\u00f3w ligowych dru\u017cyn APN Ostro\u0142\u0119ka. Na nazw\u0119 ligi mo\u017cna klikn\u0105\u0107, by przenie\u015b\u0107 si\u0119 do opisu sezonu. Tam za\u015b znajduj\u0105 si\u0119 wyniki, kadry, tabele. W wyniki mo\u017cna klikn\u0105\u0107, by zobaczy\u0107 sk\u0142ad i strzelc\u00f3w z danego meczu.<\/p>\n<p style=\"text-align: center;\"><strong>Sezon 2013\/14<\/strong><\/p>\n<p style=\"text-align: center;\"><span style=\"color: #ff0000;\"><strong><a style=\"color: #ff0000;\" href=\"http:\/\/www.apn.ostroleka.pl\/?page_id=4765\">Liga Okr\u0119gowa Orlik\u00f3w E1 (U-11)<\/a><\/strong><\/span><br \/>\nRocznik: 2003\/2004<br \/>\nTrener: <a href=\"http:\/\/www.apn.ostroleka.pl\/?wpcm_staff=marcin-roman\">Marcin Roman<\/a>.<br \/>\nII trener: Piotr Strze\u017cysz.<br \/>\n<span style=\"color: #999999;\"><strong>2. miejsce<\/strong><\/span> na 8 dru\u017cyn.<\/p>\n<hr \/>\n<p style=\"text-align: center;\"><strong>Sezon 2014\/15<\/strong><\/p>\n<p style=\"text-align: center;\"><span style=\"text-decoration: underline; color: #ff0000;\"><strong><span style=\"color: #ff9900;\"><a style=\"color: #ff9900; text-decoration: underline;\" href=\"http:\/\/www.apn.ostroleka.pl\/?page_id=4763\">Liga Okr\u0119gowa M\u0142odzik\u00f3w D1 (U-13)<\/a><\/span><br \/>\n<\/strong><\/span>Rocznik: 2003\/2004<br \/>\nTrener: <a href=\"http:\/\/www.apn.ostroleka.pl\/?wpcm_staff=marcin-roman\">Marcin Roman<\/a>.<br \/>\nII trener: Piotr Strze\u017cysz.<br \/>\n<span style=\"color: #993300;\"><strong>3. miejsce<\/strong><\/span> na 11 dru\u017cyn.<\/p>\n<p style=\"text-align: center;\"><a href=\"http:\/\/www.apn.ostroleka.pl\/?page_id=4784\"><span style=\"color: #ff0000;\"><strong>Liga Okr\u0119gowa Orlik\u00f3w E1 (U-11)<\/strong><\/span><\/a><br \/>\nRocznik: 2004\/2005<br \/>\nTrener: <a href=\"http:\/\/www.apn.ostroleka.pl\/?wpcm_staff=mariusz-sadlowski\">Mariusz Sad\u0142owski<\/a>.<br \/>\nII trener: Arkadiusz Pysk\u0142o.<br \/>\n<span style=\"color: #993300;\"><strong>3. miejsce<\/strong><\/span> na 6 dru\u017cyn.<\/p>\n<hr \/>\n<p style=\"text-align: center;\"><strong>Sezon 2015\/16<\/strong><\/p>\n<p style=\"text-align: center;\"><span style=\"text-decoration: underline;\"><span style=\"color: #ff0000; text-decoration: underline;\"><strong><span style=\"color: #ff9900; text-decoration: underline;\"><a style=\"color: #ff9900; text-decoration: underline;\" href=\"http:\/\/www.apn.ostroleka.pl\/?page_id=3670\">Liga Okr\u0119gowa M\u0142odzik\u00f3w D1 (U-13)<\/a><\/span><br \/>\n<\/strong><\/span><\/span>Rocznik 2003\/2004<br \/>\nTrener: <a href=\"http:\/\/www.apn.ostroleka.pl\/?wpcm_staff=marcin-roman\">Marcin Roman<\/a>.<br \/>\nAsystent trenera: <a href=\"http:\/\/www.apn.ostroleka.pl\/?wpcm_staff=piotr-wiski\">Piotr Wiski<\/a>.<br \/>\n<span style=\"color: #ffcc00;\"><strong>1. miejsce<\/strong> <\/span>na 8. dru\u017cyn<br \/>\n<span style=\"text-decoration: underline;\">AWANS DO I LIGI MAZOWIECKIEJ<br \/>\n<\/span>WICEMISTRZOSTWO OKR\u0118GU CIECHANOWSKO-OSTRO\u0141\u0118CKIEGO<\/p>\n<p style=\"text-align: center;\"><strong><span style=\"color: #ff9900;\"><a style=\"color: #ff9900;\" href=\"http:\/\/www.apn.ostroleka.pl\/?page_id=3668\">Liga Okr\u0119gowa M\u0142odzik\u00f3w D2 (U-12)<\/a><\/span><br \/>\n<\/strong>Rocznik 2003\/2004<br \/>\nTrener: <a href=\"http:\/\/www.apn.ostroleka.pl\/?wpcm_staff=marcin-roman\">Marcin Roman<\/a>.<br \/>\nAsystent trenera: <a href=\"http:\/\/www.apn.ostroleka.pl\/?wpcm_staff=piotr-wiski\">Piotr Wiski<\/a>.<br \/>\n<span style=\"color: #ffcc00;\"><strong>1. miejsce<\/strong> <\/span>na 5 dru\u017cyn.<\/p>\n<p style=\"text-align: center;\"><span style=\"text-decoration: underline; color: #ff0000;\"><strong><span style=\"color: #ff0000; text-decoration: underline;\"><a style=\"color: #ff0000; text-decoration: underline;\" href=\"http:\/\/www.apn.ostroleka.pl\/?page_id=3666\">Liga Okr\u0119gowa Orlik\u00f3w E1 (U-11)<\/a><\/span><br \/>\n<\/strong><\/span>Rocznik: 2005\/2006<br \/>\nTrener: <a href=\"http:\/\/www.apn.ostroleka.pl\/?wpcm_staff=mariusz-sadlowski\">Mariusz Sad\u0142owski<\/a>.<br \/>\n<span style=\"color: #ffcc00;\"><strong>1. miejsce<\/strong> <\/span>na 7 dru\u017cyn.<br \/>\nMISTRZOSTWO OKR\u0118GU CIECHANOWSKO-OSTRO\u0141\u0118CKIEGO<\/p>\n<hr \/>\n<p style=\"text-align: center;\"><strong>Sezon 2016\/17<\/strong><\/p>\n<p style=\"text-align: center;\"><span style=\"color: #99cc00;\"><strong><span style=\"color: #99cc00;\"><a style=\"color: #99cc00;\" href=\"http:\/\/www.apn.ostroleka.pl\/?page_id=6791\">I Liga Mazowiecka Trampkarzy C2 (U-14) &#8211; jesie\u0144<\/a><\/span><br \/>\n<\/strong><\/span>Rocznik: 2003<br \/>\nTrener: <a href=\"http:\/\/www.apn.ostroleka.pl\/?wpcm_staff=marcin-roman\">Marcin Roman<\/a>.<br \/>\nII trener: <a href=\"http:\/\/www.apn.ostroleka.pl\/?wpcm_staff=piotr-wiski\">Piotr Wiski<\/a>.<br \/>\n<span style=\"color: #999999;\"><span style=\"color: #000000;\"><strong>4. miejsce<\/strong><\/span>\u00a0<\/span>na 8 dru\u017cyn<\/p>\n<p style=\"text-align: center;\"><span style=\"color: #99cc00;\"><strong><span style=\"color: #99cc00;\"><a style=\"color: #99cc00;\" href=\"http:\/\/www.apn.ostroleka.pl\/?page_id=8256\">I Liga Mazowiecka Trampkarzy C2 (U-14) &#8211;\u00a0wiosna<\/a><\/span><br \/>\n<\/strong><\/span>Rocznik: 2003<br \/>\nTrener:\u00a0<a href=\"http:\/\/www.apn.ostroleka.pl\/?wpcm_staff=marcin-roman\">Marcin Roman<\/a>.<br \/>\nII trener:\u00a0<a href=\"http:\/\/www.apn.ostroleka.pl\/?wpcm_staff=piotr-wiski\">Piotr Wiski<\/a>.<br \/>\n<span style=\"color: #999999;\"><span style=\"color: #000000;\"><strong>4. miejsce<\/strong><\/span>\u00a0<\/span>na 8 dru\u017cyn<\/p>\n<p style=\"text-align: center;\"><span style=\"text-decoration: underline; color: #99cc00;\"><strong><span style=\"color: #ff9900;\"><a style=\"color: #ff9900; text-decoration: underline;\" href=\"http:\/\/www.apn.ostroleka.pl\/?page_id=6797\">Liga Okr\u0119gowa M\u0142odzik\u00f3w D1 (U-13)<\/a><\/span><br \/>\n<\/strong><\/span>Rocznik: 2004<br \/>\nTrener: <a href=\"http:\/\/www.apn.ostroleka.pl\/?wpcm_staff=mariusz-sadlowski\">Mariusz Sad\u0142owski<\/a>.<br \/>\nII trener: <a href=\"http:\/\/www.apn.ostroleka.pl\/?wpcm_staff=piotr-wiski\">Piotr Wiski<\/a>.<br \/>\n<span style=\"color: #ffcc00;\"><strong>1. miejsce<\/strong><\/span> na 6 dru\u017cyn<br \/>\nMISTRZOSTWO OKR\u0118GU CIECHANOWSKO-OSTRO\u0141\u0118CKIEGO<\/p>\n<p style=\"text-align: center;\"><span style=\"color: #99cc00;\"><strong><span style=\"color: #ff9900;\"><a style=\"color: #ff9900;\" href=\"http:\/\/www.apn.ostroleka.pl\/?page_id=6799\">Liga Okr\u0119gowa M\u0142odzik\u00f3w D2 (U-12)<\/a><\/span><br \/>\n<\/strong><\/span>Rocznik: 2005<br \/>\nTrener: <a href=\"http:\/\/www.apn.ostroleka.pl\/?wpcm_staff=pawel-zalewski\">Pawe\u0142 Zalewski<\/a>.<br \/>\nII trener: <a href=\"http:\/\/www.apn.ostroleka.pl\/?wpcm_staff=michal-sniadach\">Micha\u0142 \u015aniadach<\/a>.<br \/>\n<span style=\"color: #ffcc00;\"><strong>1. miejsce<\/strong><\/span>\u00a0na 8 dru\u017cyn<\/p>\n<p style=\"text-align: center;\"><span style=\"text-decoration: underline; color: #99cc00;\"><strong><span style=\"color: #ff0000; text-decoration: underline;\"><a style=\"color: #ff0000; text-decoration: underline;\" href=\"http:\/\/www.apn.ostroleka.pl\/?page_id=6801\">Liga Okr\u0119gowa Orlik\u00f3w E1 (U-11)<\/a><\/span><br \/>\n<\/strong><\/span>Rocznik: 2006<br \/>\nTrener: <a href=\"http:\/\/www.apn.ostroleka.pl\/?wpcm_staff=kamil-nowak\">Kamil Nowak<\/a>.<br \/>\nII trener: <a href=\"http:\/\/www.apn.ostroleka.pl\/?wpcm_staff=arkadiusz-roman\">Arkadiusz Roman<\/a>.<br \/>\n<span style=\"color: #ffcc00;\"><strong>1. miejsce<\/strong><\/span>\u00a0na 8 dru\u017cyn<\/p>\n","protected":false},"excerpt":{"rendered":"<p>Zapraszamy do przejrzenia Archiwum wyst\u0119p\u00f3w ligowych dru\u017cyn APN Ostro\u0142\u0119ka. Na nazw\u0119 ligi mo\u017cna klikn\u0105\u0107, by przenie\u015b\u0107 si\u0119 do opisu sezonu. Tam za\u015b znajduj\u0105 si\u0119 wyniki, kadry, tabele. W wyniki mo\u017cna &hellip; <\/p>\n","protected":false},"author":1,"featured_media":0,"parent":0,"menu_order":0,"comment_status":"closed","ping_status":"closed","template":"","meta":[],"_links":{"self":[{"href":"http:\/\/www.apn.ostroleka.pl\/index.php?rest_route=\/wp\/v2\/pages\/4791"}],"collection":[{"href":"http:\/\/www.apn.ostroleka.pl\/index.php?rest_route=\/wp\/v2\/pages"}],"about":[{"href":"http:\/\/www.apn.ostroleka.pl\/index.php?rest_route=\/wp\/v2\/types\/page"}],"author":[{"embeddable":true,"href":"http:\/\/www.apn.ostroleka.pl\/index.php?rest_route=\/wp\/v2\/users\/1"}],"replies":[{"embeddable":true,"href":"http:\/\/www.apn.ostroleka.pl\/index.php?rest_route=%2Fwp%2Fv2%2Fcomments&post=4791"}],"version-history":[{"count":8,"href":"http:\/\/www.apn.ostroleka.pl\/index.php?rest_route=\/wp\/v2\/pages\/4791\/revisions"}],"predecessor-version":[{"id":8260,"href":"http:\/\/www.apn.ostroleka.pl\/index.php?rest_route=\/wp\/v2\/pages\/4791\/revisions\/8260"}],"wp:attachment":[{"href":"http:\/\/www.apn.ostroleka.pl\/index.php?rest_route=%2Fwp%2Fv2%2Fmedia&parent=4791"}],"curies":[{"name":"wp","href":"https:\/\/api.w.org\/{rel}","templated":true}]}}