{"id":4765,"date":"2015-10-06T12:02:50","date_gmt":"2015-10-06T10:02:50","guid":{"rendered":"http:\/\/www.apn.ostroleka.pl\/?page_id=4765"},"modified":"2016-09-01T17:25:27","modified_gmt":"2016-09-01T15:25:27","slug":"grupa-200304-sezon-201314","status":"publish","type":"page","link":"http:\/\/www.apn.ostroleka.pl\/?page_id=4765","title":{"rendered":"Grupa 2003\/04 &#8211; sezon 2013\/14"},"content":{"rendered":"<p style=\"text-align: center;\"><strong>= = = = = = = = = = Sezon 2013\/14 = = = = = = = = = =<\/strong><\/p>\n<p style=\"text-align: justify;\">Rozgrywki:\u00a0<strong>Liga Okr\u0119gowa Orlik\u00f3w U-11 COOZPN, grupa II<\/strong><\/p>\n<p style=\"text-align: justify;\"><strong>Wyniki:<\/strong><\/p>\n<p><img loading=\"lazy\" src=\"http:\/\/www.apn.ostroleka.pl\/wp-content\/uploads\/logo-sypniewo.png\" alt=\"\" width=\"20\" height=\"20\" \/>\u00a007.09.2013 D Orze\u0142 Sypniewo <strong><a href=\"http:\/\/www.apn.ostroleka.pl\/?p=1272\">3:4<\/a><\/strong><br \/>\n<img loading=\"lazy\" src=\"http:\/\/www.apn.ostroleka.pl\/wp-content\/uploads\/logo-makow.png\" alt=\"\" width=\"20\" height=\"20\" \/>\u00a018.09.2013 D Makowianka Mak\u00f3w Maz. <strong><a href=\"http:\/\/www.apn.ostroleka.pl\/?p=1282\">6:2<\/a><\/strong><br \/>\n<img loading=\"lazy\" src=\"http:\/\/www.apn.ostroleka.pl\/wp-content\/uploads\/logo-koronaoka.png\" alt=\"\" width=\"20\" height=\"20\" \/>\u00a021.09.2013 W Korona Ostro\u0142\u0119ka <strong><a href=\"http:\/\/www.apn.ostroleka.pl\/?p=1286\">6:2<\/a><\/strong><br \/>\n<img loading=\"lazy\" src=\"http:\/\/www.apn.ostroleka.pl\/wp-content\/uploads\/logo-uksnarew.png\" alt=\"\" width=\"20\" height=\"20\" \/>\u00a028.09.2013 D UKS Narew Ostro\u0142\u0119ka <strong><a href=\"http:\/\/www.apn.ostroleka.pl\/?p=1297\">14:1<\/a><\/strong><br \/>\n<img loading=\"lazy\" src=\"http:\/\/www.apn.ostroleka.pl\/wp-content\/uploads\/logo-apostrow.png\" alt=\"\" width=\"20\" height=\"20\" \/>\u00a005.10.2013 W UKS AP Ostr\u00f3w Maz. <strong><a href=\"http:\/\/www.apn.ostroleka.pl\/?p=1302\">1:1<\/a><\/strong><br \/>\n<img loading=\"lazy\" src=\"http:\/\/www.apn.ostroleka.pl\/wp-content\/uploads\/logo-karniewo.png\" alt=\"\" width=\"20\" height=\"20\" \/>\u00a009.10.2013 D Pe\u0142ta Karniewo <strong><a href=\"http:\/\/www.apn.ostroleka.pl\/?p=1310\">18:0<\/a><\/strong><br \/>\n<img loading=\"lazy\" src=\"http:\/\/www.apn.ostroleka.pl\/wp-content\/uploads\/logo-ostrovia.png\" alt=\"\" width=\"20\" height=\"20\" \/>\u00a012.10.2013 W Ostrovia Ostr\u00f3w Maz. <strong><a href=\"http:\/\/www.apn.ostroleka.pl\/?p=1314\">24:0<\/a><\/strong><\/p>\n<p><img loading=\"lazy\" src=\"http:\/\/www.apn.ostroleka.pl\/wp-content\/uploads\/logo-sypniewo.png\" alt=\"\" width=\"20\" height=\"20\" \/> 05.04.2014 W Orze\u0142 Sypniewo <strong><a href=\"http:\/\/www.apn.ostroleka.pl\/?p=1999\">4:3<\/a><\/strong><br \/>\n<img loading=\"lazy\" src=\"http:\/\/www.apn.ostroleka.pl\/wp-content\/uploads\/logo-makow.png\" alt=\"\" width=\"20\" height=\"20\" \/> 26.04.2014 W Makowianka Mak\u00f3w Maz. <strong><a href=\"http:\/\/www.apn.ostroleka.pl\/?p=2021\">10:1<\/a><\/strong><br \/>\n<img loading=\"lazy\" src=\"http:\/\/www.apn.ostroleka.pl\/wp-content\/uploads\/logo-koronaoka.png\" alt=\"\" width=\"20\" height=\"20\" \/> 30.04.2014 D Korona Ostro\u0142\u0119ka <strong><a href=\"http:\/\/www.apn.ostroleka.pl\/?p=2025\">5:3<\/a><\/strong><br \/>\n<img loading=\"lazy\" src=\"http:\/\/www.apn.ostroleka.pl\/wp-content\/uploads\/logo-uksnarew.png\" alt=\"\" width=\"20\" height=\"20\" \/> 03.05.2014 W UKS Narew Ostro\u0142\u0119ka <strong><a href=\"http:\/\/www.apn.ostroleka.pl\/?p=2044\">8:2<\/a><\/strong><br \/>\n<img loading=\"lazy\" src=\"http:\/\/www.apn.ostroleka.pl\/wp-content\/uploads\/logo-apostrow.png\" alt=\"\" width=\"20\" height=\"20\" \/> 10.05.2014 D UKS AP Ostr\u00f3w Maz. <strong><a href=\"http:\/\/www.apn.ostroleka.pl\/?p=2087\">8:1<\/a><\/strong><br \/>\n<img loading=\"lazy\" src=\"http:\/\/www.apn.ostroleka.pl\/wp-content\/uploads\/logo-karniewo.png\" alt=\"\" width=\"20\" height=\"20\" \/> 17.05.2014 W Pe\u0142ta Karniewo <strong><a href=\"http:\/\/www.apn.ostroleka.pl\/?p=2124\">12:2<\/a><\/strong><br \/>\n<img loading=\"lazy\" src=\"http:\/\/www.apn.ostroleka.pl\/wp-content\/uploads\/logo-ostrovia.png\" alt=\"\" width=\"20\" height=\"20\" \/> 21.05.2014 D Ostrovia Ostr\u00f3w Maz. <strong><a href=\"http:\/\/www.apn.ostroleka.pl\/?p=2185\">14:1<\/a><\/strong><\/p>\n<p>Razem: 14 mecz\u00f3w &#8211; 12 zwyci\u0119stw, 1 remis, 1 pora\u017cka; bramki 133-23.<\/p>\n<p>[wpcm_players limit=&#8221;0&#8243; season=&#8221;188&#8243; team=&#8221;190&#8243; orderby=&#8221;name&#8221; linktext=&#8221;Zobacz wszystkich zawodnik\u00f3w&#8221; stats=&#8221;flag,thumb,name,position,dob,appearances,goals&#8221; title=&#8221;Zawodnicy&#8221;]<\/p>\n<p>[wpcm_matches title=&#8221;Mecze i wyniki&#8221; format=&#8221;3&#8243; comp=&#8221;185&#8243; season=&#8221;188&#8243; team=&#8221;190&#8243; venue=&#8221;all&#8221; show_team=&#8221;0&#8243; show_comp=&#8221;0&#8243; linktext=&#8221;Wy\u015bwietl wszystkie wyniki&#8221; thumb=&#8221;1&#8243; link_club=&#8221;&#8221;]<\/p>\n<p><strong>Tabela ko\u0144cowa:<\/strong><\/p>\n<table border=\"0\" cellspacing=\"0\">\n<colgroup width=\"85\"><\/colgroup>\n<colgroup width=\"132\"><\/colgroup>\n<colgroup span=\"3\" width=\"85\"><\/colgroup>\n<tbody>\n<tr>\n<td align=\"CENTER\" height=\"19\"><b>Lp.<\/b><\/td>\n<td align=\"CENTER\"><b>Dru\u017cyna<\/b><\/td>\n<td align=\"CENTER\"><b>Mecze<\/b><\/td>\n<td align=\"CENTER\"><b>Punkty<\/b><\/td>\n<td align=\"CENTER\"><b>Bramki<\/b><\/td>\n<\/tr>\n<tr>\n<td align=\"CENTER\" height=\"17\">1<\/td>\n<td align=\"LEFT\">Orze\u0142 Sypniewo<\/td>\n<td align=\"CENTER\">14<\/td>\n<td align=\"CENTER\">37<\/td>\n<td align=\"CENTER\">180-28<\/td>\n<\/tr>\n<tr>\n<td align=\"CENTER\" height=\"17\">2<\/td>\n<td align=\"LEFT\"><u>APN Ostro\u0142\u0119ka<\/u><\/td>\n<td align=\"CENTER\">14<\/td>\n<td align=\"CENTER\">37<\/td>\n<td align=\"CENTER\">133-23<\/td>\n<\/tr>\n<tr>\n<td align=\"CENTER\" height=\"17\">3<\/td>\n<td align=\"LEFT\">Korona Ostro\u0142\u0119ka<\/td>\n<td align=\"CENTER\">14<\/td>\n<td align=\"CENTER\">27<\/td>\n<td align=\"CENTER\">84-33<\/td>\n<\/tr>\n<tr>\n<td align=\"CENTER\" height=\"17\">4<\/td>\n<td align=\"LEFT\">Makowianka Mak\u00f3w<\/td>\n<td align=\"CENTER\">14<\/td>\n<td align=\"CENTER\">26<\/td>\n<td align=\"CENTER\">112-57<\/td>\n<\/tr>\n<tr>\n<td align=\"CENTER\" height=\"17\">5<\/td>\n<td align=\"LEFT\">AP Ostr\u00f3w Maz.<\/td>\n<td align=\"CENTER\">14<\/td>\n<td align=\"CENTER\">20<\/td>\n<td align=\"CENTER\">63-51<\/td>\n<\/tr>\n<tr>\n<td align=\"CENTER\" height=\"17\">6<\/td>\n<td align=\"LEFT\">UKS Narew Ostro\u0142\u0119ka<\/td>\n<td align=\"CENTER\">14<\/td>\n<td align=\"CENTER\">9<\/td>\n<td align=\"CENTER\">47-125<\/td>\n<\/tr>\n<tr>\n<td align=\"CENTER\" height=\"20\">7<\/td>\n<td align=\"LEFT\">Ostrovia Ostr\u00f3w Maz.<\/td>\n<td align=\"CENTER\">14<\/td>\n<td align=\"CENTER\">9<\/td>\n<td align=\"CENTER\">27-165<\/td>\n<\/tr>\n<tr>\n<td align=\"CENTER\" height=\"17\">8<\/td>\n<td align=\"LEFT\">Pe\u0142ta Karniewo<\/td>\n<td align=\"CENTER\">14<\/td>\n<td align=\"CENTER\">0<\/td>\n<td align=\"CENTER\">21-165<\/td>\n<\/tr>\n<\/tbody>\n<\/table>\n<p style=\"text-align: justify;\">\/Orze\u0142 i APN maj\u0105 r\u00f3wn\u0105 ilo\u015b\u0107 punkt\u00f3w &#8211; tak\u017ce remisowy bilans mecz\u00f3w bezpo\u015brednich, Orze\u0142 zaj\u0105\u0142 pierwsze miejsce ze wzgl\u0119du na\u00a0lepszy bilans bramkowy w ca\u0142ym sezonie. UKS Narew i Ostrovia maj\u0105 r\u00f3wn\u0105 ilo\u015b\u0107 punkt\u00f3w &#8211; Narew ma lepszy o bramk\u0119 bilans mecz\u00f3w bezpo\u015brednich, dlatego wyprzedza Ostrovi\u0119.\/<\/p>\n<p style=\"text-align: justify;\"><strong>Kadra (bramki):<\/strong><br \/>\nBramkarze: Filip Ku\u0142as, Jacek Laskowski, Krystian Marciniak, Kacper Stepnowski.<br \/>\nZawodnicy z pola: Patryk Bielewicz (6), Konrad Ciecierski (6), Jakub Dmochowski, Konrad Dr\u0119\u017cek (9), Damian Drozd, Micha\u0142 Goc\u0142owski, Mieszko Grodzki (1), Marcel Jask\u00f3lski (8), Kevin Karwowski (11), Wiktor Krupka (2), Maciej Kube\u0142, Maciej Ku\u0142as, Piotr Madrak (9), Mateusz Majba\u0144ski (10), \u0141ukasz Mierzejewski (2), Kacper Nied\u017awiecki, Daniel Nowosielski, Kamil Pazu\u0142a, Andranik Petrosjan (1), Wiktor Pia\u015bci\u0144ski (1), Kacper Piekarski (7), Kacper Pi\u00f3rkowski (8), Bart\u0142omiej Ponichtera, Patryk Prusi\u0144ski, Jakub Rajchenbach (1), Hubert Sad\u0142owski (3), Jakub Saga\u0142a, Micha\u0142 Sendrowski (5), Szymon Trzeciak (4), Jakub Tuszy\u0144ski, Krystian Tyszka, Adam Zi\u0119ba (8), Rados\u0142aw Zy\u015bk (30). \/Opr\u00f3cz w\/w strzelc\u00f3w dwie bramki samob\u00f3jcze rywali.\/<\/p>\n<p style=\"text-align: justify;\"><strong>Najlepsi strzelcy:\u00a0<\/strong>30 bramek &#8211; Rados\u0142aw Zy\u015bk, 11 bramek &#8211; Kevin Karwowski, 10 bramek &#8211; Mateusz Majba\u0144ski.<\/p>\n","protected":false},"excerpt":{"rendered":"<p>= = = = = = = = = = Sezon 2013\/14 = = = = = = = = = = Rozgrywki:\u00a0Liga Okr\u0119gowa Orlik\u00f3w U-11 COOZPN, grupa II Wyniki: &hellip; <\/p>\n","protected":false},"author":1,"featured_media":0,"parent":5806,"menu_order":0,"comment_status":"closed","ping_status":"closed","template":"","meta":[],"_links":{"self":[{"href":"http:\/\/www.apn.ostroleka.pl\/index.php?rest_route=\/wp\/v2\/pages\/4765"}],"collection":[{"href":"http:\/\/www.apn.ostroleka.pl\/index.php?rest_route=\/wp\/v2\/pages"}],"about":[{"href":"http:\/\/www.apn.ostroleka.pl\/index.php?rest_route=\/wp\/v2\/types\/page"}],"author":[{"embeddable":true,"href":"http:\/\/www.apn.ostroleka.pl\/index.php?rest_route=\/wp\/v2\/users\/1"}],"replies":[{"embeddable":true,"href":"http:\/\/www.apn.ostroleka.pl\/index.php?rest_route=%2Fwp%2Fv2%2Fcomments&post=4765"}],"version-history":[{"count":6,"href":"http:\/\/www.apn.ostroleka.pl\/index.php?rest_route=\/wp\/v2\/pages\/4765\/revisions"}],"predecessor-version":[{"id":6705,"href":"http:\/\/www.apn.ostroleka.pl\/index.php?rest_route=\/wp\/v2\/pages\/4765\/revisions\/6705"}],"up":[{"embeddable":true,"href":"http:\/\/www.apn.ostroleka.pl\/index.php?rest_route=\/wp\/v2\/pages\/5806"}],"wp:attachment":[{"href":"http:\/\/www.apn.ostroleka.pl\/index.php?rest_route=%2Fwp%2Fv2%2Fmedia&parent=4765"}],"curies":[{"name":"wp","href":"https:\/\/api.w.org\/{rel}","templated":true}]}}