{"id":4763,"date":"2015-10-06T12:01:54","date_gmt":"2015-10-06T10:01:54","guid":{"rendered":"http:\/\/www.apn.ostroleka.pl\/?page_id=4763"},"modified":"2016-05-16T12:09:48","modified_gmt":"2016-05-16T10:09:48","slug":"grupa-200304-sezon-201415","status":"publish","type":"page","link":"http:\/\/www.apn.ostroleka.pl\/?page_id=4763","title":{"rendered":"Grupa 2003\/04 &#8211; sezon 2014\/15"},"content":{"rendered":"<p style=\"text-align: center;\"><strong>= = = = = = = = = = Sezon 2014\/15\u00a0= = = = = = = = = = <\/strong><\/p>\n<p>Rozgrywki: <strong>Liga M\u0142odzik\u00f3w U-13 COOZPN, grupa II<\/strong><\/p>\n<p><strong>Wyniki:<\/strong><\/p>\n<p><img loading=\"lazy\" src=\"http:\/\/www.apn.ostroleka.pl\/wp-content\/uploads\/logo-mksnarew.png\" alt=\"\" width=\"20\" height=\"20\" \/>\u00a006.09.2014 D\u00a0MKS Narew Ostro\u0142\u0119ka <strong><a title=\"Na pocz\u0105tek wysokie zwyci\u0119stwo!!!\" href=\"http:\/\/www.apn.ostroleka.pl\/?p=2499\">13:0<\/a><\/strong><br \/>\n<img loading=\"lazy\" src=\"http:\/\/www.apn.ostroleka.pl\/wp-content\/uploads\/logo-koronaoka.png\" alt=\"\" width=\"20\" height=\"20\" \/>\u00a013.09.2014 W Korona Ostro\u0142\u0119ka <strong><a href=\"http:\/\/www.apn.ostroleka.pl\/?p=2548\">2:5<\/a><\/strong><br \/>\n<img loading=\"lazy\" src=\"http:\/\/www.apn.ostroleka.pl\/wp-content\/uploads\/logo-rozan.png\" alt=\"\" width=\"20\" height=\"20\" \/>\u00a017.09.2014 D\u00a0FC R\u00f3\u017can <strong><a href=\"http:\/\/www.apn.ostroleka.pl\/?p=2587\">18:0<\/a><\/strong><br \/>\n<img loading=\"lazy\" src=\"http:\/\/www.apn.ostroleka.pl\/wp-content\/uploads\/logo-troszyn.png\" alt=\"\" width=\"20\" height=\"20\" \/>\u00a020.09.2014 W KS CK Troszyn <strong><a href=\"http:\/\/www.apn.ostroleka.pl\/?p=2615\">0:0<\/a><\/strong><br \/>\n<img loading=\"lazy\" src=\"http:\/\/www.apn.ostroleka.pl\/wp-content\/uploads\/logo-baranowo.png\" alt=\"\" width=\"20\" height=\"20\" \/>\u00a027.09.2014 D\u00a0\u015awit Baranowo <a href=\"http:\/\/www.apn.ostroleka.pl\/?p=2644\"><strong>15:0<\/strong><\/a><br \/>\n<img loading=\"lazy\" src=\"http:\/\/www.apn.ostroleka.pl\/wp-content\/uploads\/logo-zlota.png\" alt=\"\" width=\"20\" height=\"20\" \/>\u00a001.10.2014 W UKS Moja\/Z\u0142ota Ostro\u0142\u0119ka <strong><a href=\"http:\/\/www.apn.ostroleka.pl\/?p=2652\">0:3<\/a><\/strong><br \/>\n<img loading=\"lazy\" src=\"http:\/\/www.apn.ostroleka.pl\/wp-content\/uploads\/logo-lyse.png\" alt=\"\" width=\"20\" height=\"20\" \/>\u00a006.10.2014 D\u00a0T\u0119cza \u0141yse <strong>3:0 (WO)<\/strong><br \/>\n<img loading=\"lazy\" src=\"http:\/\/www.apn.ostroleka.pl\/wp-content\/uploads\/logo-uksnarew.png\" alt=\"\" width=\"20\" height=\"20\" \/>\u00a012.10.2014 W UKS Narew Ostro\u0142\u0119ka <strong><a href=\"http:\/\/www.apn.ostroleka.pl\/?p=2714\">0:2<\/a><\/strong><br \/>\n<img loading=\"lazy\" src=\"http:\/\/www.apn.ostroleka.pl\/wp-content\/uploads\/logo-chorzele.png\" alt=\"\" width=\"20\" height=\"20\" \/>\u00a015.10.2014 D\u00a0Orzyc Chorzele <strong>3:0 (WO)<\/strong><br \/>\n<img loading=\"lazy\" src=\"http:\/\/www.apn.ostroleka.pl\/wp-content\/uploads\/logo-sypniewo.png\" alt=\"\" width=\"20\" height=\"20\" \/>\u00a018.10.2014 W Orze\u0142 Sypniewo\u00a0<strong><a href=\"http:\/\/www.apn.ostroleka.pl\/?p=2795\">4:3<br \/>\n<\/a><\/strong><br \/>\n<img loading=\"lazy\" src=\"http:\/\/www.apn.ostroleka.pl\/wp-content\/uploads\/logo-mksnarew.png\" alt=\"\" width=\"20\" height=\"20\" \/>\u00a011.04.2015 W MKS Narew Ostro\u0142\u0119ka<strong>\u00a0<a href=\"http:\/\/www.apn.ostroleka.pl\/?p=3752\" target=\"_blank\">9:2<\/a><\/strong><br \/>\n<img loading=\"lazy\" src=\"http:\/\/www.apn.ostroleka.pl\/wp-content\/uploads\/logo-koronaoka.png\" alt=\"\" width=\"20\" height=\"20\" \/>\u00a016.04.2015 D\u00a0Korona Ostro\u0142\u0119ka <strong><a href=\"http:\/\/www.apn.ostroleka.pl\/?p=3771\" target=\"_blank\">0:3<\/a><\/strong><br \/>\n<img loading=\"lazy\" src=\"http:\/\/www.apn.ostroleka.pl\/wp-content\/uploads\/logo-rozan.png\" alt=\"\" width=\"20\" height=\"20\" \/>\u00a026.04.2015 W FC 2013 R\u00f3\u017can\u00a0<a href=\"http:\/\/www.apn.ostroleka.pl\/?p=3794\" target=\"_blank\"><strong>15:1<\/strong><\/a><br \/>\n<img loading=\"lazy\" src=\"http:\/\/www.apn.ostroleka.pl\/wp-content\/uploads\/logo-troszyn.png\" alt=\"\" width=\"20\" height=\"20\" \/>\u00a002.05.2015 D KS\u00a0CK Troszyn\u00a0<strong><a href=\"http:\/\/www.apn.ostroleka.pl\/?p=3804\" target=\"_blank\">4:0<\/a><\/strong><br \/>\n<img loading=\"lazy\" src=\"http:\/\/www.apn.ostroleka.pl\/wp-content\/uploads\/logo-baranowo.png\" alt=\"\" width=\"20\" height=\"20\" \/>\u00a009.05.2015 W \u015awit Baranowo\u00a0<a href=\"http:\/\/www.apn.ostroleka.pl\/?p=3818\" target=\"_blank\"><strong>11:1<\/strong><\/a><br \/>\n<img loading=\"lazy\" src=\"http:\/\/www.apn.ostroleka.pl\/wp-content\/uploads\/logo-zlota.png\" alt=\"\" width=\"20\" height=\"20\" \/>\u00a017.05.2015 D\u00a0UKS Z\u0142ota Ostro\u0142\u0119ka <a href=\"http:\/\/www.apn.ostroleka.pl\/?p=3840\" target=\"_blank\"><strong>2:3<\/strong><\/a><br \/>\n<img loading=\"lazy\" src=\"http:\/\/www.apn.ostroleka.pl\/wp-content\/uploads\/logo-lyse.png\" alt=\"\" width=\"20\" height=\"20\" \/>\u00a020.05.2015 W T\u0119cza \u0141yse <a href=\"http:\/\/www.apn.ostroleka.pl\/?p=3886\" target=\"_blank\"><strong>5:2<\/strong><\/a><br \/>\n<img loading=\"lazy\" src=\"http:\/\/www.apn.ostroleka.pl\/wp-content\/uploads\/logo-uksnarew.png\" alt=\"\" width=\"20\" height=\"20\" \/>\u00a023.05.2015 D\u00a0UKS Narew Ostro\u0142\u0119ka <a href=\"http:\/\/www.apn.ostroleka.pl\/?p=3901\" target=\"_blank\"><strong>3:1<\/strong><\/a><br \/>\n<img loading=\"lazy\" src=\"http:\/\/www.apn.ostroleka.pl\/wp-content\/uploads\/logo-chorzele.png\" alt=\"\" width=\"20\" height=\"20\" \/>\u00a003.06.2015 W Orzyc Chorzele\u00a0<strong><a href=\"http:\/\/www.apn.ostroleka.pl\/?p=4020\" target=\"_blank\">3:1<\/a><\/strong><br \/>\n<img loading=\"lazy\" src=\"http:\/\/www.apn.ostroleka.pl\/wp-content\/uploads\/logo-sypniewo.png\" alt=\"\" width=\"20\" height=\"20\" \/>\u00a007.06.2015 D\u00a0Orze\u0142 Sypniewo <strong><a href=\"http:\/\/www.apn.ostroleka.pl\/?p=4020\" target=\"_blank\">5:4<\/a><\/strong><\/p>\n<p>Razem: 20 mecz\u00f3w (odby\u0142o si\u0119 18) &#8211; 14 zwyci\u0119stw, 1 remis, 5 pora\u017cek; bramki 115-31<\/p>\n<p><strong>Tabela ko\u0144cowa:<\/strong><\/p>\n<table border=\"0\" cellspacing=\"0\">\n<colgroup width=\"85\"><\/colgroup>\n<colgroup width=\"132\"><\/colgroup>\n<colgroup span=\"3\" width=\"85\"><\/colgroup>\n<tbody>\n<tr>\n<td align=\"CENTER\" height=\"19\"><b>Lp.<\/b><\/td>\n<td align=\"CENTER\"><b>Dru\u017cyna<\/b><\/td>\n<td align=\"CENTER\"><b>Mecze<\/b><\/td>\n<td align=\"CENTER\"><b>Punkty<\/b><\/td>\n<td align=\"CENTER\"><b>Bramki<\/b><\/td>\n<\/tr>\n<tr>\n<td align=\"CENTER\" height=\"17\">1<\/td>\n<td align=\"LEFT\">UKS Narew Ostro\u0142\u0119ka<\/td>\n<td align=\"CENTER\">20<\/td>\n<td align=\"CENTER\">55<\/td>\n<td align=\"CENTER\">82-13<\/td>\n<\/tr>\n<tr>\n<td align=\"CENTER\" height=\"17\">2<\/td>\n<td align=\"LEFT\">Korona Ostro\u0142\u0119ka<\/td>\n<td align=\"CENTER\">20<\/td>\n<td align=\"CENTER\">55<\/td>\n<td align=\"CENTER\">143-10<\/td>\n<\/tr>\n<tr>\n<td align=\"CENTER\" height=\"17\">3<\/td>\n<td align=\"LEFT\"><u>APN Ostro\u0142\u0119ka<\/u><\/td>\n<td align=\"CENTER\">20<\/td>\n<td align=\"CENTER\">43<\/td>\n<td align=\"CENTER\">115-31<\/td>\n<\/tr>\n<tr>\n<td align=\"CENTER\" height=\"17\">4<\/td>\n<td align=\"LEFT\">UKS Moja Ostro\u0142\u0119ka<\/td>\n<td align=\"CENTER\">20<\/td>\n<td align=\"CENTER\">41<\/td>\n<td align=\"CENTER\">87-28<\/td>\n<\/tr>\n<tr>\n<td align=\"CENTER\" height=\"17\">5<\/td>\n<td align=\"LEFT\">Orze\u0142 Sypniewo<\/td>\n<td align=\"CENTER\">20<\/td>\n<td align=\"CENTER\">40<\/td>\n<td align=\"CENTER\">116-36<\/td>\n<\/tr>\n<tr>\n<td align=\"CENTER\" height=\"17\">6<\/td>\n<td align=\"LEFT\">T\u0119cza \u0141yse<\/td>\n<td align=\"CENTER\">20<\/td>\n<td align=\"CENTER\">28<\/td>\n<td align=\"CENTER\">52-51<\/td>\n<\/tr>\n<tr>\n<td align=\"CENTER\" height=\"17\">7<\/td>\n<td align=\"LEFT\">KS CK Troszyn<\/td>\n<td align=\"CENTER\">20<\/td>\n<td align=\"CENTER\">24<\/td>\n<td align=\"CENTER\">40-48<\/td>\n<\/tr>\n<tr>\n<td align=\"CENTER\" height=\"17\">8<\/td>\n<td align=\"LEFT\">MKS Narew Ostro\u0142\u0119ka<\/td>\n<td align=\"CENTER\">20<\/td>\n<td align=\"CENTER\">14<\/td>\n<td align=\"CENTER\">33-135<\/td>\n<\/tr>\n<tr>\n<td align=\"CENTER\" height=\"17\">9<\/td>\n<td align=\"LEFT\">\u015awit Baranowo<\/td>\n<td align=\"CENTER\">20<\/td>\n<td align=\"CENTER\">13<\/td>\n<td align=\"CENTER\">25-155<\/td>\n<\/tr>\n<tr>\n<td align=\"CENTER\" height=\"17\">10<\/td>\n<td align=\"LEFT\">Orzyc Chorzele<\/td>\n<td align=\"CENTER\">20<\/td>\n<td align=\"CENTER\">9<\/td>\n<td align=\"CENTER\">23-74<\/td>\n<\/tr>\n<tr>\n<td align=\"CENTER\" height=\"17\">11<\/td>\n<td align=\"LEFT\">FC 2012 R\u00f3\u017can<\/td>\n<td align=\"CENTER\">20<\/td>\n<td align=\"CENTER\">1<\/td>\n<td align=\"CENTER\">20-155<\/td>\n<\/tr>\n<\/tbody>\n<\/table>\n<p style=\"text-align: justify;\"><strong>Kadra (mecze\/bramki):<br \/>\n<\/strong>Bramkarze: Jacek Laskowski (12\/0), Krystian Marciniak (12\/0), Kacper Stepnowski (13\/0).<br \/>\nZawodnicy z pola:\u00a0Miko\u0142aj Banach (1\/0, tylko wiosna), Patryk Bielewicz (17\/16), Konrad Ciecierski (13\/2), Konrad Dr\u0119\u017cek (15\/3), Micha\u0142 Goc\u0142owski (2\/0, tylko wiosna), Mieszko Grodzki (3\/1), Marcel Jask\u00f3lski (13\/0), Kevin Karwowski (18\/9), Maciej Kube\u0142 (5\/0, tylko wiosna), Adrian \u0141abuda (7\/8, tylko wiosna), Piotr Madrak (16\/13), Mateusz Majba\u0144ski (15\/3), Kacper Nied\u017awiecki (17\/0), Kamil Pazu\u0142a (7\/0), Andranik Petrosjan (14\/0), Kacper Piekarski (13\/2), Kacper Pi\u00f3rkowski (14\/9), Patryk Prusi\u0144ski (2\/0, tylko jesie\u0144), Hubert Sad\u0142owski (1\/0, tylko jesie\u0144), Micha\u0142 Sendrowski (14\/3), Kuba Tuszy\u0144ski (3\/0), Szymon Trzeciak (7\/1), Rados\u0142aw Zy\u015bk (17\/38).<\/p>\n<p style=\"text-align: justify;\"><strong>Najlepsi strzelcy:<\/strong>\u00a038 bramek &#8211; Rados\u0142aw Zy\u015bk, 16 bramek &#8211; Patryk Bielewicz, 13 bramek &#8211; Piotr Madrak.<\/p>\n<p style=\"text-align: center;\">&#8212;&#8212;&#8212;&#8212;&#8212;&#8212;&#8212;&#8212;&#8212;&#8212;&#8212;&#8212;&#8212;&#8212;&#8212;&#8212;&#8212;&#8212;&#8212;&#8212;&#8212;&#8212;&#8212;&#8212;&#8212;&#8212;&#8212;&#8212;-<\/p>\n<p style=\"text-align: left;\"><strong>Poprzednie sezony:<\/strong><br \/>\n<strong><a href=\"http:\/\/www.apn.ostroleka.pl\/?page_id=4765\">2013\/14<\/a><\/strong> Liga\u00a0Orlik\u00f3w U-10 &#8211; 2\/8; \u00a012-1-1;\u00a0133-23.<br \/>\n<span style=\"color: #999999;\">Kolejno: sezon, liga, miejsce\/liczba dru\u017cyn, zwyci\u0119stwa-remisy-pora\u017cki, bramki zdobyte-bramki stracone.<\/span><\/p>\n","protected":false},"excerpt":{"rendered":"<p>= = = = = = = = = = Sezon 2014\/15\u00a0= = = = = = = = = = Rozgrywki: Liga M\u0142odzik\u00f3w U-13 COOZPN, grupa II Wyniki: \u00a006.09.2014 &hellip; <\/p>\n","protected":false},"author":1,"featured_media":0,"parent":5806,"menu_order":0,"comment_status":"closed","ping_status":"closed","template":"","meta":[],"_links":{"self":[{"href":"http:\/\/www.apn.ostroleka.pl\/index.php?rest_route=\/wp\/v2\/pages\/4763"}],"collection":[{"href":"http:\/\/www.apn.ostroleka.pl\/index.php?rest_route=\/wp\/v2\/pages"}],"about":[{"href":"http:\/\/www.apn.ostroleka.pl\/index.php?rest_route=\/wp\/v2\/types\/page"}],"author":[{"embeddable":true,"href":"http:\/\/www.apn.ostroleka.pl\/index.php?rest_route=\/wp\/v2\/users\/1"}],"replies":[{"embeddable":true,"href":"http:\/\/www.apn.ostroleka.pl\/index.php?rest_route=%2Fwp%2Fv2%2Fcomments&post=4763"}],"version-history":[{"count":4,"href":"http:\/\/www.apn.ostroleka.pl\/index.php?rest_route=\/wp\/v2\/pages\/4763\/revisions"}],"predecessor-version":[{"id":4780,"href":"http:\/\/www.apn.ostroleka.pl\/index.php?rest_route=\/wp\/v2\/pages\/4763\/revisions\/4780"}],"up":[{"embeddable":true,"href":"http:\/\/www.apn.ostroleka.pl\/index.php?rest_route=\/wp\/v2\/pages\/5806"}],"wp:attachment":[{"href":"http:\/\/www.apn.ostroleka.pl\/index.php?rest_route=%2Fwp%2Fv2%2Fmedia&parent=4763"}],"curies":[{"name":"wp","href":"https:\/\/api.w.org\/{rel}","templated":true}]}}