{"id":4434,"date":"2015-09-02T09:24:02","date_gmt":"2015-09-02T07:24:02","guid":{"rendered":"http:\/\/www.apn.ostroleka.pl\/?page_id=4434"},"modified":"2025-03-17T19:49:01","modified_gmt":"2025-03-17T17:49:01","slug":"o-nas","status":"publish","type":"page","link":"http:\/\/www.apn.ostroleka.pl\/?page_id=4434","title":{"rendered":"O nas"},"content":{"rendered":"<p style=\"text-align: center;\"><img loading=\"lazy\" class=\"aligncenter size-full wp-image-8890\" src=\"http:\/\/www.apn.ostroleka.pl\/wp-content\/uploads\/herb_apn_2018_duzy.png\" alt=\"\" width=\"512\" height=\"512\" srcset=\"http:\/\/www.apn.ostroleka.pl\/wp-content\/uploads\/herb_apn_2018_duzy.png 512w, http:\/\/www.apn.ostroleka.pl\/wp-content\/uploads\/herb_apn_2018_duzy-200x200.png 200w, http:\/\/www.apn.ostroleka.pl\/wp-content\/uploads\/herb_apn_2018_duzy-300x300.png 300w\" sizes=\"(max-width: 512px) 100vw, 512px\" \/><\/p>\n<p><strong><br \/>\nOstro\u0142\u0119cka Akademia Pi\u0142ki No\u017cnej<\/strong><br \/>\nul. Frezjowa 8, 07-410 Ostro\u0142\u0119ka<br \/>\nemail: apnostroleka@gmail.com<br \/>\ntelefony: 602-446-111, 793-678-643<\/p>\n<p><strong>Zarz\u0105d:<br \/>\n<\/strong>Marcin Roman &#8211; Prezes<br \/>\nMariusz Sad\u0142owski &#8211; Wiceprezes<br \/>\nJacek Borkowski &#8211; Skarbnik<\/p>\n<p><strong>Sukcesy klubu:<\/strong> patrz <strong><a href=\"http:\/\/www.apn.ostroleka.pl\/?page_id=4432\">TUTAJ<\/a>\u00a0<\/strong>(z podzia\u0142em na roczniki\u00a0<a href=\"http:\/\/www.apn.ostroleka.pl\/?page_id=4966\">2003\/04<\/a>, <a href=\"http:\/\/www.apn.ostroleka.pl\/?page_id=4968\">2005<\/a>, <a href=\"http:\/\/www.apn.ostroleka.pl\/?page_id=4970\">2006<\/a>, <a href=\"http:\/\/www.apn.ostroleka.pl\/?page_id=4972\">2007<\/a>, <a href=\"http:\/\/www.apn.ostroleka.pl\/?page_id=5233\">2008<\/a>, <a href=\"http:\/\/www.apn.ostroleka.pl\/?page_id=6760\">2009<\/a>)<strong><br \/>\nWyst\u0119py ligowe:\u00a0<\/strong>patrz <strong><a href=\"http:\/\/www.apn.ostroleka.pl\/?page_id=4791\">TUTAJ<\/a><\/strong>.<br \/>\n<strong>Nasi wychowankowie w reprezentacjach:<\/strong> patrz <a href=\"http:\/\/www.apn.ostroleka.pl\/?page_id=6195\"><strong>TUTAJ<\/strong><\/a>.<\/p>\n<p><strong>Turnieje APN CUP:<\/strong> patrz <strong><a href=\"http:\/\/www.apn.ostroleka.pl\/?page_id=4506\">TUTAJ<\/a><\/strong>.<\/p>\n<p>Administrator strony internetowej: Tomasz Mrozek.<br \/>\nWsp\u00f3\u0142praca redakcyjna:\u00a0trenerzy\u00a0danych rocznik\u00f3w oraz rodzic Jacek D\u0119bski.<\/p>\n<p><strong>Historia<\/strong><\/p>\n<p style=\"text-align: justify;\">Historia naszej Akademii wci\u0105\u017c si\u0119 pisze, chocia\u017c mimo, i\u017c wydaje si\u0119, \u017ce zacz\u0119li\u015bmy przed chwil\u0105, min\u0119\u0142o ju\u017c 5 lat (aktualizacja 05.2017 &#8211; nied\u0142ugo minie 7 lat). Zaczynali\u015bmy jako Akademia maj\u0105ca wsp\u00f3\u0142pracowa\u0107 z\u00a0jednym z ostro\u0142\u0119ckich klub\u00f3w, posiadaj\u0105cych dru\u017cyn\u0119 senior\u00f3w.\u00a0Posz\u0142o jednak troch\u0119 inaczej i zdecydowali\u015bmy si\u0119 dzia\u0142a\u0107 na w\u0142asny rachunek. Brak powi\u0105zania z innymi lokalnymi klubami wyszed\u0142 nam na dobre,\u00a0a mocne kluby same zdecydowa\u0142y si\u0119 na wsp\u00f3\u0142prac\u0119 z nami &#8211; st\u0105d nasze cz\u0119ste mecze m.in. z Jagielloni\u0105 Bia\u0142ystok i Legi\u0105 Warszawa. Oby rozwija\u0142a si\u0119 ona dalej w takim tempie!<\/p>\n<p style=\"text-align: justify;\">Zaczynali\u015bmy od kilkunastu zawodnik\u00f3w, a obecnie trenuje u nas niemal 190 (aktualizacja 05.2017 &#8211; ok. 350!) m\u0142odych ostro\u0142\u0119czan (i zawodnik\u00f3w z okolicy). Ka\u017cda grupa ma przydzielonych dw\u00f3ch trener\u00f3w. Trener\u00f3w, a nie &#8222;pan\u00f3w od w-fu&#8221; (z ca\u0142ym szacunkiem dla tych drugich). Nasi szkoleniowcy systematycznie podnosz\u0105 swoje umiej\u0119tno\u015bci. Studiujemy, je\u017adzimy na szkolenia m.in. do Holandii. W APN stawiamy na dobr\u0105 organizacj\u0119, przemy\u015blane obci\u0105\u017cenia treningowe, stopniowy rozw\u00f3j &#8211; najpierw zapoznanie z pi\u0142k\u0105 no\u017cn\u0105, potem zbieranie do\u015bwiadczenia poprzez udzia\u0142\u00a0w turniejach, wreszcie gra w lidze i zwyci\u0119\u017canie w turniejach og\u00f3lnopolskich. Jest jedna pi\u0142ka, a wiele marze\u0144. Chcemy pom\u00f3c dzieciom spe\u0142ni\u0107 te marzenia.<\/p>\n<p style=\"text-align: justify;\">Kilkunastu naszych wychowank\u00f3w zadebiutowa\u0142o ju\u017c w kadrach Ciechanowsko-Ostro\u0142\u0119ckiego Okr\u0119gowego Zwi\u0105zku Pi\u0142ki No\u017cnej. Byli ju\u017c pierwsi reprezentanci Mazowsza. Czekamy na pierwsze powo\u0142ania do Kadry Polski, bo wierzymy, \u017ce jest to ju\u017c tylko kwestia czasu.<\/p>\n<p><center><iframe loading=\"lazy\" src=\"https:\/\/www.youtube.com\/embed\/SH-yTrWWULw?rel=0\" width=\"640\" height=\"360\" frameborder=\"0\" allowfullscreen=\"allowfullscreen\"><\/iframe><\/center><\/p>\n<p style=\"text-align: justify;\">10 listopada 2016 roku nawi\u0105zali\u015bmy wsp\u00f3\u0142prac\u0119 z Akademi\u0105 Pi\u0142karsk\u0105 Legii Warszawa, co oceniamy jako krok milowy w historii naszego klubu. Oficjalna prezentacja i podpisanie dokument\u00f3w nast\u0105pi\u0105 w lutym 2017 roku.<\/p>\n<p style=\"text-align: justify;\">6 lutego 2017 roku dosz\u0142o do zmiany\u00a0w zarz\u0105dzie APN Ostro\u0142\u0119ka. Dotychczasowego prezesa Bogus\u0142awa Szlachetk\u0119 na stanowisku zmieni\u0142 dotychczasowy skarbnik, Marcin Roman. Skarbnikiem zosta\u0142 Pawe\u0142 Zalewski, a wiceprezesem pozosta\u0142 Mariusz Sad\u0142owski.<\/p>\n<p style=\"text-align: justify;\">1 kwietnia 2018 roku przedstawili\u015bmy nasz nowy herb (widoczny na g\u00f3rze tej strony w du\u017cej rozdzielczo\u015bci).<\/p>\n","protected":false},"excerpt":{"rendered":"<p>Ostro\u0142\u0119cka Akademia Pi\u0142ki No\u017cnej ul. Frezjowa 8, 07-410 Ostro\u0142\u0119ka email: apnostroleka@gmail.com telefony: 602-446-111, 793-678-643 Zarz\u0105d: Marcin Roman &#8211; Prezes Mariusz Sad\u0142owski &#8211; Wiceprezes Jacek Borkowski &#8211; Skarbnik Sukcesy klubu: patrz &hellip; <\/p>\n","protected":false},"author":1,"featured_media":0,"parent":0,"menu_order":0,"comment_status":"closed","ping_status":"closed","template":"","meta":[],"_links":{"self":[{"href":"http:\/\/www.apn.ostroleka.pl\/index.php?rest_route=\/wp\/v2\/pages\/4434"}],"collection":[{"href":"http:\/\/www.apn.ostroleka.pl\/index.php?rest_route=\/wp\/v2\/pages"}],"about":[{"href":"http:\/\/www.apn.ostroleka.pl\/index.php?rest_route=\/wp\/v2\/types\/page"}],"author":[{"embeddable":true,"href":"http:\/\/www.apn.ostroleka.pl\/index.php?rest_route=\/wp\/v2\/users\/1"}],"replies":[{"embeddable":true,"href":"http:\/\/www.apn.ostroleka.pl\/index.php?rest_route=%2Fwp%2Fv2%2Fcomments&post=4434"}],"version-history":[{"count":16,"href":"http:\/\/www.apn.ostroleka.pl\/index.php?rest_route=\/wp\/v2\/pages\/4434\/revisions"}],"predecessor-version":[{"id":10198,"href":"http:\/\/www.apn.ostroleka.pl\/index.php?rest_route=\/wp\/v2\/pages\/4434\/revisions\/10198"}],"wp:attachment":[{"href":"http:\/\/www.apn.ostroleka.pl\/index.php?rest_route=%2Fwp%2Fv2%2Fmedia&parent=4434"}],"curies":[{"name":"wp","href":"https:\/\/api.w.org\/{rel}","templated":true}]}}