{"id":4432,"date":"2015-09-02T09:03:39","date_gmt":"2015-09-02T07:03:39","guid":{"rendered":"http:\/\/www.apn.ostroleka.pl\/?page_id=4432"},"modified":"2016-09-12T09:40:08","modified_gmt":"2016-09-12T07:40:08","slug":"sukcesy","status":"publish","type":"page","link":"http:\/\/www.apn.ostroleka.pl\/?page_id=4432","title":{"rendered":"Sukcesy"},"content":{"rendered":"<p style=\"text-align: justify;\"><img loading=\"lazy\" class=\"aligncenter size-full wp-image-5019\" src=\"http:\/\/www.apn.ostroleka.pl\/wp-content\/uploads\/puchary.jpg\" alt=\"puchary\" width=\"623\" height=\"300\" srcset=\"http:\/\/www.apn.ostroleka.pl\/wp-content\/uploads\/puchary.jpg 623w, http:\/\/www.apn.ostroleka.pl\/wp-content\/uploads\/puchary-300x144.jpg 300w\" sizes=\"(max-width: 623px) 100vw, 623px\" \/><\/p>\n<p style=\"text-align: justify;\">Przez kilka lat dzia\u0142alno\u015bci naszej akademii puchar\u00f3w uzbiera\u0142o si\u0119 ju\u017c na tyle du\u017co, \u017ce zmuszeni jeste\u015bmy podzieli\u0107\u00a0galeri\u0119 naszych trofe\u00f3w na poszczeg\u00f3lne roczniki \ud83d\ude42 To ca\u0142kiem przyjemny obowi\u0105zek!<\/p>\n<p style=\"text-align: justify;\">Zapraszamy zatem do przejrzenia puchar\u00f3w zdobytych przez poszczeg\u00f3lne grupy. Przy ka\u017cdym z puchar\u00f3w podali\u015bmy nazw\u0119 turnieju, miejsce i dat\u0119 jego rozegrania, zaj\u0119te miejsce oraz nagrody indywidualne. Do tego ka\u017cdy turniej posiada odno\u015bnik do relacji z jego przebiegu, wi\u0119c mo\u017cna razem powspomina\u0107 minione sukcesy i sukcesiki.<\/p>\n<ul>\n<li style=\"text-align: justify;\"><strong><a href=\"http:\/\/www.apn.ostroleka.pl\/?page_id=4966\">Sukcesy grupy 2003\/04<\/a><\/strong><\/li>\n<li style=\"text-align: justify;\"><a href=\"http:\/\/www.apn.ostroleka.pl\/?page_id=4968\"><strong>Sukcesy grupy 2005<\/strong><\/a><\/li>\n<li style=\"text-align: justify;\"><strong><a href=\"http:\/\/www.apn.ostroleka.pl\/?page_id=4970\">Sukcesy grupy 2006<\/a><\/strong><\/li>\n<li style=\"text-align: justify;\"><strong><a href=\"http:\/\/www.apn.ostroleka.pl\/?page_id=4972\">Sukcesy grupy 2007<\/a><\/strong><\/li>\n<li style=\"text-align: justify;\"><strong><a href=\"http:\/\/www.apn.ostroleka.pl\/?page_id=5233\">Sukcesy grupy 2008<\/a><\/strong><\/li>\n<li style=\"text-align: justify;\"><strong><a href=\"http:\/\/www.apn.ostroleka.pl\/?page_id=6760\">Sukcesy grupy 2009<\/a><\/strong><\/li>\n<\/ul>\n<p>Dodatkowo za sw\u00f3j sukces uznajemy sprawne zorganizowanie naprawd\u0119 niez\u0142ych turniej\u00f3w z cyklu <strong>APN CUP<\/strong>, kt\u00f3re przybli\u017camy szczeg\u00f3\u0142owo <strong><a href=\"http:\/\/www.apn.ostroleka.pl\/?page_id=4506\">TUTAJ<\/a><\/strong>.<\/p>\n","protected":false},"excerpt":{"rendered":"<p>Przez kilka lat dzia\u0142alno\u015bci naszej akademii puchar\u00f3w uzbiera\u0142o si\u0119 ju\u017c na tyle du\u017co, \u017ce zmuszeni jeste\u015bmy podzieli\u0107\u00a0galeri\u0119 naszych trofe\u00f3w na poszczeg\u00f3lne roczniki \ud83d\ude42 To ca\u0142kiem przyjemny obowi\u0105zek! Zapraszamy zatem do &hellip; <\/p>\n","protected":false},"author":1,"featured_media":0,"parent":0,"menu_order":0,"comment_status":"closed","ping_status":"closed","template":"","meta":[],"_links":{"self":[{"href":"http:\/\/www.apn.ostroleka.pl\/index.php?rest_route=\/wp\/v2\/pages\/4432"}],"collection":[{"href":"http:\/\/www.apn.ostroleka.pl\/index.php?rest_route=\/wp\/v2\/pages"}],"about":[{"href":"http:\/\/www.apn.ostroleka.pl\/index.php?rest_route=\/wp\/v2\/types\/page"}],"author":[{"embeddable":true,"href":"http:\/\/www.apn.ostroleka.pl\/index.php?rest_route=\/wp\/v2\/users\/1"}],"replies":[{"embeddable":true,"href":"http:\/\/www.apn.ostroleka.pl\/index.php?rest_route=%2Fwp%2Fv2%2Fcomments&post=4432"}],"version-history":[{"count":24,"href":"http:\/\/www.apn.ostroleka.pl\/index.php?rest_route=\/wp\/v2\/pages\/4432\/revisions"}],"predecessor-version":[{"id":6763,"href":"http:\/\/www.apn.ostroleka.pl\/index.php?rest_route=\/wp\/v2\/pages\/4432\/revisions\/6763"}],"wp:attachment":[{"href":"http:\/\/www.apn.ostroleka.pl\/index.php?rest_route=%2Fwp%2Fv2%2Fmedia&parent=4432"}],"curies":[{"name":"wp","href":"https:\/\/api.w.org\/{rel}","templated":true}]}}