{"id":3670,"date":"2015-04-07T12:33:58","date_gmt":"2015-04-07T10:33:58","guid":{"rendered":"http:\/\/www.apn.ostroleka.pl\/?page_id=3670"},"modified":"2019-09-30T13:45:16","modified_gmt":"2019-09-30T11:45:16","slug":"liga-mlodzikow-u12-201516-2","status":"publish","type":"page","link":"http:\/\/www.apn.ostroleka.pl\/?page_id=3670","title":{"rendered":"Liga M\u0142odzik\u00f3w U-13  (2015\/16)"},"content":{"rendered":"<p style=\"text-align: center;\"><img loading=\"lazy\" class=\"aligncenter size-full wp-image-5250\" src=\"http:\/\/www.apn.ostroleka.pl\/wp-content\/uploads\/2003-04-grup2016.jpg\" alt=\"2003-04-grup2016\" width=\"800\" height=\"418\" srcset=\"http:\/\/www.apn.ostroleka.pl\/wp-content\/uploads\/2003-04-grup2016.jpg 800w, http:\/\/www.apn.ostroleka.pl\/wp-content\/uploads\/2003-04-grup2016-300x157.jpg 300w\" sizes=\"(max-width: 800px) 100vw, 800px\" \/><\/p>\n<p><strong>Rozgrywki: <\/strong>Liga Okr\u0119gowa M\u0142odzik\u00f3w U-13 COOZPN, grupa II<\/p>\n<p style=\"text-align: justify;\">Dzi\u0119ki wi\u0119kszej ilo\u015bci bramek zdobytych na wyje\u017adzie PAF P\u0142o\u0144sk zosta\u0142 mistrzem okr\u0119gu ciechanowsko-ostro\u0142\u0119ckiego i awansowa\u0142 do Ekstraligi Mazowieckiej. <strong>APN Ostro\u0142\u0119ka zosta\u0142 wicemistrzem okr\u0119gu i awansowa\u0142 do I ligi mazowieckiej.<\/strong><\/p>\n<p>[wpcm_players limit=&#8221;0&#8243; season=&#8221;186&#8243; team=&#8221;190&#8243; orderby=&#8221;name&#8221; comp=&#8221;183&#8243; order=&#8221;DESC&#8221; linktext=&#8221;Zobacz wszystkich zawodnik\u00f3w&#8221; stats=&#8221;thumb,flag,name,position,dob,appearances,goals&#8221; title=&#8221;Zawodnicy&#8221;]<\/p>\n<p><strong>Trenerzy:<\/strong>\u00a0Marcin Roman i Piotr Wiski.<\/p>\n<p><strong>Tabela ko\u0144cowa:<\/strong><\/p>\n<ol>\n<li>APN Ostro\u0142\u0119ka 12-1-1 94-8\u00a0<strong>37<br \/>\n<\/strong><\/li>\n<li>Makowianka Mak\u00f3w Maz. 12-1-1 54-12\u00a0<strong>37<\/strong><\/li>\n<li>Korona Ostro\u0142\u0119ka 8-2-4 43-12\u00a0<strong>26<\/strong><\/li>\n<li>Ostrovia Ostr\u00f3w Maz. 6-2-6 30-48\u00a0<strong>20<\/strong><\/li>\n<li>AP Ostr\u00f3w Maz. 5-3-6 30-25\u00a0<strong>18<\/strong><\/li>\n<li>GUKS Krasnosielc 5-1-8 28-61\u00a0<strong>16<\/strong><\/li>\n<li>Kurpik Kadzid\u0142o 1-0-13 6-75\u00a0<strong>3<\/strong><\/li>\n<li>KS Pniewo 2-0-12 6-48\u00a0<strong>6<\/strong><\/li>\n<\/ol>\n<p>\/KS Pniewo wycofany po rundzie jesiennej i przesuni\u0119ty na koniec tabeli.\/<\/p>\n<hr \/>\n<p style=\"text-align: left;\"><strong>Poprzednie sezony:<\/strong><br \/>\n<strong><a href=\"http:\/\/www.apn.ostroleka.pl\/?page_id=4763\">2014\/15<\/a><\/strong> Liga M\u0142odzik\u00f3w U-11 &#8211; 3\/11; 14-1-5; 115-31.<br \/>\n<strong><a href=\"http:\/\/www.apn.ostroleka.pl\/?page_id=4765\">2013\/14<\/a><\/strong> Liga\u00a0Orlik\u00f3w U-10 &#8211; 2\/8; \u00a012-1-1;\u00a0133-23.<br \/>\n<span style=\"color: #999999;\">Kolejno: sezon, liga, miejsce\/liczba dru\u017cyn, zwyci\u0119stwa-remisy-pora\u017cki, bramki zdobyte-bramki stracone.<\/span><\/p>\n","protected":false},"excerpt":{"rendered":"<p>Rozgrywki: Liga Okr\u0119gowa M\u0142odzik\u00f3w U-13 COOZPN, grupa II Dzi\u0119ki wi\u0119kszej ilo\u015bci bramek zdobytych na wyje\u017adzie PAF P\u0142o\u0144sk zosta\u0142 mistrzem okr\u0119gu ciechanowsko-ostro\u0142\u0119ckiego i awansowa\u0142 do Ekstraligi Mazowieckiej. APN Ostro\u0142\u0119ka zosta\u0142 wicemistrzem &hellip; <\/p>\n","protected":false},"author":1,"featured_media":0,"parent":5806,"menu_order":0,"comment_status":"closed","ping_status":"closed","template":"","meta":[],"_links":{"self":[{"href":"http:\/\/www.apn.ostroleka.pl\/index.php?rest_route=\/wp\/v2\/pages\/3670"}],"collection":[{"href":"http:\/\/www.apn.ostroleka.pl\/index.php?rest_route=\/wp\/v2\/pages"}],"about":[{"href":"http:\/\/www.apn.ostroleka.pl\/index.php?rest_route=\/wp\/v2\/types\/page"}],"author":[{"embeddable":true,"href":"http:\/\/www.apn.ostroleka.pl\/index.php?rest_route=\/wp\/v2\/users\/1"}],"replies":[{"embeddable":true,"href":"http:\/\/www.apn.ostroleka.pl\/index.php?rest_route=%2Fwp%2Fv2%2Fcomments&post=3670"}],"version-history":[{"count":54,"href":"http:\/\/www.apn.ostroleka.pl\/index.php?rest_route=\/wp\/v2\/pages\/3670\/revisions"}],"predecessor-version":[{"id":9591,"href":"http:\/\/www.apn.ostroleka.pl\/index.php?rest_route=\/wp\/v2\/pages\/3670\/revisions\/9591"}],"up":[{"embeddable":true,"href":"http:\/\/www.apn.ostroleka.pl\/index.php?rest_route=\/wp\/v2\/pages\/5806"}],"wp:attachment":[{"href":"http:\/\/www.apn.ostroleka.pl\/index.php?rest_route=%2Fwp%2Fv2%2Fmedia&parent=3670"}],"curies":[{"name":"wp","href":"https:\/\/api.w.org\/{rel}","templated":true}]}}