{"id":3666,"date":"2015-04-07T12:33:10","date_gmt":"2015-04-07T10:33:10","guid":{"rendered":"http:\/\/www.apn.ostroleka.pl\/?page_id=3666"},"modified":"2016-09-12T10:26:34","modified_gmt":"2016-09-12T08:26:34","slug":"liga-orlikow-u11-201516","status":"publish","type":"page","link":"http:\/\/www.apn.ostroleka.pl\/?page_id=3666","title":{"rendered":"Liga Orlik\u00f3w U-11 (2015\/16)"},"content":{"rendered":"<p style=\"text-align: center;\"><strong>= = = = = = = = = = Sezon 2015\/16\u00a0= = = = = = = = = =\u00a0<\/strong><\/p>\n<p style=\"text-align: center;\"><img loading=\"lazy\" class=\"aligncenter size-large wp-image-4718\" src=\"http:\/\/www.apn.ostroleka.pl\/wp-content\/uploads\/2005-2006-ostrow1-800x450.jpg\" alt=\"2005-2006-ostrow1\" width=\"720\" height=\"405\" srcset=\"http:\/\/www.apn.ostroleka.pl\/wp-content\/uploads\/2005-2006-ostrow1-800x450.jpg 800w, http:\/\/www.apn.ostroleka.pl\/wp-content\/uploads\/2005-2006-ostrow1-300x169.jpg 300w, http:\/\/www.apn.ostroleka.pl\/wp-content\/uploads\/2005-2006-ostrow1.jpg 1000w\" sizes=\"(max-width: 720px) 100vw, 720px\" \/><\/p>\n<p><strong>Rozgrywki:\u00a0<\/strong>Liga Okr\u0119gowa Orlik\u00f3w E1 (U-11), grupa III<\/p>\n<p>&nbsp;<\/p>\n<p>[wpcm_matches comp=&#8221;185&#8243; season=&#8221;186&#8243; team=&#8221;191&#8243; linktext=&#8221;Wy\u015bwietl wszystkie wyniki&#8221; title=&#8221;Mecze i wyniki&#8221; thumb=&#8221;1&#8243; link_club=&#8221;&#8221;]<\/p>\n<p><strong>Rozgrywki:<\/strong>\u00a0Turniej mistrz\u00f3w grup\u00a0Ligi Okr\u0119gowej U-11.<\/p>\n<p>[wpcm_players limit=&#8221;0&#8243; season=&#8221;186&#8243; team=&#8221;191&#8243; orderby=&#8221;name&#8221; linktext=&#8221;Zobacz wszystkich zawodnik\u00f3w&#8221; stats=&#8221;flag,thumb,name,position,age,appearances,goals&#8221; title=&#8221;Zawodnicy&#8221;]<\/p>\n<p>W meczu M\u0142awianki z MKS-em Przasnysz pad\u0142 wynik 2:2. <strong>APN Ostro\u0142\u0119ka zosta\u0142 mistrzem ligi okr\u0119gowej!<\/strong><\/p>\n<p>[wpcm_players limit=&#8221;0&#8243; season=&#8221;186&#8243; team=&#8221;191&#8243; orderby=&#8221;name&#8221; linktext=&#8221;Zobacz wszystkich zawodnik\u00f3w&#8221; stats=&#8221;thumb,flag,name,position,age,appearances,goals&#8221; title=&#8221;Zawodnicy&#8221;]<\/p>\n<p><strong>Trenerzy:<\/strong> Mariusz Sad\u0142owski, Micha\u0142 \u015aniadach.<\/p>\n<p><strong>Tabela ko\u0144cowa:<\/strong><\/p>\n<ol>\n<li>APN Ostro\u0142\u0119ka 12-0-0 163-11\u00a0<strong>36<\/strong><\/li>\n<li>Ostrovia Ostr\u00f3w Maz. 8-1-3 68-42\u00a0<strong>25<\/strong><\/li>\n<li>\u00a0AP Ostr\u00f3w Maz. 8-0-4 55-44\u00a0<strong>24<\/strong><\/li>\n<li>KS CK Troszyn 5-1-6 25-47\u00a0<strong>16<\/strong><\/li>\n<li>UKS Z\u0142ota Ostro\u0142\u0119ka 4-2-6 49-72\u00a0<strong>14<\/strong><\/li>\n<li>Jantar Ostro\u0142\u0119ka 2-0-10 20-66\u00a0<strong>6<\/strong><\/li>\n<li>KS W\u0105sewo 1-0-11 6-104\u00a0<strong>3<\/strong><\/li>\n<\/ol>\n","protected":false},"excerpt":{"rendered":"<p>= = = = = = = = = = Sezon 2015\/16\u00a0= = = = = = = = = =\u00a0 Rozgrywki:\u00a0Liga Okr\u0119gowa Orlik\u00f3w E1 (U-11), grupa III &nbsp; [wpcm_matches &hellip; <\/p>\n","protected":false},"author":1,"featured_media":0,"parent":5806,"menu_order":0,"comment_status":"closed","ping_status":"closed","template":"","meta":[],"_links":{"self":[{"href":"http:\/\/www.apn.ostroleka.pl\/index.php?rest_route=\/wp\/v2\/pages\/3666"}],"collection":[{"href":"http:\/\/www.apn.ostroleka.pl\/index.php?rest_route=\/wp\/v2\/pages"}],"about":[{"href":"http:\/\/www.apn.ostroleka.pl\/index.php?rest_route=\/wp\/v2\/types\/page"}],"author":[{"embeddable":true,"href":"http:\/\/www.apn.ostroleka.pl\/index.php?rest_route=\/wp\/v2\/users\/1"}],"replies":[{"embeddable":true,"href":"http:\/\/www.apn.ostroleka.pl\/index.php?rest_route=%2Fwp%2Fv2%2Fcomments&post=3666"}],"version-history":[{"count":24,"href":"http:\/\/www.apn.ostroleka.pl\/index.php?rest_route=\/wp\/v2\/pages\/3666\/revisions"}],"predecessor-version":[{"id":6776,"href":"http:\/\/www.apn.ostroleka.pl\/index.php?rest_route=\/wp\/v2\/pages\/3666\/revisions\/6776"}],"up":[{"embeddable":true,"href":"http:\/\/www.apn.ostroleka.pl\/index.php?rest_route=\/wp\/v2\/pages\/5806"}],"wp:attachment":[{"href":"http:\/\/www.apn.ostroleka.pl\/index.php?rest_route=%2Fwp%2Fv2%2Fmedia&parent=3666"}],"curies":[{"name":"wp","href":"https:\/\/api.w.org\/{rel}","templated":true}]}}